{"id":998,"date":"2020-12-11T12:08:50","date_gmt":"2020-12-11T11:08:50","guid":{"rendered":"https:\/\/geschenke.blogseite.com\/?post_type=product&#038;p=998"},"modified":"2022-04-06T08:48:38","modified_gmt":"2022-04-06T06:48:38","slug":"blumtal-waermflasche-mit-weichem-bezug-geschenk-oma-opa","status":"publish","type":"product","link":"https:\/\/www.blogseite.com\/geschenke\/s\/blumtal-waermflasche-mit-weichem-bezug-geschenk-oma-opa\/","title":{"rendered":"Blumtal W\u00e4rmflasche mit weichem Bezug: Geschenk Oma &#038; Opa"},"content":{"rendered":"<ul class=\"a-unordered-list a-vertical a-spacing-mini\">\n<li><span class=\"a-list-item\">SAMTWEICHER BEZUG: Die W\u00e4rmflasche mit flauschigem Bezug eignet sich f\u00fcr gem\u00fctliche Abende, als flauschige Bettflasche und sie ist ideal als Weihnachtsgeschenk geeignet.<\/span><\/li>\n<li><span class=\"a-list-item\">FREI VON SCHADSTOFFEN: Der W\u00e4rmflaschenbezug des Heizkissen ist schadstofffrei und eignet sich f\u00fcr Nacken und Schultern, als Baby-W\u00e4rmflasche, Kinder-W\u00e4rmflasche und f\u00fcr Erwachsene.<\/span><\/li>\n<li><span class=\"a-list-item\">TOLLE FARBEN &amp; GRO\u00dfES FASSUNGSVERM\u00d6GEN: In die W\u00e4rmeflasche passen 1,8 Liter. So kann sie besonders lange W\u00e4rme abgeben. Eine Anleitung zum richtigen Gebrauch des liegt bei.<\/span><\/li>\n<li><span class=\"a-list-item\">PERFEKTER W\u00c4RMEGRAD F\u00dcR MAXIMALEN KOMFORT: Die W\u00e4rmeflasche gibt besonders lange W\u00e4rme ab. Dank Bezug hat die hot water bottle immer den richtigen W\u00e4rmegrad.<\/span><\/li>\n<li><span class=\"a-list-item\">H\u00d6CHSTE QUALIT\u00c4TSANSPR\u00dcCHE: Die Qualit\u00e4t dieses Produktes entspricht deutschen Pr\u00fcfstandards und ist frei von Schadstoffen.<\/span><\/li>\n<\/ul>\n","protected":false},"excerpt":{"rendered":"<p>SAMTWEICHER BEZUG: Die W\u00e4rmflasche mit flauschigem Bezug eignet sich f\u00fcr gem\u00fctliche Abende, als flauschige Bettflasche und sie ist ideal als Weihnachtsgeschenk geeignet. FREI VON SCHADSTOFFEN: Der W\u00e4rmflaschenbezug des Heizkissen ist schadstofffrei und eignet sich f\u00fcr Nacken und Schultern, als Baby-W\u00e4rmflasche, Kinder-W\u00e4rmflasche und f\u00fcr Erwachsene. TOLLE FARBEN &amp; GRO\u00dfES FASSUNGSVERM\u00d6GEN: In die W\u00e4rmeflasche passen 1,8 Liter. [&hellip;]<\/p>\n","protected":false},"featured_media":999,"comment_status":"open","ping_status":"closed","template":"","meta":[],"product_cat":[58,57,426,429,431],"product_tag":[99,97,633],"class_list":{"0":"post-998","1":"product","2":"type-product","3":"status-publish","4":"has-post-thumbnail","6":"product_cat-opa","7":"product_cat-oma","8":"product_cat-nach-preis","9":"product_cat-unter-15-euro","10":"product_cat-unter-50-euro","11":"product_tag-geschenk-fuer-oma","12":"product_tag-geschenk-fuer-opa","13":"product_tag-wrmflasche","15":"first","16":"instock","17":"shipping-taxable","18":"product-type-external"},"_links":{"self":[{"href":"https:\/\/www.blogseite.com\/geschenke\/wp-json\/wp\/v2\/product\/998"}],"collection":[{"href":"https:\/\/www.blogseite.com\/geschenke\/wp-json\/wp\/v2\/product"}],"about":[{"href":"https:\/\/www.blogseite.com\/geschenke\/wp-json\/wp\/v2\/types\/product"}],"replies":[{"embeddable":true,"href":"https:\/\/www.blogseite.com\/geschenke\/wp-json\/wp\/v2\/comments?post=998"}],"wp:featuredmedia":[{"embeddable":true,"href":"https:\/\/www.blogseite.com\/geschenke\/wp-json\/wp\/v2\/media\/999"}],"wp:attachment":[{"href":"https:\/\/www.blogseite.com\/geschenke\/wp-json\/wp\/v2\/media?parent=998"}],"wp:term":[{"taxonomy":"product_cat","embeddable":true,"href":"https:\/\/www.blogseite.com\/geschenke\/wp-json\/wp\/v2\/product_cat?post=998"},{"taxonomy":"product_tag","embeddable":true,"href":"https:\/\/www.blogseite.com\/geschenke\/wp-json\/wp\/v2\/product_tag?post=998"}],"curies":[{"name":"wp","href":"https:\/\/api.w.org\/{rel}","templated":true}]}}