{"id":988,"date":"2020-12-11T11:44:51","date_gmt":"2020-12-11T10:44:51","guid":{"rendered":"https:\/\/geschenke.blogseite.com\/?post_type=product&#038;p=988"},"modified":"2022-04-06T08:50:40","modified_gmt":"2022-04-06T06:50:40","slug":"moonworks-kissen-bezug-fuer-den-opa-%f0%9f%91%a8%f0%9f%8f%bc%e2%80%8d%f0%9f%a6%b3","status":"publish","type":"product","link":"https:\/\/www.blogseite.com\/geschenke\/s\/moonworks-kissen-bezug-fuer-den-opa-%f0%9f%91%a8%f0%9f%8f%bc%e2%80%8d%f0%9f%a6%b3\/","title":{"rendered":"MoonWorks\u00ae Kissen-Bezug f\u00fcr den Opa! \ud83d\udc68\ud83c\udffc\u200d\ud83e\uddb3"},"content":{"rendered":"<ul class=\"a-unordered-list a-vertical a-spacing-mini\">\n<li><span class=\"a-list-item\">In Familien muss man seinen Platz auf der Couch immer wieder neu verteidigen. Mit unserem s\u00fc\u00dfen Kissen mit Faultier Print und Spruch wei\u00df in Zukunft jeder, f\u00fcr wen die Sofaecke reserviert ist. Das weltbeste Geschenk f\u00fcr alle Opas, Omas, Mamas und Papas!<\/span><\/li>\n<li><span class=\"a-list-item\">originelle Kissenh\u00fclle mit witzigem Faultier Motiv aus der aktuellen Moonworks Kollektion. Kissenbezug f\u00fcr Dekokissen, Zierkissen und Sofakissen &#8211; kreative Highlights f\u00fcr dein Wohnambiente. Auch mit Wunschnamen oder eigenem Namen personalsiert individuell gestalten.<\/span><\/li>\n<li><span class=\"a-list-item\">Aus 100% Baumwolle \u00fcberzeugt der Bezug mit einer weichen Haptik, ist pflegeleicht und hautfreundlich bei einer Waschbest\u00e4ndigkeit bis zu 30\u00b0<\/span><\/li>\n<li><span class=\"a-list-item\">Im Lieferumfang ist 1 Kissenbezug (ohne F\u00fcllung) enthalten<\/span><\/li>\n<li><span class=\"a-list-item\">Spare ganz einfach Versandkosten: mehrere Artikel kosteng\u00fcnstig kombinieren, nur einmal Versand zahlen! Weitere Artikel findest du in unserem H\u00e4ndlershop<\/span><\/li>\n<\/ul>\n","protected":false},"excerpt":{"rendered":"<p>In Familien muss man seinen Platz auf der Couch immer wieder neu verteidigen. Mit unserem s\u00fc\u00dfen Kissen mit Faultier Print und Spruch wei\u00df in Zukunft jeder, f\u00fcr wen die Sofaecke reserviert ist. Das weltbeste Geschenk f\u00fcr alle Opas, Omas, Mamas und Papas! originelle Kissenh\u00fclle mit witzigem Faultier Motiv aus der aktuellen Moonworks Kollektion. Kissenbezug f\u00fcr [&hellip;]<\/p>\n","protected":false},"featured_media":989,"comment_status":"open","ping_status":"closed","template":"","meta":[],"product_cat":[58,426,430,431],"product_tag":[97,503],"class_list":{"0":"post-988","1":"product","2":"type-product","3":"status-publish","4":"has-post-thumbnail","6":"product_cat-opa","7":"product_cat-nach-preis","8":"product_cat-unter-20-euro","9":"product_cat-unter-50-euro","10":"product_tag-geschenk-fuer-opa","11":"product_tag-kissen","13":"first","14":"instock","15":"shipping-taxable","16":"product-type-external"},"_links":{"self":[{"href":"https:\/\/www.blogseite.com\/geschenke\/wp-json\/wp\/v2\/product\/988"}],"collection":[{"href":"https:\/\/www.blogseite.com\/geschenke\/wp-json\/wp\/v2\/product"}],"about":[{"href":"https:\/\/www.blogseite.com\/geschenke\/wp-json\/wp\/v2\/types\/product"}],"replies":[{"embeddable":true,"href":"https:\/\/www.blogseite.com\/geschenke\/wp-json\/wp\/v2\/comments?post=988"}],"wp:featuredmedia":[{"embeddable":true,"href":"https:\/\/www.blogseite.com\/geschenke\/wp-json\/wp\/v2\/media\/989"}],"wp:attachment":[{"href":"https:\/\/www.blogseite.com\/geschenke\/wp-json\/wp\/v2\/media?parent=988"}],"wp:term":[{"taxonomy":"product_cat","embeddable":true,"href":"https:\/\/www.blogseite.com\/geschenke\/wp-json\/wp\/v2\/product_cat?post=988"},{"taxonomy":"product_tag","embeddable":true,"href":"https:\/\/www.blogseite.com\/geschenke\/wp-json\/wp\/v2\/product_tag?post=988"}],"curies":[{"name":"wp","href":"https:\/\/api.w.org\/{rel}","templated":true}]}}