{"id":979,"date":"2020-12-11T10:40:21","date_gmt":"2020-12-11T09:40:21","guid":{"rendered":"https:\/\/geschenke.blogseite.com\/?post_type=product&#038;p=979"},"modified":"2022-04-06T08:52:36","modified_gmt":"2022-04-06T06:52:36","slug":"nachtsichtbrille-blendschutz-nachtfahrbrille-hd-%f0%9f%98%8e","status":"publish","type":"product","link":"https:\/\/www.blogseite.com\/geschenke\/s\/nachtsichtbrille-blendschutz-nachtfahrbrille-hd-%f0%9f%98%8e\/","title":{"rendered":"Nachtsichtbrille Blendschutz Nachtfahrbrille HD \ud83d\ude0e"},"content":{"rendered":"<ul class=\"a-unordered-list a-vertical a-spacing-mini\">\n<li><span class=\"a-list-item\">nicht polarisiert<\/span><\/li>\n<li><span class=\"a-list-item\">Glasbreite: 6 cm<\/span><\/li>\n<li><span class=\"a-list-item\">Langlebig und komfortabel: Der Rahmen ist extrem flexibel, langlebig und leicht und damit das perfekte Material f\u00fcr Performance-Brillen. Diese Nachtsichtbrillen verursachen f\u00fcr Ihre Pupille, Netzhaut oder Ihr Auge im Allgemeinen keine Beschwerden. Leicht zu tragen und Fahrsicherheit an nebeligen oder regnerischen Tagen.<\/span><\/li>\n<li><span class=\"a-list-item\">HD-Brillengl\u00e4ser: HD-Gelbgl\u00e4ser reduzieren Nachtblendung und Augenbelastung, verbessern die Nachtsicht, verbessern die Farbklarheit und die visuelle Definition, reduzieren Blendung durch entgegenkommende Autoscheinwerfer oder scharfe Reflexionen. Diese speziellen Linsen lassen Farben und Objekte klarer erscheinen, sodass Sie jedes Detail der offenen Stra\u00dfe sehen k\u00f6nnen.<\/span><\/li>\n<li><span class=\"a-list-item\">Dedizierte Nachtsichtbrillen: Die Anti-Glare-Nachtbrillen sind f\u00fcr M\u00e4nner gedacht, die sicher nachts, beim Sport, im Freien oder bei Bew\u00f6lkung, bei Regen oder Nebel unterwegs sind, um das Fahren sicherer zu machen. HD-gelbe Nachtsichtlinsen k\u00f6nnen nachts etwa 20% der Blendung herausfiltern, wodurch die H\u00e4ufigkeit von Verkehrsunf\u00e4llen um 86% reduziert wird.<\/span><\/li>\n<\/ul>\n","protected":false},"excerpt":{"rendered":"<p>nicht polarisiert Glasbreite: 6 cm Langlebig und komfortabel: Der Rahmen ist extrem flexibel, langlebig und leicht und damit das perfekte Material f\u00fcr Performance-Brillen. Diese Nachtsichtbrillen verursachen f\u00fcr Ihre Pupille, Netzhaut oder Ihr Auge im Allgemeinen keine Beschwerden. Leicht zu tragen und Fahrsicherheit an nebeligen oder regnerischen Tagen. HD-Brillengl\u00e4ser: HD-Gelbgl\u00e4ser reduzieren Nachtblendung und Augenbelastung, verbessern die [&hellip;]<\/p>\n","protected":false},"featured_media":980,"comment_status":"open","ping_status":"closed","template":"","meta":[],"product_cat":[78,58,108,57,280,426,429,430,431,301,302,297,299,295,294,296,298,64],"product_tag":[635],"class_list":{"0":"post-979","1":"product","2":"type-product","3":"status-publish","4":"has-post-thumbnail","6":"product_cat-weihnachtsgeschenke","7":"product_cat-opa","8":"product_cat-maenner","9":"product_cat-oma","10":"product_cat-geburtstagsgeschenke","11":"product_cat-nach-preis","12":"product_cat-unter-15-euro","13":"product_cat-unter-20-euro","14":"product_cat-unter-50-euro","15":"product_cat-eltern","16":"product_cat--jungen","17":"product_cat--maedchen","18":"product_cat--chef","19":"product_cat--tochter","20":"product_cat--schwester","21":"product_cat--schwiegermutter","22":"product_cat--ehefrau","23":"product_cat-vater","24":"product_tag-nachtsichtbrille","26":"first","27":"instock","28":"shipping-taxable","29":"product-type-external"},"_links":{"self":[{"href":"https:\/\/www.blogseite.com\/geschenke\/wp-json\/wp\/v2\/product\/979"}],"collection":[{"href":"https:\/\/www.blogseite.com\/geschenke\/wp-json\/wp\/v2\/product"}],"about":[{"href":"https:\/\/www.blogseite.com\/geschenke\/wp-json\/wp\/v2\/types\/product"}],"replies":[{"embeddable":true,"href":"https:\/\/www.blogseite.com\/geschenke\/wp-json\/wp\/v2\/comments?post=979"}],"wp:featuredmedia":[{"embeddable":true,"href":"https:\/\/www.blogseite.com\/geschenke\/wp-json\/wp\/v2\/media\/980"}],"wp:attachment":[{"href":"https:\/\/www.blogseite.com\/geschenke\/wp-json\/wp\/v2\/media?parent=979"}],"wp:term":[{"taxonomy":"product_cat","embeddable":true,"href":"https:\/\/www.blogseite.com\/geschenke\/wp-json\/wp\/v2\/product_cat?post=979"},{"taxonomy":"product_tag","embeddable":true,"href":"https:\/\/www.blogseite.com\/geschenke\/wp-json\/wp\/v2\/product_tag?post=979"}],"curies":[{"name":"wp","href":"https:\/\/api.w.org\/{rel}","templated":true}]}}