{"id":948,"date":"2020-12-10T15:17:35","date_gmt":"2020-12-10T14:17:35","guid":{"rendered":"https:\/\/geschenke.blogseite.com\/?post_type=product&#038;p=948"},"modified":"2022-04-06T09:06:57","modified_gmt":"2022-04-06T07:06:57","slug":"omaa-schau-mal-%f0%9f%98%b2-cosy-fusswaermer-elektrische-fussheizung","status":"publish","type":"product","link":"https:\/\/www.blogseite.com\/geschenke\/s\/omaa-schau-mal-%f0%9f%98%b2-cosy-fusswaermer-elektrische-fussheizung\/","title":{"rendered":"Omaa schau mal! \ud83d\ude32 Cosy Fu\u00dfw\u00e4rmer, elektrische Fu\u00dfheizung"},"content":{"rendered":"<div id=\"featurebullets_feature_div\" class=\"celwidget\" data-feature-name=\"featurebullets\" data-csa-c-id=\"k7w6iy-2xba8u-rk2343-tg40ll\" data-cel-widget=\"featurebullets_feature_div\">\n<div id=\"feature-bullets\" class=\"a-section a-spacing-medium a-spacing-top-small\">\n<ul class=\"a-unordered-list a-vertical a-spacing-mini\">\n<li><span class=\"a-list-item\">Nie wieder kalte F\u00fc\u00dfe: Der elektrische Fu\u00dfw\u00e4rmer mit kuscheligem Innenfutter verw\u00f6hnt Ihre F\u00fc\u00dfe mit wohliger W\u00e4rme &#8211; ideal f\u00fcr den Winter<\/span><\/li>\n<li><span class=\"a-list-item\">Individuelle Temperaturregelung: Der Fu\u00dfsack verf\u00fcgt \u00fcber drei Temperaturstufen, welche Sie nach Belieben einstellen k\u00f6nnen. Die integrierte Schnellheizung sorgt in k\u00fcrzester Zeit f\u00fcr W\u00e4rme<\/span><\/li>\n<li><span class=\"a-list-item\">Sichere Anwendung: Durch die integrierte Abschaltautomatik schaltet sich der Fu\u00dfw\u00e4rmer ca. 90 Minuten nach Inbetriebnahme automatisch ab. Die Sensortechnik verhindert eine \u00dcberhitzung des Fu\u00dfw\u00e4rmers<\/span><\/li>\n<li><span class=\"a-list-item\">Auch f\u00fcr gro\u00dfe F\u00fc\u00dfe geeignet: Der kuschelige, \u00d6ko-Tex 100 zertifizierte Fu\u00dfheizsack passt bis Schuhgr\u00f6\u00dfe 47 EU \/ 12 UK<\/span><\/li>\n<li><span class=\"a-list-item\">Hygienische Reinigung: Das Innenfutter des Fu\u00dfw\u00e4rmers kann ganz einfach herausgenommen und bei 30\u00b0C in der Maschine gewaschen werden<\/span><\/li>\n<\/ul>\n<\/div>\n<\/div>\n<div id=\"edpIngress_feature_div\" class=\"celwidget\" data-feature-name=\"edpIngress\" data-csa-c-id=\"80r33h-n2v3ea-qdkbtp-e3obcv\" data-cel-widget=\"edpIngress_feature_div\"><\/div>\n","protected":false},"excerpt":{"rendered":"<p>Nie wieder kalte F\u00fc\u00dfe: Der elektrische Fu\u00dfw\u00e4rmer mit kuscheligem Innenfutter verw\u00f6hnt Ihre F\u00fc\u00dfe mit wohliger W\u00e4rme &#8211; ideal f\u00fcr den Winter Individuelle Temperaturregelung: Der Fu\u00dfsack verf\u00fcgt \u00fcber drei Temperaturstufen, welche Sie nach Belieben einstellen k\u00f6nnen. Die integrierte Schnellheizung sorgt in k\u00fcrzester Zeit f\u00fcr W\u00e4rme Sichere Anwendung: Durch die integrierte Abschaltautomatik schaltet sich der Fu\u00dfw\u00e4rmer ca. [&hellip;]<\/p>\n","protected":false},"featured_media":949,"comment_status":"open","ping_status":"closed","template":"","meta":[],"product_cat":[58,57,426,432,431],"product_tag":[649,283,284],"class_list":{"0":"post-948","1":"product","2":"type-product","3":"status-publish","4":"has-post-thumbnail","6":"product_cat-opa","7":"product_cat-oma","8":"product_cat-nach-preis","9":"product_cat-ueber-35-euro","10":"product_cat-unter-50-euro","11":"product_tag-fusswrmer","12":"product_tag-geschenk-oma","13":"product_tag-geschenk-opa","15":"first","16":"instock","17":"shipping-taxable","18":"product-type-external"},"_links":{"self":[{"href":"https:\/\/www.blogseite.com\/geschenke\/wp-json\/wp\/v2\/product\/948"}],"collection":[{"href":"https:\/\/www.blogseite.com\/geschenke\/wp-json\/wp\/v2\/product"}],"about":[{"href":"https:\/\/www.blogseite.com\/geschenke\/wp-json\/wp\/v2\/types\/product"}],"replies":[{"embeddable":true,"href":"https:\/\/www.blogseite.com\/geschenke\/wp-json\/wp\/v2\/comments?post=948"}],"wp:featuredmedia":[{"embeddable":true,"href":"https:\/\/www.blogseite.com\/geschenke\/wp-json\/wp\/v2\/media\/949"}],"wp:attachment":[{"href":"https:\/\/www.blogseite.com\/geschenke\/wp-json\/wp\/v2\/media?parent=948"}],"wp:term":[{"taxonomy":"product_cat","embeddable":true,"href":"https:\/\/www.blogseite.com\/geschenke\/wp-json\/wp\/v2\/product_cat?post=948"},{"taxonomy":"product_tag","embeddable":true,"href":"https:\/\/www.blogseite.com\/geschenke\/wp-json\/wp\/v2\/product_tag?post=948"}],"curies":[{"name":"wp","href":"https:\/\/api.w.org\/{rel}","templated":true}]}}