{"id":943,"date":"2020-12-10T14:54:00","date_gmt":"2020-12-10T13:54:00","guid":{"rendered":"https:\/\/geschenke.blogseite.com\/?post_type=product&#038;p=943"},"modified":"2022-04-06T09:08:01","modified_gmt":"2022-04-06T07:08:01","slug":"jaimie-jacobs-flap-boy-das-original","status":"publish","type":"product","link":"https:\/\/www.blogseite.com\/geschenke\/s\/jaimie-jacobs-flap-boy-das-original\/","title":{"rendered":"JAIMIE JACOBS Flap Boy &#8211; Das Original"},"content":{"rendered":"<ul class=\"a-unordered-list a-vertical a-spacing-mini\">\n<li><span class=\"a-list-item\">MAGIC TRICK: Unser Magic Wallet ist mit der innovativen Magic-Flap-Funktion ausgestattet. Sie legen Ihre Geldscheine einfach lose auf eine der Innenseiten in den Geldbeutel und schlie\u00dfen ihn. Beim Wieder\u00f6ffnen der magischen Geldb\u00f6rse sind die Geldscheine wie von Zauberhand sicher hinter den Gummib\u00e4ndern verstaut.<\/span><\/li>\n<li><span class=\"a-list-item\">HANDGEMACHT IN EUROPA: Unser edles Herren-Portemonnaie pr\u00e4sentiert sich in elegantem italienischem Glattleder. Unsere Leder werden pflanzlich gegerbt. Bei der pflanzlichen Gerbung werden nat\u00fcrlich Pflanzenstoffe als Gerbmittel und keine Chemikalien wie Chrome verwendet. Da alle unsere Produkte in Europa in hochwertiger Handarbeit gefertigt werden, wissen wir um die Qualit\u00e4t unserer Geldb\u00f6rsen und geben daher 3 Jahre Garantie.<\/span><\/li>\n<li><span class=\"a-list-item\">RFID-SCHUTZ: Die Schutz-Technologie ist in der Vorder- und R\u00fcckseite des Geldbeutels eingearbeitet und sch\u00fctzt alle Ihre Karten vor Datendiebstahl. Mittels RFID k\u00f6nnen Daten neuerer Reisep\u00e4sse, Personalausweise oder auch Kreditkarten kontaktlos ausgelesen werden. Unser RFID-Schutz ist T\u00dcV gepr\u00fcft und sch\u00fctzt Ihre Karten vor unbemerktem Auslesen.<\/span><\/li>\n<li><span class=\"a-list-item\">WIENER SCHACHTEL: Der Flap Boy verf\u00fcgt \u00fcber ein M\u00fcnzfach im raffiniertem Stil der Wiener Schachtel. Dieses Kleingeldfach fasst locker 20 M\u00fcnzen und l\u00e4sst dabei den Geldbeutel trotzdem noch relativ schlank aussehen. Das magische Portmonee wird in einer eleganten Geschenkbox geliefert und ist somit ein ideales Geschenk zu vielen Anl\u00e4ssen (Geburtstag, Ostern, Weihnachten, Vatertag, Valentinstag)<\/span><\/li>\n<li><span class=\"a-list-item\">DETAILS: Der Herren-Geldbeutel ist mit 3 Kreditkartenf\u00e4chern au\u00dfen und 2 Weiteren innen ausgestattet und bietet somit Platz f\u00fcr 5 bis maximal 10 Karten. Dank der \u00fcbersichtlichen F\u00e4cheraufteilung bewahren Sie stets den \u00dcberblick \u00fcber all Ihre Karten. Produktma\u00df betr\u00e4gt: 8cm x 1,5cm x 10cm.<\/span><\/li>\n<\/ul>\n","protected":false},"excerpt":{"rendered":"<p>MAGIC TRICK: Unser Magic Wallet ist mit der innovativen Magic-Flap-Funktion ausgestattet. Sie legen Ihre Geldscheine einfach lose auf eine der Innenseiten in den Geldbeutel und schlie\u00dfen ihn. Beim Wieder\u00f6ffnen der magischen Geldb\u00f6rse sind die Geldscheine wie von Zauberhand sicher hinter den Gummib\u00e4ndern verstaut. HANDGEMACHT IN EUROPA: Unser edles Herren-Portemonnaie pr\u00e4sentiert sich in elegantem italienischem Glattleder. [&hellip;]<\/p>\n","protected":false},"featured_media":944,"comment_status":"open","ping_status":"closed","template":"","meta":[],"product_cat":[78,74,110,58,54,108,280,426,432,433,293,301,292,300,299,64],"product_tag":[82,109,216],"class_list":{"0":"post-943","1":"product","2":"type-product","3":"status-publish","4":"has-post-thumbnail","6":"product_cat-weihnachtsgeschenke","7":"product_cat-bester-freund","8":"product_cat-freund","9":"product_cat-opa","10":"product_cat-vatertag","11":"product_cat-maenner","12":"product_cat-geburtstagsgeschenke","13":"product_cat-nach-preis","14":"product_cat-ueber-35-euro","15":"product_cat-ueber-40-euro","16":"product_cat-geschenk-fuer-bruder","17":"product_cat-eltern","18":"product_cat-sohn","19":"product_cat--kollege","20":"product_cat--chef","21":"product_cat-vater","22":"product_tag-geburtstagsgeschenk","23":"product_tag-geschenk-fuer-maenner","24":"product_tag-geschenk-fuer-weihnachten","26":"first","27":"instock","28":"shipping-taxable","29":"product-type-external"},"_links":{"self":[{"href":"https:\/\/www.blogseite.com\/geschenke\/wp-json\/wp\/v2\/product\/943"}],"collection":[{"href":"https:\/\/www.blogseite.com\/geschenke\/wp-json\/wp\/v2\/product"}],"about":[{"href":"https:\/\/www.blogseite.com\/geschenke\/wp-json\/wp\/v2\/types\/product"}],"replies":[{"embeddable":true,"href":"https:\/\/www.blogseite.com\/geschenke\/wp-json\/wp\/v2\/comments?post=943"}],"wp:featuredmedia":[{"embeddable":true,"href":"https:\/\/www.blogseite.com\/geschenke\/wp-json\/wp\/v2\/media\/944"}],"wp:attachment":[{"href":"https:\/\/www.blogseite.com\/geschenke\/wp-json\/wp\/v2\/media?parent=943"}],"wp:term":[{"taxonomy":"product_cat","embeddable":true,"href":"https:\/\/www.blogseite.com\/geschenke\/wp-json\/wp\/v2\/product_cat?post=943"},{"taxonomy":"product_tag","embeddable":true,"href":"https:\/\/www.blogseite.com\/geschenke\/wp-json\/wp\/v2\/product_tag?post=943"}],"curies":[{"name":"wp","href":"https:\/\/api.w.org\/{rel}","templated":true}]}}