{"id":929,"date":"2020-12-10T11:21:35","date_gmt":"2020-12-10T10:21:35","guid":{"rendered":"https:\/\/geschenke.blogseite.com\/?post_type=product&#038;p=929"},"modified":"2022-04-06T09:10:49","modified_gmt":"2022-04-06T07:10:49","slug":"gesichtsdampfer-gesichtssauna-gesicht-dampf-nano-ionic","status":"publish","type":"product","link":"https:\/\/www.blogseite.com\/geschenke\/s\/gesichtsdampfer-gesichtssauna-gesicht-dampf-nano-ionic\/","title":{"rendered":"Gesichtsdampfer, Gesichtssauna, Gesicht Dampf, Nano Ionic"},"content":{"rendered":"<ul class=\"a-unordered-list a-vertical a-spacing-mini\">\n<li><span class=\"a-list-item\">Befeuchten und erfrischen Sie Ihre Haut: Dieser Mini-Nano-Gesichts-Mister wird f\u00fcr Gesicht, K\u00f6rper, Haare und andere Positionen verwendet. Geeignet f\u00fcr alle Hauttypen. Perfekt, um Ihr Gesicht mit Feuchtigkeit zu versorgen und gesund zu halten. (Der Dampfgarer ist kalt spr\u00fchend, nicht hei\u00df. Das Produkt hat keine Heizfunktion. Die Produktfunktion besteht darin, das Gesicht mit Feuchtigkeit zu versorgen.)<\/span><\/li>\n<li><span class=\"a-list-item\">Einfach zu bedienen: Dr\u00fccken Sie den Schalter nach unten, dann dringen die kleinsten Nanometerpartikel in die Basalzellschicht der Haut ein. Eine Minute dauert aus, um die Haut zu verj\u00fcngen und mit Feuchtigkeit zu versorgen.<\/span><\/li>\n<li><span class=\"a-list-item\">Intelligentes Design: Entspricht dem Feuchtigkeitsprozess der Haut des menschlichen K\u00f6rpers. Jede Gesichts-Saunazeit betr\u00e4gt 30 Sekunden als Zyklus. Sie k\u00f6nnen einige Anpassungen zwischen den L\u00fccken vornehmen. Es hilft, verstopfte Poren zu vermeiden und Ihre Haut gr\u00fcndlich zu reinigen.<\/span><\/li>\n<li><span class=\"a-list-item\">Tragbares Design: Entworfen als Mini-Gr\u00f6\u00dfe in Ihrer Handtasche oder Tasche. Genie\u00dfen Sie die Gesichtssauna, egal wo Sie sind, im B\u00fcro, auf Fl\u00fcgen, im Freien, in der Umkleidekabine und so weiter. Es kommt auch mit einem praktischen Beutel.<\/span><\/li>\n<li><span class=\"a-list-item\">Mehrfachfunktion: Entfernt Schmutz, \u00d6l, andere Verunreinigungen und Make-up; Schmelzt tote Hautzellen weg; Aromatherapie; W\u00e4hrend Nano Dampf entspannt und Ihre Haut weich macht; tief feuchtigkeitsspendend zur Linderung von M\u00fcdigkeit; 30 s Spa-Gesichtsbehandlung; Wimpernverl\u00e4ngerung, Direct Skin Indulgence Treatment und so weiter.15,99<\/span><\/li>\n<\/ul>\n","protected":false},"excerpt":{"rendered":"<p>Befeuchten und erfrischen Sie Ihre Haut: Dieser Mini-Nano-Gesichts-Mister wird f\u00fcr Gesicht, K\u00f6rper, Haare und andere Positionen verwendet. Geeignet f\u00fcr alle Hauttypen. Perfekt, um Ihr Gesicht mit Feuchtigkeit zu versorgen und gesund zu halten. (Der Dampfgarer ist kalt spr\u00fchend, nicht hei\u00df. Das Produkt hat keine Heizfunktion. Die Produktfunktion besteht darin, das Gesicht mit Feuchtigkeit zu versorgen.) [&hellip;]<\/p>\n","protected":false},"featured_media":930,"comment_status":"open","ping_status":"closed","template":"","meta":[],"product_cat":[116,63,53,45,280,426,430,431,301,295,294,296,298],"product_tag":[82,113,100,643],"class_list":{"0":"post-929","1":"product","2":"type-product","3":"status-publish","4":"has-post-thumbnail","6":"product_cat-frauen","7":"product_cat-mutter","8":"product_cat-muttertag","9":"product_cat-freundin","10":"product_cat-geburtstagsgeschenke","11":"product_cat-nach-preis","12":"product_cat-unter-20-euro","13":"product_cat-unter-50-euro","14":"product_cat-eltern","15":"product_cat--tochter","16":"product_cat--schwester","17":"product_cat--schwiegermutter","18":"product_cat--ehefrau","19":"product_tag-geburtstagsgeschenk","20":"product_tag-geschenk-fuer-frauen","21":"product_tag-geschenk-fuer-mutter","22":"product_tag-gesichtssauna","24":"first","25":"instock","26":"shipping-taxable","27":"product-type-external"},"_links":{"self":[{"href":"https:\/\/www.blogseite.com\/geschenke\/wp-json\/wp\/v2\/product\/929"}],"collection":[{"href":"https:\/\/www.blogseite.com\/geschenke\/wp-json\/wp\/v2\/product"}],"about":[{"href":"https:\/\/www.blogseite.com\/geschenke\/wp-json\/wp\/v2\/types\/product"}],"replies":[{"embeddable":true,"href":"https:\/\/www.blogseite.com\/geschenke\/wp-json\/wp\/v2\/comments?post=929"}],"wp:featuredmedia":[{"embeddable":true,"href":"https:\/\/www.blogseite.com\/geschenke\/wp-json\/wp\/v2\/media\/930"}],"wp:attachment":[{"href":"https:\/\/www.blogseite.com\/geschenke\/wp-json\/wp\/v2\/media?parent=929"}],"wp:term":[{"taxonomy":"product_cat","embeddable":true,"href":"https:\/\/www.blogseite.com\/geschenke\/wp-json\/wp\/v2\/product_cat?post=929"},{"taxonomy":"product_tag","embeddable":true,"href":"https:\/\/www.blogseite.com\/geschenke\/wp-json\/wp\/v2\/product_tag?post=929"}],"curies":[{"name":"wp","href":"https:\/\/api.w.org\/{rel}","templated":true}]}}