{"id":9052,"date":"2022-08-28T18:42:02","date_gmt":"2022-08-28T16:42:02","guid":{"rendered":"https:\/\/www.blogseite.com\/geschenke\/?post_type=product&#038;p=9052"},"modified":"2022-09-23T17:48:23","modified_gmt":"2022-09-23T15:48:23","slug":"dreimeister-golddublonen-in-der-45er-holzkiste-kaufen-%f0%9f%98%9a","status":"publish","type":"product","link":"https:\/\/www.blogseite.com\/geschenke\/s\/dreimeister-golddublonen-in-der-45er-holzkiste-kaufen-%f0%9f%98%9a\/","title":{"rendered":"DreiMeister Golddublonen in der 45er Holzkiste kaufen \ud83d\ude1a"},"content":{"rendered":"<ul class=\"a-unordered-list a-vertical a-spacing-mini\">\n<li><span class=\"a-list-item\">45 SCHOKOLADENSCH\u00c4TZE &#8211; In der Schokolade-Holzbox finden Sie 45 k\u00f6stliche Schoko-Goldtaler aus ausgew\u00e4hlten Kakaoplantagen der Welt. Die Golddublonen haben einen Kakaogehalt von 34% bis 85%<\/span><\/li>\n<li><span class=\"a-list-item\">MIT LIEBE &amp; HANDARBEIT &#8211; Ausgew\u00e4hlte Zutaten in Kombination mit liebevoller Handarbeit sind das altbew\u00e4hrte DreiMeister Rezept f\u00fcr unsere Schoko-Taler &amp; all unsere anderen feinen S\u00fc\u00dfigkeiten<\/span><\/li>\n<li><span class=\"a-list-item\">6 K\u00d6STLICHE SORTEN &#8211; Die Variationen der Goldm\u00fcnzen-Schokolade erstrecken sich von zarten Vollmilchsorten bis hin zu herberen Zartbittersorten &#8211; So ist f\u00fcr jeden Genie\u00dfer das Richtige dabei<\/span><\/li>\n<li><span class=\"a-list-item\">S\u00dcSSE SACHEN, DIE FREUDE MACHEN &#8211; Zu jedem Anlass zaubert das Schokolade-Geschenk ein L\u00e4cheln ins Gesicht, denn DreiMeister Spezialit\u00e4ten verschenken hei\u00dft Liebe &amp; Genuss verschenken<\/span><\/li>\n<li><span class=\"a-list-item\">CONFISERIE SPEZIALIT\u00c4TEN SEIT 1973 &#8211; Als familiengef\u00fchrtes Traditionsunternehmern steht DreiMeister f\u00fcr kompromisslose Qualit\u00e4t, jahrzehntelange Erfahrung &amp; einzigartige Genussmomente<\/span><\/li>\n<\/ul>\n","protected":false},"excerpt":{"rendered":"<p>45 SCHOKOLADENSCH\u00c4TZE &#8211; In der Schokolade-Holzbox finden Sie 45 k\u00f6stliche Schoko-Goldtaler aus ausgew\u00e4hlten Kakaoplantagen der Welt. Die Golddublonen haben einen Kakaogehalt von 34% bis 85% MIT LIEBE &amp; HANDARBEIT &#8211; Ausgew\u00e4hlte Zutaten in Kombination mit liebevoller Handarbeit sind das altbew\u00e4hrte DreiMeister Rezept f\u00fcr unsere Schoko-Taler &amp; all unsere anderen feinen S\u00fc\u00dfigkeiten 6 K\u00d6STLICHE SORTEN &#8211; [&hellip;]<\/p>\n","protected":false},"featured_media":10384,"comment_status":"open","ping_status":"closed","template":"","meta":[],"product_cat":[78,746,103,74,110,54,116,63,45,108,73,1118,280,426,431,293,292,300,302,70,297,299,295,294,64],"product_tag":[992],"class_list":{"0":"post-9052","1":"product","2":"type-product","3":"status-publish","4":"has-post-thumbnail","6":"product_cat-weihnachtsgeschenke","7":"product_cat--fit-fuer-den-fruehling","8":"product_cat-studenten","9":"product_cat-bester-freund","10":"product_cat-freund","11":"product_cat-vatertag","12":"product_cat-frauen","13":"product_cat-mutter","14":"product_cat-freundin","15":"product_cat-maenner","16":"product_cat-beste-freundin","17":"product_cat--freundin","18":"product_cat-geburtstagsgeschenke","19":"product_cat-nach-preis","20":"product_cat-unter-50-euro","21":"product_cat-geschenk-fuer-bruder","22":"product_cat-sohn","23":"product_cat--kollege","24":"product_cat--jungen","25":"product_cat-geschenke-fuer-jeden-anlass","26":"product_cat--maedchen","27":"product_cat--chef","28":"product_cat--tochter","29":"product_cat--schwester","30":"product_cat-vater","31":"product_tag-schokolade","33":"first","34":"instock","35":"shipping-taxable","36":"product-type-external"},"_links":{"self":[{"href":"https:\/\/www.blogseite.com\/geschenke\/wp-json\/wp\/v2\/product\/9052"}],"collection":[{"href":"https:\/\/www.blogseite.com\/geschenke\/wp-json\/wp\/v2\/product"}],"about":[{"href":"https:\/\/www.blogseite.com\/geschenke\/wp-json\/wp\/v2\/types\/product"}],"replies":[{"embeddable":true,"href":"https:\/\/www.blogseite.com\/geschenke\/wp-json\/wp\/v2\/comments?post=9052"}],"wp:featuredmedia":[{"embeddable":true,"href":"https:\/\/www.blogseite.com\/geschenke\/wp-json\/wp\/v2\/media\/10384"}],"wp:attachment":[{"href":"https:\/\/www.blogseite.com\/geschenke\/wp-json\/wp\/v2\/media?parent=9052"}],"wp:term":[{"taxonomy":"product_cat","embeddable":true,"href":"https:\/\/www.blogseite.com\/geschenke\/wp-json\/wp\/v2\/product_cat?post=9052"},{"taxonomy":"product_tag","embeddable":true,"href":"https:\/\/www.blogseite.com\/geschenke\/wp-json\/wp\/v2\/product_tag?post=9052"}],"curies":[{"name":"wp","href":"https:\/\/api.w.org\/{rel}","templated":true}]}}