{"id":9036,"date":"2022-08-28T18:21:26","date_gmt":"2022-08-28T16:21:26","guid":{"rendered":"https:\/\/www.blogseite.com\/geschenke\/?post_type=product&#038;p=9036"},"modified":"2022-08-28T18:22:58","modified_gmt":"2022-08-28T16:22:58","slug":"ct-kaffee-geschenkset-bio-fair-trade-13-sorten-kaufen-%f0%9f%98%8a","status":"publish","type":"product","link":"https:\/\/www.blogseite.com\/geschenke\/s\/ct-kaffee-geschenkset-bio-fair-trade-13-sorten-kaufen-%f0%9f%98%8a\/","title":{"rendered":"C&#038;T Kaffee-Geschenkset Bio Fair-Trade 13 Sorten kaufen \ud83d\ude0a"},"content":{"rendered":"<ul class=\"a-unordered-list a-vertical a-spacing-mini\">\n<li><span class=\"a-list-item\">\u2705Mit 7 Hochland Gourmet-Kaffees aus \u00f6kologischem Anbau, 5 Fair gehandelten Kaffees, Info-Brosch\u00fcre gratis<\/span><\/li>\n<li><span class=\"a-list-item\">\u2705Erh\u00e4ltlich als ganze Kaffeebohnen oder frisch gemahlen. Perfekt geeignet f\u00fcr Cafe Crema, Filterkaffee, French Press, Aeropress, Kaffee-Vollautomat oder Handfilter<\/span><\/li>\n<li><span class=\"a-list-item\">\u2705Sorgf\u00e4ltig in kleinen Chargen veredelte R\u00f6stkaffee-Bohnen (gemahlen) aus eigener R\u00f6sterei, luft-dicht verpackt. S\u00e4urearm<\/span><\/li>\n<li><span class=\"a-list-item\">\u2705Ideale Geschenkidee f\u00fcr Genie\u00dfer und Gourmets: t\u00e4glich frische R\u00f6stung feinster, nachhaltig angebauter, Arabica-Bohnen in hauseigener R\u00f6sterei<\/span><\/li>\n<li><span class=\"a-list-item\">\u2705Verpackt im edlen, wiederverwendbaren Geschenkkarton mit Holzwolle \u2013 komplett recyclebar. Geeignet f\u00fcr jede Art der Zubereitung. Alle Sorten auch einzeln zum Nachkaufen erh\u00e4ltlich H\/B\/T 9\/41\/24cm<\/span><\/li>\n<\/ul>\n","protected":false},"excerpt":{"rendered":"<p>\u2705Mit 7 Hochland Gourmet-Kaffees aus \u00f6kologischem Anbau, 5 Fair gehandelten Kaffees, Info-Brosch\u00fcre gratis \u2705Erh\u00e4ltlich als ganze Kaffeebohnen oder frisch gemahlen. Perfekt geeignet f\u00fcr Cafe Crema, Filterkaffee, French Press, Aeropress, Kaffee-Vollautomat oder Handfilter \u2705Sorgf\u00e4ltig in kleinen Chargen veredelte R\u00f6stkaffee-Bohnen (gemahlen) aus eigener R\u00f6sterei, luft-dicht verpackt. S\u00e4urearm \u2705Ideale Geschenkidee f\u00fcr Genie\u00dfer und Gourmets: t\u00e4glich frische R\u00f6stung feinster, [&hellip;]<\/p>\n","protected":false},"featured_media":9037,"comment_status":"open","ping_status":"closed","template":"","meta":[],"product_cat":[78,746,103,74,110,54,116,63,45,108,73,1118,280,426,431,293,292,300,302,70,297,299,295,294,64],"product_tag":[868,1667],"class_list":{"0":"post-9036","1":"product","2":"type-product","3":"status-publish","4":"has-post-thumbnail","6":"product_cat-weihnachtsgeschenke","7":"product_cat--fit-fuer-den-fruehling","8":"product_cat-studenten","9":"product_cat-bester-freund","10":"product_cat-freund","11":"product_cat-vatertag","12":"product_cat-frauen","13":"product_cat-mutter","14":"product_cat-freundin","15":"product_cat-maenner","16":"product_cat-beste-freundin","17":"product_cat--freundin","18":"product_cat-geburtstagsgeschenke","19":"product_cat-nach-preis","20":"product_cat-unter-50-euro","21":"product_cat-geschenk-fuer-bruder","22":"product_cat-sohn","23":"product_cat--kollege","24":"product_cat--jungen","25":"product_cat-geschenke-fuer-jeden-anlass","26":"product_cat--maedchen","27":"product_cat--chef","28":"product_cat--tochter","29":"product_cat--schwester","30":"product_cat-vater","31":"product_tag-kaffee","32":"product_tag-kaffee-geschenk","34":"first","35":"instock","36":"shipping-taxable","37":"product-type-external"},"_links":{"self":[{"href":"https:\/\/www.blogseite.com\/geschenke\/wp-json\/wp\/v2\/product\/9036"}],"collection":[{"href":"https:\/\/www.blogseite.com\/geschenke\/wp-json\/wp\/v2\/product"}],"about":[{"href":"https:\/\/www.blogseite.com\/geschenke\/wp-json\/wp\/v2\/types\/product"}],"replies":[{"embeddable":true,"href":"https:\/\/www.blogseite.com\/geschenke\/wp-json\/wp\/v2\/comments?post=9036"}],"wp:featuredmedia":[{"embeddable":true,"href":"https:\/\/www.blogseite.com\/geschenke\/wp-json\/wp\/v2\/media\/9037"}],"wp:attachment":[{"href":"https:\/\/www.blogseite.com\/geschenke\/wp-json\/wp\/v2\/media?parent=9036"}],"wp:term":[{"taxonomy":"product_cat","embeddable":true,"href":"https:\/\/www.blogseite.com\/geschenke\/wp-json\/wp\/v2\/product_cat?post=9036"},{"taxonomy":"product_tag","embeddable":true,"href":"https:\/\/www.blogseite.com\/geschenke\/wp-json\/wp\/v2\/product_tag?post=9036"}],"curies":[{"name":"wp","href":"https:\/\/api.w.org\/{rel}","templated":true}]}}