{"id":9018,"date":"2022-08-28T17:52:52","date_gmt":"2022-08-28T15:52:52","guid":{"rendered":"https:\/\/www.blogseite.com\/geschenke\/?post_type=product&#038;p=9018"},"modified":"2022-08-28T17:54:00","modified_gmt":"2022-08-28T15:54:00","slug":"berserker-coffee-kaffeebohnen-extra-stark-kaufen-%f0%9f%a4%af","status":"publish","type":"product","link":"https:\/\/www.blogseite.com\/geschenke\/s\/berserker-coffee-kaffeebohnen-extra-stark-kaufen-%f0%9f%a4%af\/","title":{"rendered":"BERSERKER COFFEE\u00ae Kaffeebohnen extra stark kaufen \ud83e\udd2f"},"content":{"rendered":"<ul class=\"a-unordered-list a-vertical a-spacing-mini\">\n<li><span class=\"a-list-item\">STARK. ST\u00c4RKER. BERSERKER.: Mit laborbest\u00e4tigten 237 mg Koffein auf 100 ml Kaffee enth\u00e4lt Berserker Coffee die 8-fache Koffeindosis eines Energydrinks.<\/span><\/li>\n<li><span class=\"a-list-item\">HANDWERKSQUALIT\u00c4T STATT MASSENWARE: 100% doppelt handverlesener, \u00f6kologisch angebauter Premium-Robusta in schonender Langzeit-Trommelr\u00f6stung zur Perfektion ger\u00f6stet. Handwerk wie vor 100 Jahren.<\/span><\/li>\n<li><span class=\"a-list-item\">STARK, JEDOCH NIEMALS BITTER: Verw\u00f6hne deine Geschmacksnerven mit satten Aromen von fein-herber Schokolade. Feinste Rohkaffees und die schonende, langsame Trommelr\u00f6stung bei niedrigen Temperaturen sorgen f\u00fcr magenfreundlichen Kaffeegenuss, den du nie wieder vermissen m\u00f6chtest.<\/span><\/li>\n<li><span class=\"a-list-item\">ORGANISCHER ANBAU: Wir betreiben keinen Raubbau an unserer Natur und beziehen unsere Rohkaffees von kleinen, inhabergef\u00fchrten Plantagen, die h\u00f6chste soziale und \u00f6kologische Standards einhalten.<\/span><\/li>\n<li><span class=\"a-list-item\">OHNE RISIKO PROBIEREN: Berserker Coffee kommt mit der Empfehlung tausender gl\u00fccklicher Kunden, die nicht genug von unserem schwarzen Gold bekommen k\u00f6nnen. Jedoch sollst alleine du \u00fcber uns richten. Wenn Berserker Coffee nicht der st\u00e4rkste Kaffee ist, den du jemals getrunken hast, dann erstatten wir dir deine Bestellung zur\u00fcck.<\/span><\/li>\n<\/ul>\n","protected":false},"excerpt":{"rendered":"<p>STARK. ST\u00c4RKER. BERSERKER.: Mit laborbest\u00e4tigten 237 mg Koffein auf 100 ml Kaffee enth\u00e4lt Berserker Coffee die 8-fache Koffeindosis eines Energydrinks. HANDWERKSQUALIT\u00c4T STATT MASSENWARE: 100% doppelt handverlesener, \u00f6kologisch angebauter Premium-Robusta in schonender Langzeit-Trommelr\u00f6stung zur Perfektion ger\u00f6stet. Handwerk wie vor 100 Jahren. STARK, JEDOCH NIEMALS BITTER: Verw\u00f6hne deine Geschmacksnerven mit satten Aromen von fein-herber Schokolade. Feinste Rohkaffees [&hellip;]<\/p>\n","protected":false},"featured_media":9019,"comment_status":"open","ping_status":"closed","template":"","meta":[],"product_cat":[78,746,103,74,110,54,116,63,45,108,73,1118,280,426,431,293,292,300,302,70,297,299,295,294,64],"product_tag":[868,1667,1668],"class_list":{"0":"post-9018","1":"product","2":"type-product","3":"status-publish","4":"has-post-thumbnail","6":"product_cat-weihnachtsgeschenke","7":"product_cat--fit-fuer-den-fruehling","8":"product_cat-studenten","9":"product_cat-bester-freund","10":"product_cat-freund","11":"product_cat-vatertag","12":"product_cat-frauen","13":"product_cat-mutter","14":"product_cat-freundin","15":"product_cat-maenner","16":"product_cat-beste-freundin","17":"product_cat--freundin","18":"product_cat-geburtstagsgeschenke","19":"product_cat-nach-preis","20":"product_cat-unter-50-euro","21":"product_cat-geschenk-fuer-bruder","22":"product_cat-sohn","23":"product_cat--kollege","24":"product_cat--jungen","25":"product_cat-geschenke-fuer-jeden-anlass","26":"product_cat--maedchen","27":"product_cat--chef","28":"product_cat--tochter","29":"product_cat--schwester","30":"product_cat-vater","31":"product_tag-kaffee","32":"product_tag-kaffee-geschenk","33":"product_tag-kaffeekapseln","35":"first","36":"instock","37":"shipping-taxable","38":"product-type-external"},"_links":{"self":[{"href":"https:\/\/www.blogseite.com\/geschenke\/wp-json\/wp\/v2\/product\/9018"}],"collection":[{"href":"https:\/\/www.blogseite.com\/geschenke\/wp-json\/wp\/v2\/product"}],"about":[{"href":"https:\/\/www.blogseite.com\/geschenke\/wp-json\/wp\/v2\/types\/product"}],"replies":[{"embeddable":true,"href":"https:\/\/www.blogseite.com\/geschenke\/wp-json\/wp\/v2\/comments?post=9018"}],"wp:featuredmedia":[{"embeddable":true,"href":"https:\/\/www.blogseite.com\/geschenke\/wp-json\/wp\/v2\/media\/9019"}],"wp:attachment":[{"href":"https:\/\/www.blogseite.com\/geschenke\/wp-json\/wp\/v2\/media?parent=9018"}],"wp:term":[{"taxonomy":"product_cat","embeddable":true,"href":"https:\/\/www.blogseite.com\/geschenke\/wp-json\/wp\/v2\/product_cat?post=9018"},{"taxonomy":"product_tag","embeddable":true,"href":"https:\/\/www.blogseite.com\/geschenke\/wp-json\/wp\/v2\/product_tag?post=9018"}],"curies":[{"name":"wp","href":"https:\/\/api.w.org\/{rel}","templated":true}]}}