{"id":9012,"date":"2022-08-28T11:19:09","date_gmt":"2022-08-28T09:19:09","guid":{"rendered":"https:\/\/www.blogseite.com\/geschenke\/?post_type=product&#038;p=9012"},"modified":"2022-08-28T11:21:34","modified_gmt":"2022-08-28T09:21:34","slug":"origeens-bio-kaffeebohnen-1kg-kaufen-%f0%9f%98%83","status":"publish","type":"product","link":"https:\/\/www.blogseite.com\/geschenke\/s\/origeens-bio-kaffeebohnen-1kg-kaufen-%f0%9f%98%83\/","title":{"rendered":"ORIGEENS BIO Kaffeebohnen 1kg kaufen \ud83d\ude03"},"content":{"rendered":"<ul class=\"a-unordered-list a-vertical a-spacing-mini\">\n<li><span class=\"a-list-item\">\ud83c\udf31 BIO BOHNENKAFFEE &#8211; Die Origeens Kaffeebohne ist zertifiziert biologisch : Der Anbau der Bohnen geschah ganz ohne chemische Produkte aus Respekt zu ihrer Beschaffenheit und der Natur. Probieren Sie einen Kaffee mit bewahrtem Geschmack und Duft.<\/span><\/li>\n<li><span class=\"a-list-item\">\ud83c\udf3f SINGLE ORIGIN KAFFEE PERU &#8211; Dieser Bohnenkaffee ist ein Sortenreiner Kaffee aus Peru 100% Arabica mit Aromen von Milchschokolade und Haseln\u00fcsse, die von Noten von reifen Fr\u00fcchten gest\u00fctzt werden.<\/span><\/li>\n<li><span class=\"a-list-item\">\ud83c\udf31 TRADITIONELLE ITALENISCHE R\u00d6STUNG \u2013 Die Bohnen wurden traditionell durch unsere italienische R\u00f6sterei auf die langsame Art (20min) ger\u00f6stet, um alle Geschm\u00e4cker zu sch\u00fctzen.<\/span><\/li>\n<li><span class=\"a-list-item\">\ud83c\udf3f F\u00dcR ALLE KAFFEEMASCHINEN &#8211; Unser Kaffee wurde entwickelt um einen sch\u00f6nen Schaum und einen langen Abgang zu gew\u00e4hrleisten. Dies macht ihn zum Freund aller Arten von Kaffeemaschinen: Vollautomat, Espresso, Italienisch, French Press, Filter<\/span><\/li>\n<li><span class=\"a-list-item\">\ud83c\udf31 GARANTIERTE FRISCHE &#8211; Um eine optimale Konservierung zu gew\u00e4hrleisten, wurde unser frisch ger\u00f6steter Kaffee in einen wiederverschlie\u00dfbaren Beutel mit einem Frische Ventil verpackt. So werden auch nach dem \u00d6ffnen der Packung alle Aromen erhalten. Probieren Sie den Unterschied zu gemahlenen Kaffee\u2026 und lassen Sie sich es schmecken!<\/span><\/li>\n<\/ul>\n","protected":false},"excerpt":{"rendered":"<p>\ud83c\udf31 BIO BOHNENKAFFEE &#8211; Die Origeens Kaffeebohne ist zertifiziert biologisch : Der Anbau der Bohnen geschah ganz ohne chemische Produkte aus Respekt zu ihrer Beschaffenheit und der Natur. Probieren Sie einen Kaffee mit bewahrtem Geschmack und Duft. \ud83c\udf3f SINGLE ORIGIN KAFFEE PERU &#8211; Dieser Bohnenkaffee ist ein Sortenreiner Kaffee aus Peru 100% Arabica mit Aromen [&hellip;]<\/p>\n","protected":false},"featured_media":9013,"comment_status":"open","ping_status":"closed","template":"","meta":[],"product_cat":[78,746,103,74,110,54,116,63,45,108,73,1118,280,426,431,293,292,300,302,70,297,299,295,294,64],"product_tag":[868,1667],"class_list":{"0":"post-9012","1":"product","2":"type-product","3":"status-publish","4":"has-post-thumbnail","6":"product_cat-weihnachtsgeschenke","7":"product_cat--fit-fuer-den-fruehling","8":"product_cat-studenten","9":"product_cat-bester-freund","10":"product_cat-freund","11":"product_cat-vatertag","12":"product_cat-frauen","13":"product_cat-mutter","14":"product_cat-freundin","15":"product_cat-maenner","16":"product_cat-beste-freundin","17":"product_cat--freundin","18":"product_cat-geburtstagsgeschenke","19":"product_cat-nach-preis","20":"product_cat-unter-50-euro","21":"product_cat-geschenk-fuer-bruder","22":"product_cat-sohn","23":"product_cat--kollege","24":"product_cat--jungen","25":"product_cat-geschenke-fuer-jeden-anlass","26":"product_cat--maedchen","27":"product_cat--chef","28":"product_cat--tochter","29":"product_cat--schwester","30":"product_cat-vater","31":"product_tag-kaffee","32":"product_tag-kaffee-geschenk","34":"first","35":"instock","36":"shipping-taxable","37":"product-type-external"},"_links":{"self":[{"href":"https:\/\/www.blogseite.com\/geschenke\/wp-json\/wp\/v2\/product\/9012"}],"collection":[{"href":"https:\/\/www.blogseite.com\/geschenke\/wp-json\/wp\/v2\/product"}],"about":[{"href":"https:\/\/www.blogseite.com\/geschenke\/wp-json\/wp\/v2\/types\/product"}],"replies":[{"embeddable":true,"href":"https:\/\/www.blogseite.com\/geschenke\/wp-json\/wp\/v2\/comments?post=9012"}],"wp:featuredmedia":[{"embeddable":true,"href":"https:\/\/www.blogseite.com\/geschenke\/wp-json\/wp\/v2\/media\/9013"}],"wp:attachment":[{"href":"https:\/\/www.blogseite.com\/geschenke\/wp-json\/wp\/v2\/media?parent=9012"}],"wp:term":[{"taxonomy":"product_cat","embeddable":true,"href":"https:\/\/www.blogseite.com\/geschenke\/wp-json\/wp\/v2\/product_cat?post=9012"},{"taxonomy":"product_tag","embeddable":true,"href":"https:\/\/www.blogseite.com\/geschenke\/wp-json\/wp\/v2\/product_tag?post=9012"}],"curies":[{"name":"wp","href":"https:\/\/api.w.org\/{rel}","templated":true}]}}