{"id":8992,"date":"2022-08-27T22:16:32","date_gmt":"2022-08-27T20:16:32","guid":{"rendered":"https:\/\/www.blogseite.com\/geschenke\/?post_type=product&#038;p=8992"},"modified":"2022-08-27T22:17:54","modified_gmt":"2022-08-27T20:17:54","slug":"origeens-bio-kaffeebohnen-probierset-1kg-kaufen-%f0%9f%98%98","status":"publish","type":"product","link":"https:\/\/www.blogseite.com\/geschenke\/s\/origeens-bio-kaffeebohnen-probierset-1kg-kaufen-%f0%9f%98%98\/","title":{"rendered":"ORIGEENS Bio Kaffeebohnen Probierset 1kg kaufen \ud83d\ude18"},"content":{"rendered":"<ul class=\"a-unordered-list a-vertical a-spacing-mini\">\n<li><span class=\"a-list-item\">\ud83c\udf31 BIO KAFFEE BOHNEN \u2013 Die Origeens Kaffeebohne ist zertifiziert biologisch : Der Anbau der Bohnen geschah ganz ohne chemische Produkte aus Respekt zu ihrer Beschaffenheit und der Natur. Probieren Sie einen Kaffee mit bewahrtem Geschmack und Duft.<\/span><\/li>\n<li><span class=\"a-list-item\">\ud83c\udf3f KAFFEE SET LATEINAMERIKA \u2013 Dieses Probierpacket besteht aus 4 Bohnenkaffee Sorten, 100% Arabica, um Sie auf eine Reise ins Herz Lateinamerikas mitzunehmen: 3 sortenreine Kaffees (Brasilien, Kolumbien, Mexiko) und 1 Blend aus 3 Herk\u00fcnften, um Ihnen eine Palette an Geschm\u00e4ckern und verschiedenen St\u00e4rken anbieten zu k\u00f6nnen. Ein tolles Geschenkset f\u00fcr Kaffeeliebhaber!<\/span><\/li>\n<li><span class=\"a-list-item\">\ud83c\udf31 TRADITIONNELLE ITALIENISCHE R\u00d6STUNG \u2013 Die Bohnen wurden in unserer italienischen R\u00f6sterei langsam von Hand ger\u00f6stet (20 Min), dies erlaubt den Geschmack zu wahren und Ihre Geschmacksknospen mit Aromen von Haseln\u00fcssen und Trockenfr\u00fcchten zu entz\u00fccken<\/span><\/li>\n<li><span class=\"a-list-item\">\ud83c\udf3f F\u00dcR ALLE KAFFEEMASCHINEN \u2013 Unser Kaffee wurde entwickelt um einen sch\u00f6nen Schaum und einen langen Abgang gew\u00e4hrzuleisten, welche er Ihnen zum Freund f\u00fcr alle Arten von Maschinen machen: Vollautomat, Espresso, Italienisch, French Press, Filter<\/span><\/li>\n<li><span class=\"a-list-item\">\ud83c\udf31 GARANTIERTE FRISCHE \u2013 Um eine optimale Konservierung zu gew\u00e4hrleisten, wurde unser frisch ger\u00f6steter Kaffee in einen wiederverschlie\u00dfbaren Beutel mit einem Frische Ventil verpackt. So werden auch nach dem \u00d6ffnen der Packung alle Aromen erhalten. Lassen Sie sich es schmecken!<\/span><\/li>\n<\/ul>\n","protected":false},"excerpt":{"rendered":"<p>\ud83c\udf31 BIO KAFFEE BOHNEN \u2013 Die Origeens Kaffeebohne ist zertifiziert biologisch : Der Anbau der Bohnen geschah ganz ohne chemische Produkte aus Respekt zu ihrer Beschaffenheit und der Natur. Probieren Sie einen Kaffee mit bewahrtem Geschmack und Duft. \ud83c\udf3f KAFFEE SET LATEINAMERIKA \u2013 Dieses Probierpacket besteht aus 4 Bohnenkaffee Sorten, 100% Arabica, um Sie auf [&hellip;]<\/p>\n","protected":false},"featured_media":8993,"comment_status":"open","ping_status":"closed","template":"","meta":[],"product_cat":[78,746,103,74,110,54,116,63,45,108,73,1118,280,426,431,293,292,300,302,70,297,299,295,294,64],"product_tag":[868],"class_list":{"0":"post-8992","1":"product","2":"type-product","3":"status-publish","4":"has-post-thumbnail","6":"product_cat-weihnachtsgeschenke","7":"product_cat--fit-fuer-den-fruehling","8":"product_cat-studenten","9":"product_cat-bester-freund","10":"product_cat-freund","11":"product_cat-vatertag","12":"product_cat-frauen","13":"product_cat-mutter","14":"product_cat-freundin","15":"product_cat-maenner","16":"product_cat-beste-freundin","17":"product_cat--freundin","18":"product_cat-geburtstagsgeschenke","19":"product_cat-nach-preis","20":"product_cat-unter-50-euro","21":"product_cat-geschenk-fuer-bruder","22":"product_cat-sohn","23":"product_cat--kollege","24":"product_cat--jungen","25":"product_cat-geschenke-fuer-jeden-anlass","26":"product_cat--maedchen","27":"product_cat--chef","28":"product_cat--tochter","29":"product_cat--schwester","30":"product_cat-vater","31":"product_tag-kaffee","33":"first","34":"instock","35":"shipping-taxable","36":"product-type-external"},"_links":{"self":[{"href":"https:\/\/www.blogseite.com\/geschenke\/wp-json\/wp\/v2\/product\/8992"}],"collection":[{"href":"https:\/\/www.blogseite.com\/geschenke\/wp-json\/wp\/v2\/product"}],"about":[{"href":"https:\/\/www.blogseite.com\/geschenke\/wp-json\/wp\/v2\/types\/product"}],"replies":[{"embeddable":true,"href":"https:\/\/www.blogseite.com\/geschenke\/wp-json\/wp\/v2\/comments?post=8992"}],"wp:featuredmedia":[{"embeddable":true,"href":"https:\/\/www.blogseite.com\/geschenke\/wp-json\/wp\/v2\/media\/8993"}],"wp:attachment":[{"href":"https:\/\/www.blogseite.com\/geschenke\/wp-json\/wp\/v2\/media?parent=8992"}],"wp:term":[{"taxonomy":"product_cat","embeddable":true,"href":"https:\/\/www.blogseite.com\/geschenke\/wp-json\/wp\/v2\/product_cat?post=8992"},{"taxonomy":"product_tag","embeddable":true,"href":"https:\/\/www.blogseite.com\/geschenke\/wp-json\/wp\/v2\/product_tag?post=8992"}],"curies":[{"name":"wp","href":"https:\/\/api.w.org\/{rel}","templated":true}]}}