{"id":8990,"date":"2022-08-27T22:13:38","date_gmt":"2022-08-27T20:13:38","guid":{"rendered":"https:\/\/www.blogseite.com\/geschenke\/?post_type=product&#038;p=8990"},"modified":"2022-08-27T22:15:08","modified_gmt":"2022-08-27T20:15:08","slug":"navaris-kapselhalter-aufbewahrungsbox-kaufen-%f0%9f%98%9a","status":"publish","type":"product","link":"https:\/\/www.blogseite.com\/geschenke\/s\/navaris-kapselhalter-aufbewahrungsbox-kaufen-%f0%9f%98%9a\/","title":{"rendered":"Navaris Kapselhalter Aufbewahrungsbox kaufen \ud83d\ude1a"},"content":{"rendered":"<ul class=\"a-unordered-list a-vertical a-spacing-mini\">\n<li><span class=\"a-list-item\">COFFEE HOUR: Du hast eine Kaffeemaschine mit Kapseln? Bringe Ordnung in Deine Auswahl mit der Schubladenbox von Navaris. 3 Schubladen bieten Platz f\u00fcr 48 Nespresso-Kapseln, 42 CBTL-Kapseln, 36 K-Tassen oder Kapseln von Verismo.<\/span><\/li>\n<li><span class=\"a-list-item\">SIMPEL &amp; MODERN: Edle Metallgriffe runden den Design Kapselbeh\u00e4lter optisch ab und machen ihn zu einem Hingucker in K\u00fcche oder Esszimmer.<\/span><\/li>\n<li><span class=\"a-list-item\">DETAILS KAPSELHALTERUNG: Du bekommst einen Beh\u00e4lter mit drei Schubladen f\u00fcr Kaffeekapseln \/ Material: Kunststoff \/ Abma\u00dfe: 34,2 x 6,5 x 32,5 cm \/ eine Montage ist nicht erforderlich \/ wird ohne Kapseln f\u00fcr Kaffee geliefert<\/span><\/li>\n<li><span class=\"a-list-item\">SMARTE KAPSELAUFBEWAHRUNG: Der schicke Kapselst\u00e4nder kann als Unterlage f\u00fcr Deine Maschine dienen und nimmt somit kaum zus\u00e4tzlich Platz weg. Eine Kapsel Box zum Platz sparen!<\/span><\/li>\n<li><span class=\"a-list-item\">REINIGUNG KAPSELSCHUBLADE: Sauber wird der Halter ganz einfach mit einem feuchten Tuch.<\/span><\/li>\n<\/ul>\n","protected":false},"excerpt":{"rendered":"<p>COFFEE HOUR: Du hast eine Kaffeemaschine mit Kapseln? Bringe Ordnung in Deine Auswahl mit der Schubladenbox von Navaris. 3 Schubladen bieten Platz f\u00fcr 48 Nespresso-Kapseln, 42 CBTL-Kapseln, 36 K-Tassen oder Kapseln von Verismo. SIMPEL &amp; MODERN: Edle Metallgriffe runden den Design Kapselbeh\u00e4lter optisch ab und machen ihn zu einem Hingucker in K\u00fcche oder Esszimmer. DETAILS [&hellip;]<\/p>\n","protected":false},"featured_media":8991,"comment_status":"open","ping_status":"closed","template":"","meta":[],"product_cat":[78,746,103,74,110,54,116,63,45,108,73,1118,280,426,431,293,292,300,302,70,297,299,295,294,64],"product_tag":[868],"class_list":{"0":"post-8990","1":"product","2":"type-product","3":"status-publish","4":"has-post-thumbnail","6":"product_cat-weihnachtsgeschenke","7":"product_cat--fit-fuer-den-fruehling","8":"product_cat-studenten","9":"product_cat-bester-freund","10":"product_cat-freund","11":"product_cat-vatertag","12":"product_cat-frauen","13":"product_cat-mutter","14":"product_cat-freundin","15":"product_cat-maenner","16":"product_cat-beste-freundin","17":"product_cat--freundin","18":"product_cat-geburtstagsgeschenke","19":"product_cat-nach-preis","20":"product_cat-unter-50-euro","21":"product_cat-geschenk-fuer-bruder","22":"product_cat-sohn","23":"product_cat--kollege","24":"product_cat--jungen","25":"product_cat-geschenke-fuer-jeden-anlass","26":"product_cat--maedchen","27":"product_cat--chef","28":"product_cat--tochter","29":"product_cat--schwester","30":"product_cat-vater","31":"product_tag-kaffee","33":"first","34":"instock","35":"shipping-taxable","36":"product-type-external"},"_links":{"self":[{"href":"https:\/\/www.blogseite.com\/geschenke\/wp-json\/wp\/v2\/product\/8990"}],"collection":[{"href":"https:\/\/www.blogseite.com\/geschenke\/wp-json\/wp\/v2\/product"}],"about":[{"href":"https:\/\/www.blogseite.com\/geschenke\/wp-json\/wp\/v2\/types\/product"}],"replies":[{"embeddable":true,"href":"https:\/\/www.blogseite.com\/geschenke\/wp-json\/wp\/v2\/comments?post=8990"}],"wp:featuredmedia":[{"embeddable":true,"href":"https:\/\/www.blogseite.com\/geschenke\/wp-json\/wp\/v2\/media\/8991"}],"wp:attachment":[{"href":"https:\/\/www.blogseite.com\/geschenke\/wp-json\/wp\/v2\/media?parent=8990"}],"wp:term":[{"taxonomy":"product_cat","embeddable":true,"href":"https:\/\/www.blogseite.com\/geschenke\/wp-json\/wp\/v2\/product_cat?post=8990"},{"taxonomy":"product_tag","embeddable":true,"href":"https:\/\/www.blogseite.com\/geschenke\/wp-json\/wp\/v2\/product_tag?post=8990"}],"curies":[{"name":"wp","href":"https:\/\/api.w.org\/{rel}","templated":true}]}}