{"id":8976,"date":"2022-08-27T10:49:29","date_gmt":"2022-08-27T08:49:29","guid":{"rendered":"https:\/\/www.blogseite.com\/geschenke\/?post_type=product&#038;p=8976"},"modified":"2022-08-27T10:50:37","modified_gmt":"2022-08-27T08:50:37","slug":"amazon-de-geburtstags-affen-20e-gutschein-kaufen-%f0%9f%a5%b0","status":"publish","type":"product","link":"https:\/\/www.blogseite.com\/geschenke\/s\/amazon-de-geburtstags-affen-20e-gutschein-kaufen-%f0%9f%a5%b0\/","title":{"rendered":"Amazon.de Geburtstags Affen 20\u20ac Gutschein kaufen \ud83e\udd70"},"content":{"rendered":"<ul id=\"gc-dp-btf-product-features\" class=\"a-unordered-list a-vertical a-spacing-small\">\n<li class=\"a-spacing-top-mini\"><span class=\"a-list-item\">Digitaler Gutschein sofort oder zum Wunschdatum versendbar. Bei Versand per E-Mail erhalten Sie eine Nachricht wenn der Gutschein empfangen wurde.<\/span><\/li>\n<li class=\"a-spacing-top-mini\"><span class=\"a-list-item\">G\u00fcltigkeit der Gutscheine betr\u00e4gt zehn Jahre ab Kauf.<\/span><\/li>\n<li class=\"a-spacing-top-mini\"><span class=\"a-list-item\">Gutscheinbetrag ab EUR 0,15 selbst w\u00e4hlbar. Voreingestellte Nennwerte ab EUR 20,00.<\/span><\/li>\n<li class=\"a-spacing-top-mini\"><span class=\"a-list-item\">Amazon.de Gutscheine sind nur auf Amazon.de und Amazon.at einl\u00f6sbar. F\u00fcr die Einl\u00f6sung auf ausl\u00e4ndischen Amazon Seiten k\u00f6nnen Sie Ihren Gutschein auf den jeweiligen Seiten kaufen, z.B.: England, Frankreich, Italien, Spanien oder USA.<\/span><\/li>\n<li class=\"a-spacing-top-mini\"><span class=\"a-list-item\">Einl\u00f6sbar f\u00fcr Millionen Produkte bei Amazon.de.<\/span><\/li>\n<\/ul>\n","protected":false},"excerpt":{"rendered":"<p>Digitaler Gutschein sofort oder zum Wunschdatum versendbar. Bei Versand per E-Mail erhalten Sie eine Nachricht wenn der Gutschein empfangen wurde. G\u00fcltigkeit der Gutscheine betr\u00e4gt zehn Jahre ab Kauf. Gutscheinbetrag ab EUR 0,15 selbst w\u00e4hlbar. Voreingestellte Nennwerte ab EUR 20,00. Amazon.de Gutscheine sind nur auf Amazon.de und Amazon.at einl\u00f6sbar. F\u00fcr die Einl\u00f6sung auf ausl\u00e4ndischen Amazon Seiten [&hellip;]<\/p>\n","protected":false},"featured_media":8977,"comment_status":"open","ping_status":"closed","template":"","meta":[],"product_cat":[78,746,103,74,110,54,116,63,45,108,73,1118,280,426,431,293,292,300,302,70,297,299,295,294,64],"product_tag":[1666,1579],"class_list":{"0":"post-8976","1":"product","2":"type-product","3":"status-publish","4":"has-post-thumbnail","6":"product_cat-weihnachtsgeschenke","7":"product_cat--fit-fuer-den-fruehling","8":"product_cat-studenten","9":"product_cat-bester-freund","10":"product_cat-freund","11":"product_cat-vatertag","12":"product_cat-frauen","13":"product_cat-mutter","14":"product_cat-freundin","15":"product_cat-maenner","16":"product_cat-beste-freundin","17":"product_cat--freundin","18":"product_cat-geburtstagsgeschenke","19":"product_cat-nach-preis","20":"product_cat-unter-50-euro","21":"product_cat-geschenk-fuer-bruder","22":"product_cat-sohn","23":"product_cat--kollege","24":"product_cat--jungen","25":"product_cat-geschenke-fuer-jeden-anlass","26":"product_cat--maedchen","27":"product_cat--chef","28":"product_cat--tochter","29":"product_cat--schwester","30":"product_cat-vater","31":"product_tag-geschenkgutschein","32":"product_tag-gutschein","34":"first","35":"instock","36":"shipping-taxable","37":"product-type-external"},"_links":{"self":[{"href":"https:\/\/www.blogseite.com\/geschenke\/wp-json\/wp\/v2\/product\/8976"}],"collection":[{"href":"https:\/\/www.blogseite.com\/geschenke\/wp-json\/wp\/v2\/product"}],"about":[{"href":"https:\/\/www.blogseite.com\/geschenke\/wp-json\/wp\/v2\/types\/product"}],"replies":[{"embeddable":true,"href":"https:\/\/www.blogseite.com\/geschenke\/wp-json\/wp\/v2\/comments?post=8976"}],"wp:featuredmedia":[{"embeddable":true,"href":"https:\/\/www.blogseite.com\/geschenke\/wp-json\/wp\/v2\/media\/8977"}],"wp:attachment":[{"href":"https:\/\/www.blogseite.com\/geschenke\/wp-json\/wp\/v2\/media?parent=8976"}],"wp:term":[{"taxonomy":"product_cat","embeddable":true,"href":"https:\/\/www.blogseite.com\/geschenke\/wp-json\/wp\/v2\/product_cat?post=8976"},{"taxonomy":"product_tag","embeddable":true,"href":"https:\/\/www.blogseite.com\/geschenke\/wp-json\/wp\/v2\/product_tag?post=8976"}],"curies":[{"name":"wp","href":"https:\/\/api.w.org\/{rel}","templated":true}]}}