{"id":8956,"date":"2022-08-26T13:07:20","date_gmt":"2022-08-26T11:07:20","guid":{"rendered":"https:\/\/www.blogseite.com\/geschenke\/?post_type=product&#038;p=8956"},"modified":"2022-08-26T13:10:11","modified_gmt":"2022-08-26T11:10:11","slug":"snagger-doppelpack-der-snackspender-kaufen-%f0%9f%98%8d","status":"publish","type":"product","link":"https:\/\/www.blogseite.com\/geschenke\/s\/snagger-doppelpack-der-snackspender-kaufen-%f0%9f%98%8d\/","title":{"rendered":"snagger (Doppelpack) &#8211; Der Snackspender kaufen \ud83d\ude0d"},"content":{"rendered":"<ul class=\"a-unordered-list a-vertical a-spacing-mini\">\n<li><span class=\"a-list-item\">\u2705 DOPPELPACK beinhaltet: 1x SNAGGER BLACK (Aufdruck rot); 1x SNAGGER BLACK (Aufdruck gr\u00fcn); 2x NicNac\u00b4s 125g<\/span><\/li>\n<li><span class=\"a-list-item\">Mit dem SNAGGER bekommst du den ersten, wiederbef\u00fcllbaren, hygienischen Snack-Spender f\u00fcr deine Lieblingssnacks! Deine Vorteile: \u27a1\ufe0f hygienisch Snacken! (Snacks bleiben unber\u00fchrt) | saubere Finger, sauberes Equipment | perfekte Portion, tolles Snackerlebnis | Lieblingssnacks entspannt genie\u00dfen<\/span><\/li>\n<li><span class=\"a-list-item\">\ud83e\udd5c Der SNAGGER ist z.Bsp. geeignet f\u00fcr: Erdn\u00fcsse, NicNacs, M&amp;M\u00b4s, Schokolinsen u.v.m. (Durchmesser Snack bis ca. 14mm), besteht aus hochwertigen Kunststoffmaterialien, ist BPA-frei \ud83d\udc9a und zu 100% Made in Germany. Reinigen l\u00e4sst sich der SNAGGER einfach unter flie\u00dfendem Wasser \ud83d\udca6 oder in der Sp\u00fclmaschine.<\/span><\/li>\n<li><span class=\"a-list-item\">\ud83c\udf81 Geliefert wird der SNAGGER in einer hochwertigen Produktverpackung und ist damit das perfekte Geschenk f\u00fcr Gamer, M\u00e4nner, Frauen oder Kollegen. Der SNAGGER hat folgende Abmessungen: Durchmesser 7,5cm, H\u00f6he 12cm<\/span><\/li>\n<li><span class=\"a-list-item\">\ud83c\udfae optimale Erweiterung f\u00fcr dein Gaming Zubeh\u00f6r. Halte deinen PS4 \/ PS5 \/ xbox Controller oder deine Gaming Tastatur bzw. Maus sauber!<\/span><\/li>\n<\/ul>\n","protected":false},"excerpt":{"rendered":"<p>\u2705 DOPPELPACK beinhaltet: 1x SNAGGER BLACK (Aufdruck rot); 1x SNAGGER BLACK (Aufdruck gr\u00fcn); 2x NicNac\u00b4s 125g Mit dem SNAGGER bekommst du den ersten, wiederbef\u00fcllbaren, hygienischen Snack-Spender f\u00fcr deine Lieblingssnacks! Deine Vorteile: \u27a1\ufe0f hygienisch Snacken! (Snacks bleiben unber\u00fchrt) | saubere Finger, sauberes Equipment | perfekte Portion, tolles Snackerlebnis | Lieblingssnacks entspannt genie\u00dfen \ud83e\udd5c Der SNAGGER ist [&hellip;]<\/p>\n","protected":false},"featured_media":8957,"comment_status":"open","ping_status":"closed","template":"","meta":[],"product_cat":[78,746,103,74,110,54,116,63,45,108,73,1118,280,426,431,293,292,300,302,70,297,299,295,294,64],"product_tag":[454,1665,1587],"class_list":{"0":"post-8956","1":"product","2":"type-product","3":"status-publish","4":"has-post-thumbnail","6":"product_cat-weihnachtsgeschenke","7":"product_cat--fit-fuer-den-fruehling","8":"product_cat-studenten","9":"product_cat-bester-freund","10":"product_cat-freund","11":"product_cat-vatertag","12":"product_cat-frauen","13":"product_cat-mutter","14":"product_cat-freundin","15":"product_cat-maenner","16":"product_cat-beste-freundin","17":"product_cat--freundin","18":"product_cat-geburtstagsgeschenke","19":"product_cat-nach-preis","20":"product_cat-unter-50-euro","21":"product_cat-geschenk-fuer-bruder","22":"product_cat-sohn","23":"product_cat--kollege","24":"product_cat--jungen","25":"product_cat-geschenke-fuer-jeden-anlass","26":"product_cat--maedchen","27":"product_cat--chef","28":"product_cat--tochter","29":"product_cat--schwester","30":"product_cat-vater","31":"product_tag-gadget","32":"product_tag-praktisch","33":"product_tag-snack","35":"first","36":"instock","37":"shipping-taxable","38":"product-type-external"},"_links":{"self":[{"href":"https:\/\/www.blogseite.com\/geschenke\/wp-json\/wp\/v2\/product\/8956"}],"collection":[{"href":"https:\/\/www.blogseite.com\/geschenke\/wp-json\/wp\/v2\/product"}],"about":[{"href":"https:\/\/www.blogseite.com\/geschenke\/wp-json\/wp\/v2\/types\/product"}],"replies":[{"embeddable":true,"href":"https:\/\/www.blogseite.com\/geschenke\/wp-json\/wp\/v2\/comments?post=8956"}],"wp:featuredmedia":[{"embeddable":true,"href":"https:\/\/www.blogseite.com\/geschenke\/wp-json\/wp\/v2\/media\/8957"}],"wp:attachment":[{"href":"https:\/\/www.blogseite.com\/geschenke\/wp-json\/wp\/v2\/media?parent=8956"}],"wp:term":[{"taxonomy":"product_cat","embeddable":true,"href":"https:\/\/www.blogseite.com\/geschenke\/wp-json\/wp\/v2\/product_cat?post=8956"},{"taxonomy":"product_tag","embeddable":true,"href":"https:\/\/www.blogseite.com\/geschenke\/wp-json\/wp\/v2\/product_tag?post=8956"}],"curies":[{"name":"wp","href":"https:\/\/api.w.org\/{rel}","templated":true}]}}