{"id":8941,"date":"2022-08-26T12:20:09","date_gmt":"2022-08-26T10:20:09","guid":{"rendered":"https:\/\/www.blogseite.com\/geschenke\/?post_type=product&#038;p=8941"},"modified":"2022-08-26T12:21:22","modified_gmt":"2022-08-26T10:21:22","slug":"mini-ueberraschung-streichholzschachtel-geschenk-kaufen-%f0%9f%98%8d","status":"publish","type":"product","link":"https:\/\/www.blogseite.com\/geschenke\/s\/mini-ueberraschung-streichholzschachtel-geschenk-kaufen-%f0%9f%98%8d\/","title":{"rendered":"Mini \u00dcberraschung Streichholzschachtel Geschenk kaufen \ud83d\ude0d"},"content":{"rendered":"<ul class=\"a-unordered-list a-vertical a-spacing-mini\">\n<li><span class=\"a-list-item\">Mini Geschenk. &#8220;Good friends are like stars \u2026 you don&#8217;t always see them, but you know they are here.&#8221;: immi Origami \u00dcberraschung, kleines Geschenk in der Box mit Mini Origami Sternen f\u00fcr eine beste Freundin oder einen besten Freund.<\/span><\/li>\n<li><span class=\"a-list-item\">Pers\u00f6nlich: Handgefertigte, frech und liebevoll gemachte \u201eGru\u00dfkarte\u201c in einer kleinen \u00dcberraschungs-Box, mit einer pers\u00f6nlichen Nachricht und Illustrationen f\u00fcr jeden besonderen Anlass.<\/span><\/li>\n<li><span class=\"a-list-item\">\u00dcberraschung: \u00dcberraschen Sie Ihre Lieben mit einer kleinen, privaten Nachricht versteckt in dieser wundersch\u00f6n verzierten Streichholzschachtel. Jedes Streichholzschachtel-Geschenk kommt verpackt in einem sehr sch\u00f6n gestalteten Mini-Paket.<\/span><\/li>\n<li><span class=\"a-list-item\">Handarbeit: Jede \u00dcberraschung wird in Handarbeit erstellt: Die Motive sind von Hand gezeichnet, auf Papier gedruckt und dann einzeln zusammengesetzt und dann in ein Mini Paket gepackt. So hat jede \u00dcberraschungsbox eine besondere und pers\u00f6nliche Note.<\/span><\/li>\n<li><span class=\"a-list-item\">Anlass: Die Mini \u00dcberraschungen sind der perfekte Weg, um jemandem den Tag zu vers\u00fcssen. Eine gro\u00dfartige Alternative zur Gru\u00dfkarte und zu gegebenem Anlass: Liebe, Geburtstag Jubil\u00e4um, Weihnachten, Neujahr, Freundschaft, Valentinstag, Muttertag, Vatertag, Schul- und Studiumsabschluss u.a.<\/span><\/li>\n<\/ul>\n","protected":false},"excerpt":{"rendered":"<p>Mini Geschenk. &#8220;Good friends are like stars \u2026 you don&#8217;t always see them, but you know they are here.&#8221;: immi Origami \u00dcberraschung, kleines Geschenk in der Box mit Mini Origami Sternen f\u00fcr eine beste Freundin oder einen besten Freund. Pers\u00f6nlich: Handgefertigte, frech und liebevoll gemachte \u201eGru\u00dfkarte\u201c in einer kleinen \u00dcberraschungs-Box, mit einer pers\u00f6nlichen Nachricht und [&hellip;]<\/p>\n","protected":false},"featured_media":8942,"comment_status":"open","ping_status":"closed","template":"","meta":[],"product_cat":[78,746,103,74,110,54,116,63,45,108,73,1118,280,426,431,293,292,300,302,70,297,299,295,294,64],"product_tag":[1661],"class_list":{"0":"post-8941","1":"product","2":"type-product","3":"status-publish","4":"has-post-thumbnail","6":"product_cat-weihnachtsgeschenke","7":"product_cat--fit-fuer-den-fruehling","8":"product_cat-studenten","9":"product_cat-bester-freund","10":"product_cat-freund","11":"product_cat-vatertag","12":"product_cat-frauen","13":"product_cat-mutter","14":"product_cat-freundin","15":"product_cat-maenner","16":"product_cat-beste-freundin","17":"product_cat--freundin","18":"product_cat-geburtstagsgeschenke","19":"product_cat-nach-preis","20":"product_cat-unter-50-euro","21":"product_cat-geschenk-fuer-bruder","22":"product_cat-sohn","23":"product_cat--kollege","24":"product_cat--jungen","25":"product_cat-geschenke-fuer-jeden-anlass","26":"product_cat--maedchen","27":"product_cat--chef","28":"product_cat--tochter","29":"product_cat--schwester","30":"product_cat-vater","31":"product_tag-gluecksbringer","33":"first","34":"instock","35":"shipping-taxable","36":"product-type-external"},"_links":{"self":[{"href":"https:\/\/www.blogseite.com\/geschenke\/wp-json\/wp\/v2\/product\/8941"}],"collection":[{"href":"https:\/\/www.blogseite.com\/geschenke\/wp-json\/wp\/v2\/product"}],"about":[{"href":"https:\/\/www.blogseite.com\/geschenke\/wp-json\/wp\/v2\/types\/product"}],"replies":[{"embeddable":true,"href":"https:\/\/www.blogseite.com\/geschenke\/wp-json\/wp\/v2\/comments?post=8941"}],"wp:featuredmedia":[{"embeddable":true,"href":"https:\/\/www.blogseite.com\/geschenke\/wp-json\/wp\/v2\/media\/8942"}],"wp:attachment":[{"href":"https:\/\/www.blogseite.com\/geschenke\/wp-json\/wp\/v2\/media?parent=8941"}],"wp:term":[{"taxonomy":"product_cat","embeddable":true,"href":"https:\/\/www.blogseite.com\/geschenke\/wp-json\/wp\/v2\/product_cat?post=8941"},{"taxonomy":"product_tag","embeddable":true,"href":"https:\/\/www.blogseite.com\/geschenke\/wp-json\/wp\/v2\/product_tag?post=8941"}],"curies":[{"name":"wp","href":"https:\/\/api.w.org\/{rel}","templated":true}]}}