{"id":893,"date":"2020-12-06T11:16:23","date_gmt":"2020-12-06T10:16:23","guid":{"rendered":"https:\/\/geschenke.blogseite.com\/?post_type=product&#038;p=893"},"modified":"2022-04-06T09:23:07","modified_gmt":"2022-04-06T07:23:07","slug":"led-ringe-%f0%9f%94%a5-%f0%9f%99%82-tierform-mitbringsel-fingerring-leuchtringe-fingerlichter-ring-fuer-finger-mitgebsel-gastgeschenke-kindergeburtstag","status":"publish","type":"product","link":"https:\/\/www.blogseite.com\/geschenke\/s\/led-ringe-%f0%9f%94%a5-%f0%9f%99%82-tierform-mitbringsel-fingerring-leuchtringe-fingerlichter-ring-fuer-finger-mitgebsel-gastgeschenke-kindergeburtstag\/","title":{"rendered":"Led Ringe \ud83d\udd25 \ud83d\ude42 Tierform Mitbringsel Fingerring Leuchtringe Fingerlichter Ring F\u00fcr Finger Mitgebsel Gastgeschenke Kindergeburtstag"},"content":{"rendered":"<ul class=\"a-unordered-list a-vertical a-spacing-mini\">\n<li><span class=\"a-list-item\">\u30109 VERSCHIEDENE FORMEN\u3011 Jede Party-Packung enth\u00e4lt 36 Leuchtringe. Es gibt 9 verschiedene Tierformen dieser Leuchtringe f\u00fcr Kinder, wie B\u00e4r, Tiger, Kaninchen, Panda, Schwein, Frosch, K\u00fcken, Schmetterling und Herz.<\/span><\/li>\n<li><span class=\"a-list-item\">\u3010ELASTISCHES GUMMI-MATERIAL\u3011 Unsere Produkte bestehen aus umweltfreundlichem TPR-Material. Jeder Ring ist einzeln gewickelt. Es ist f\u00fcr Kindergeburtstagsfeier, Gl\u00fchenparty, Hochzeiten, Weihnachten perfekt.<\/span><\/li>\n<li><span class=\"a-list-item\">\u3010EINFACHER EIN \/ AUS-SCHALTER\u3011 Dr\u00fccken Sie einfach die Taste und die Ringe beginnen zu blinken. Diese Bulk-Partyartikel f\u00fcr Kinder blinken drei Farben blinkt, blau, gr\u00fcn und rot, Dr\u00fccken Sie die Taste erneut, es wird ausgeschaltet.<\/span><\/li>\n<li><span class=\"a-list-item\">\u3010F\u00dcGEN SIE IHRER PARTY SPASS HINZU D Diese Partyartikel sind ein Set aus LED-Ringen in Tierform. Kinder werden angezogen und haben Spa\u00df damit.<\/span><\/li>\n<li><span class=\"a-list-item\">\u3010NICHT-TOXISCHES GL\u00dcHSPIELZEUG\u3011 Sicherheit ist unsere oberste Priorit\u00e4t. Wir arbeiten hart daran, sicherzustellen, dass alle unsere leuchtenden Spielzeuge den h\u00f6chsten Standards entsprechen. Unsere Partybedarfsartikel, LED-Spielzeug und Leuchtdekorationen sind ungiftig und sicher f\u00fcr Kinder ab 3 Jahren.<\/span><\/li>\n<\/ul>\n","protected":false},"excerpt":{"rendered":"<p>\u30109 VERSCHIEDENE FORMEN\u3011 Jede Party-Packung enth\u00e4lt 36 Leuchtringe. Es gibt 9 verschiedene Tierformen dieser Leuchtringe f\u00fcr Kinder, wie B\u00e4r, Tiger, Kaninchen, Panda, Schwein, Frosch, K\u00fcken, Schmetterling und Herz. \u3010ELASTISCHES GUMMI-MATERIAL\u3011 Unsere Produkte bestehen aus umweltfreundlichem TPR-Material. Jeder Ring ist einzeln gewickelt. Es ist f\u00fcr Kindergeburtstagsfeier, Gl\u00fchenparty, Hochzeiten, Weihnachten perfekt. \u3010EINFACHER EIN \/ AUS-SCHALTER\u3011 Dr\u00fccken Sie [&hellip;]<\/p>\n","protected":false},"featured_media":894,"comment_status":"open","ping_status":"closed","template":"","meta":[],"product_cat":[87,280,426,430,431,292,302,297,295],"product_tag":[94,314,656,452],"class_list":{"0":"post-893","1":"product","2":"type-product","3":"status-publish","4":"has-post-thumbnail","6":"product_cat-kinder","7":"product_cat-geburtstagsgeschenke","8":"product_cat-nach-preis","9":"product_cat-unter-20-euro","10":"product_cat-unter-50-euro","11":"product_cat-sohn","12":"product_cat--jungen","13":"product_cat--maedchen","14":"product_cat--tochter","15":"product_tag-geschenk-fuer-kinder","16":"product_tag-geschenk-fuer-kindergeburtstag","17":"product_tag-led-ringe","18":"product_tag-spielzeug","20":"first","21":"instock","22":"shipping-taxable","23":"product-type-external"},"_links":{"self":[{"href":"https:\/\/www.blogseite.com\/geschenke\/wp-json\/wp\/v2\/product\/893"}],"collection":[{"href":"https:\/\/www.blogseite.com\/geschenke\/wp-json\/wp\/v2\/product"}],"about":[{"href":"https:\/\/www.blogseite.com\/geschenke\/wp-json\/wp\/v2\/types\/product"}],"replies":[{"embeddable":true,"href":"https:\/\/www.blogseite.com\/geschenke\/wp-json\/wp\/v2\/comments?post=893"}],"wp:featuredmedia":[{"embeddable":true,"href":"https:\/\/www.blogseite.com\/geschenke\/wp-json\/wp\/v2\/media\/894"}],"wp:attachment":[{"href":"https:\/\/www.blogseite.com\/geschenke\/wp-json\/wp\/v2\/media?parent=893"}],"wp:term":[{"taxonomy":"product_cat","embeddable":true,"href":"https:\/\/www.blogseite.com\/geschenke\/wp-json\/wp\/v2\/product_cat?post=893"},{"taxonomy":"product_tag","embeddable":true,"href":"https:\/\/www.blogseite.com\/geschenke\/wp-json\/wp\/v2\/product_tag?post=893"}],"curies":[{"name":"wp","href":"https:\/\/api.w.org\/{rel}","templated":true}]}}