{"id":8657,"date":"2022-08-21T11:13:41","date_gmt":"2022-08-21T09:13:41","guid":{"rendered":"https:\/\/www.blogseite.com\/geschenke\/?post_type=product&#038;p=8657"},"modified":"2022-08-21T11:18:06","modified_gmt":"2022-08-21T09:18:06","slug":"baby-betriebsanleitung-inbetriebnahme-kaufen-%f0%9f%a4%a3","status":"publish","type":"product","link":"https:\/\/www.blogseite.com\/geschenke\/s\/baby-betriebsanleitung-inbetriebnahme-kaufen-%f0%9f%a4%a3\/","title":{"rendered":"Baby &#8211; Betriebsanleitung: Inbetriebnahme kaufen \ud83e\udd23"},"content":{"rendered":"<p>Gratulation, ein Baby! Doch leider hat man das kleine Wunder an Design und Funktionalit\u00e4t ohne entsprechende Gebrauchsanweisung geliefert. Wie baut man nun die Verbindung zu der Neuanschaffung auf, gestaltet die Fehlersuche bei akustischen Signalen, programmiert den F\u00fctterungsprozess oder aktiviert den dringend n\u00f6tigen Schlafmodus? Auf was muss man bei der Instandhaltung besonders achten, wie gew\u00e4hrleistet man die optimale Entwicklung der Applikationen und sorgt f\u00fcr die Sicherheit des geliebten kleinen Produkts? Gl\u00fccklicherweise hilft \u201eBaby \u2013 Betriebsanleitung\u201c hier weiter und gibt auf alle dr\u00e4ngenden Fragen mit viel augenzwinkerndem Humor und mit witzigen Schaubildern umfassend Antwort.<\/p>\n","protected":false},"excerpt":{"rendered":"<p>Gratulation, ein Baby! Doch leider hat man das kleine Wunder an Design und Funktionalit\u00e4t ohne entsprechende Gebrauchsanweisung geliefert. Wie baut man nun die Verbindung zu der Neuanschaffung auf, gestaltet die Fehlersuche bei akustischen Signalen, programmiert den F\u00fctterungsprozess oder aktiviert den dringend n\u00f6tigen Schlafmodus? Auf was muss man bei der Instandhaltung besonders achten, wie gew\u00e4hrleistet man [&hellip;]<\/p>\n","protected":false},"featured_media":8658,"comment_status":"open","ping_status":"closed","template":"","meta":[],"product_cat":[1652,426,431],"product_tag":[1657],"class_list":{"0":"post-8657","1":"product","2":"type-product","3":"status-publish","4":"has-post-thumbnail","6":"product_cat-werdende-mutter","7":"product_cat-nach-preis","8":"product_cat-unter-50-euro","9":"product_tag-baby-buch","11":"first","12":"instock","13":"shipping-taxable","14":"product-type-external"},"_links":{"self":[{"href":"https:\/\/www.blogseite.com\/geschenke\/wp-json\/wp\/v2\/product\/8657"}],"collection":[{"href":"https:\/\/www.blogseite.com\/geschenke\/wp-json\/wp\/v2\/product"}],"about":[{"href":"https:\/\/www.blogseite.com\/geschenke\/wp-json\/wp\/v2\/types\/product"}],"replies":[{"embeddable":true,"href":"https:\/\/www.blogseite.com\/geschenke\/wp-json\/wp\/v2\/comments?post=8657"}],"wp:featuredmedia":[{"embeddable":true,"href":"https:\/\/www.blogseite.com\/geschenke\/wp-json\/wp\/v2\/media\/8658"}],"wp:attachment":[{"href":"https:\/\/www.blogseite.com\/geschenke\/wp-json\/wp\/v2\/media?parent=8657"}],"wp:term":[{"taxonomy":"product_cat","embeddable":true,"href":"https:\/\/www.blogseite.com\/geschenke\/wp-json\/wp\/v2\/product_cat?post=8657"},{"taxonomy":"product_tag","embeddable":true,"href":"https:\/\/www.blogseite.com\/geschenke\/wp-json\/wp\/v2\/product_tag?post=8657"}],"curies":[{"name":"wp","href":"https:\/\/api.w.org\/{rel}","templated":true}]}}