{"id":8655,"date":"2022-08-21T11:11:46","date_gmt":"2022-08-21T09:11:46","guid":{"rendered":"https:\/\/www.blogseite.com\/geschenke\/?post_type=product&#038;p=8655"},"modified":"2022-08-21T11:13:10","modified_gmt":"2022-08-21T09:13:10","slug":"jovitea-babytraum-tee-bio-kaufen-%f0%9f%98%8a","status":"publish","type":"product","link":"https:\/\/www.blogseite.com\/geschenke\/s\/jovitea-babytraum-tee-bio-kaufen-%f0%9f%98%8a\/","title":{"rendered":"JoviTea\u00ae Babytraum Tee BIO kaufen \ud83d\ude0a"},"content":{"rendered":"<ul class=\"a-unordered-list a-vertical a-spacing-mini\">\n<li><span class=\"a-list-item\">\u2764\ufe0f HEBAMMEN REZEPTUR: Der JoviTea Babytraum Tee ist wegen seiner traditionellen Kr\u00e4utermischung so beliebt. Die Rezeptur ist so abgestimmt, dass die Zutaten optimal harmonieren.<\/span><\/li>\n<li><span class=\"a-list-item\">\u2615\ufe0f EINSATZ: Unser Tee ist ein vielseitig eingesetzter Kr\u00e4utertee der besonderen Art. Frauen trinken ihn vor ihrer Schwangerschaft wegen seiner allgemein bekannten Vorteile.<\/span><\/li>\n<li><span class=\"a-list-item\">\ud83c\udf40 BIO ZERTIFIKAT: Echte Bio Qualit\u00e4t, stammt aus der EU und unterliegt der Pr\u00fcfgesellschaft \u00d6kologischer Landbau mbH (DE-\u00d6KO-007).<\/span><\/li>\n<li><span class=\"a-list-item\">\ud83c\udf3b 100% NATURBELASSEN: Frei von k\u00fcnstlichen Aromen oder Zusatzstoffen, Geschmacksverst\u00e4rkern oder Farbstoffen. Die Bl\u00e4tter wurden schonend getrocknet und sind absolut naturbelassen &#8211; Deiner Gesundheit zuliebe.<\/span><\/li>\n<li><span class=\"a-list-item\">\u26a1\ufe0f GESCHMACK: Der JoviTea Babytraum Tee kann nicht mit einem normalen Fr\u00fcchtetee verglichen werden, aber mit etwas Honig verfeinert, wird der Tee zum echten Genuss.<\/span><\/li>\n<\/ul>\n","protected":false},"excerpt":{"rendered":"<p>\u2764\ufe0f HEBAMMEN REZEPTUR: Der JoviTea Babytraum Tee ist wegen seiner traditionellen Kr\u00e4utermischung so beliebt. Die Rezeptur ist so abgestimmt, dass die Zutaten optimal harmonieren. \u2615\ufe0f EINSATZ: Unser Tee ist ein vielseitig eingesetzter Kr\u00e4utertee der besonderen Art. Frauen trinken ihn vor ihrer Schwangerschaft wegen seiner allgemein bekannten Vorteile. \ud83c\udf40 BIO ZERTIFIKAT: Echte Bio Qualit\u00e4t, stammt aus [&hellip;]<\/p>\n","protected":false},"featured_media":8656,"comment_status":"open","ping_status":"closed","template":"","meta":[],"product_cat":[1652,426,431],"product_tag":[1656],"class_list":{"0":"post-8655","1":"product","2":"type-product","3":"status-publish","4":"has-post-thumbnail","6":"product_cat-werdende-mutter","7":"product_cat-nach-preis","8":"product_cat-unter-50-euro","9":"product_tag-schwangerschaftstee","11":"first","12":"instock","13":"shipping-taxable","14":"product-type-external"},"_links":{"self":[{"href":"https:\/\/www.blogseite.com\/geschenke\/wp-json\/wp\/v2\/product\/8655"}],"collection":[{"href":"https:\/\/www.blogseite.com\/geschenke\/wp-json\/wp\/v2\/product"}],"about":[{"href":"https:\/\/www.blogseite.com\/geschenke\/wp-json\/wp\/v2\/types\/product"}],"replies":[{"embeddable":true,"href":"https:\/\/www.blogseite.com\/geschenke\/wp-json\/wp\/v2\/comments?post=8655"}],"wp:featuredmedia":[{"embeddable":true,"href":"https:\/\/www.blogseite.com\/geschenke\/wp-json\/wp\/v2\/media\/8656"}],"wp:attachment":[{"href":"https:\/\/www.blogseite.com\/geschenke\/wp-json\/wp\/v2\/media?parent=8655"}],"wp:term":[{"taxonomy":"product_cat","embeddable":true,"href":"https:\/\/www.blogseite.com\/geschenke\/wp-json\/wp\/v2\/product_cat?post=8655"},{"taxonomy":"product_tag","embeddable":true,"href":"https:\/\/www.blogseite.com\/geschenke\/wp-json\/wp\/v2\/product_tag?post=8655"}],"curies":[{"name":"wp","href":"https:\/\/api.w.org\/{rel}","templated":true}]}}