{"id":8499,"date":"2022-08-14T23:22:29","date_gmt":"2022-08-14T21:22:29","guid":{"rendered":"https:\/\/www.blogseite.com\/geschenke\/?post_type=product&#038;p=8499"},"modified":"2022-08-14T23:28:55","modified_gmt":"2022-08-14T21:28:55","slug":"amazon-de-gutschein-zum-drucken-kaufen-%f0%9f%a5%b0","status":"publish","type":"product","link":"https:\/\/www.blogseite.com\/geschenke\/s\/amazon-de-gutschein-zum-drucken-kaufen-%f0%9f%a5%b0\/","title":{"rendered":"Amazon.de Gutschein zum Drucken kaufen \ud83e\udd70"},"content":{"rendered":"<ul id=\"gc-dp-btf-product-features\" class=\"a-unordered-list a-vertical a-spacing-small\">\n<li class=\"a-spacing-top-mini\"><span class=\"a-list-item\">Zusendung des Gutscheines im pdf-Format an Ihre hinterlegte E-Mail Adresse.<\/span><\/li>\n<li class=\"a-spacing-top-mini\"><span class=\"a-list-item\">G\u00fcltigkeit der Gutscheine betr\u00e4gt zehn Jahre ab Kauf.<\/span><\/li>\n<li class=\"a-spacing-top-mini\"><span class=\"a-list-item\">Gutscheinbetrag ab EUR 0,15 selbst w\u00e4hlbar. Voreingestellte Nennwerte ab EUR 20,00.<\/span><\/li>\n<li class=\"a-spacing-top-mini\"><span class=\"a-list-item\">Amazon.de Gutscheine sind nur auf Amazon.de und Amazon.at einl\u00f6sbar. F\u00fcr die Einl\u00f6sung auf ausl\u00e4ndischen Amazon Seiten k\u00f6nnen Sie Ihren Gutschein auf den jeweiligen Seiten kaufen, z.B.: England, Frankreich, Italien, Spanien oder USA.<\/span><\/li>\n<li class=\"a-spacing-top-mini\"><span class=\"a-list-item\">Einl\u00f6sbar f\u00fcr Millionen Produkte bei Amazon.de.<\/span><\/li>\n<li class=\"a-spacing-top-mini\"><span class=\"a-list-item\"><span class=\"a-text-bold\">ASIN \u200f : \u200e\u00a0<\/span>B081KDBCN3<\/span><\/li>\n<\/ul>\n","protected":false},"excerpt":{"rendered":"<p>Zusendung des Gutscheines im pdf-Format an Ihre hinterlegte E-Mail Adresse. G\u00fcltigkeit der Gutscheine betr\u00e4gt zehn Jahre ab Kauf. Gutscheinbetrag ab EUR 0,15 selbst w\u00e4hlbar. Voreingestellte Nennwerte ab EUR 20,00. Amazon.de Gutscheine sind nur auf Amazon.de und Amazon.at einl\u00f6sbar. F\u00fcr die Einl\u00f6sung auf ausl\u00e4ndischen Amazon Seiten k\u00f6nnen Sie Ihren Gutschein auf den jeweiligen Seiten kaufen, z.B.: [&hellip;]<\/p>\n","protected":false},"featured_media":8500,"comment_status":"open","ping_status":"closed","template":"","meta":[],"product_cat":[78,746,103,74,110,54,116,63,45,108,73,1118,280,426,431,293,292,300,302,70,297,299,295,294,64],"product_tag":[992,969],"class_list":{"0":"post-8499","1":"product","2":"type-product","3":"status-publish","4":"has-post-thumbnail","6":"product_cat-weihnachtsgeschenke","7":"product_cat--fit-fuer-den-fruehling","8":"product_cat-studenten","9":"product_cat-bester-freund","10":"product_cat-freund","11":"product_cat-vatertag","12":"product_cat-frauen","13":"product_cat-mutter","14":"product_cat-freundin","15":"product_cat-maenner","16":"product_cat-beste-freundin","17":"product_cat--freundin","18":"product_cat-geburtstagsgeschenke","19":"product_cat-nach-preis","20":"product_cat-unter-50-euro","21":"product_cat-geschenk-fuer-bruder","22":"product_cat-sohn","23":"product_cat--kollege","24":"product_cat--jungen","25":"product_cat-geschenke-fuer-jeden-anlass","26":"product_cat--maedchen","27":"product_cat--chef","28":"product_cat--tochter","29":"product_cat--schwester","30":"product_cat-vater","31":"product_tag-schokolade","32":"product_tag-socken","34":"first","35":"instock","36":"shipping-taxable","37":"product-type-external"},"_links":{"self":[{"href":"https:\/\/www.blogseite.com\/geschenke\/wp-json\/wp\/v2\/product\/8499"}],"collection":[{"href":"https:\/\/www.blogseite.com\/geschenke\/wp-json\/wp\/v2\/product"}],"about":[{"href":"https:\/\/www.blogseite.com\/geschenke\/wp-json\/wp\/v2\/types\/product"}],"replies":[{"embeddable":true,"href":"https:\/\/www.blogseite.com\/geschenke\/wp-json\/wp\/v2\/comments?post=8499"}],"wp:featuredmedia":[{"embeddable":true,"href":"https:\/\/www.blogseite.com\/geschenke\/wp-json\/wp\/v2\/media\/8500"}],"wp:attachment":[{"href":"https:\/\/www.blogseite.com\/geschenke\/wp-json\/wp\/v2\/media?parent=8499"}],"wp:term":[{"taxonomy":"product_cat","embeddable":true,"href":"https:\/\/www.blogseite.com\/geschenke\/wp-json\/wp\/v2\/product_cat?post=8499"},{"taxonomy":"product_tag","embeddable":true,"href":"https:\/\/www.blogseite.com\/geschenke\/wp-json\/wp\/v2\/product_tag?post=8499"}],"curies":[{"name":"wp","href":"https:\/\/api.w.org\/{rel}","templated":true}]}}