{"id":8481,"date":"2022-08-14T19:53:08","date_gmt":"2022-08-14T17:53:08","guid":{"rendered":"https:\/\/www.blogseite.com\/geschenke\/?post_type=product&#038;p=8481"},"modified":"2022-08-14T19:56:12","modified_gmt":"2022-08-14T17:56:12","slug":"john-whiskers-bartshampoo-made-in-germany-%f0%9f%98%85","status":"publish","type":"product","link":"https:\/\/www.blogseite.com\/geschenke\/s\/john-whiskers-bartshampoo-made-in-germany-%f0%9f%98%85\/","title":{"rendered":"John Whiskers Bartshampoo &#8211; Made in Germany \ud83d\ude05"},"content":{"rendered":"<ul class=\"a-unordered-list a-vertical a-spacing-mini\">\n<li><span class=\"a-list-item\">MADE IN GERMANY \u2605 Wir achten bei der Auswahl unserer Produkte besonders auf Qualit\u00e4t, daher stellen wir unser Bartshampoo mit gro\u00dfer Sorgfalt und Leidenschaft in Deutschland her \u2013 Denn die sicherste Grundlage eines Produktes ist die Qualit\u00e4t<\/span><\/li>\n<li><span class=\"a-list-item\">WENIGER JUKREIZ \u2605 Schluss mit juckendem Bart und meckernder Damenwelt! John Whiskers Bartw\u00e4sche spendet Haar und Haut Feuchtigkeit. Verleihe deinem Bart Geschmeidigkeit, sorge f\u00fcr weniger kratzen und dezenten Duft<\/span><\/li>\n<li><span class=\"a-list-item\">ERFRISCHEND UND MASKULIN \u2605 Neben der Wirkung macht der angenehm dezente Duft unseres Shampoos die Bartpflege zu einem kleinen Erlebnis. Unser Shampoo, Balm und \u00d6l sind aufeinander abgestimmt und k\u00f6nnen ohne Geruchs-Wirr-Warr kombiniert werden<\/span><\/li>\n<li><span class=\"a-list-item\">HOHE ERGIEBIGKEIT \u2605 Je nach Bartl\u00e4nge reichen ein bis zwei Pumpenst\u00f6\u00dfe f\u00fcr die perfekte Pflege aus. 2 Pumpenst\u00f6\u00dfe gen\u00fcgen f\u00fcr einen 5-10cm Bart. Bei einer Anwendung am Tag reicht dein Shampoo hier f\u00fcr ungef\u00e4hr 10 Wochen<\/span><\/li>\n<li><span class=\"a-list-item\">KEIN RISIKO \u2605 Geschm\u00e4cker sind bekanntlich verschieden: Daher kannst Du unsere Produkte bedenkenlos testen. Solltest Du einmal nicht zufrieden sein erh\u00e4ltst Du deinen Kaufpreis zur\u00fcck. Versprochen!<\/span><\/li>\n<\/ul>\n","protected":false},"excerpt":{"rendered":"<p>MADE IN GERMANY \u2605 Wir achten bei der Auswahl unserer Produkte besonders auf Qualit\u00e4t, daher stellen wir unser Bartshampoo mit gro\u00dfer Sorgfalt und Leidenschaft in Deutschland her \u2013 Denn die sicherste Grundlage eines Produktes ist die Qualit\u00e4t WENIGER JUKREIZ \u2605 Schluss mit juckendem Bart und meckernder Damenwelt! John Whiskers Bartw\u00e4sche spendet Haar und Haut Feuchtigkeit. [&hellip;]<\/p>\n","protected":false},"featured_media":8482,"comment_status":"open","ping_status":"closed","template":"","meta":[],"product_cat":[78,746,103,74,110,54,116,63,45,108,73,1118,280,426,431,293,292,300,302,70,297,299,295,294,64],"product_tag":[1632,506,507,1631],"class_list":{"0":"post-8481","1":"product","2":"type-product","3":"status-publish","4":"has-post-thumbnail","6":"product_cat-weihnachtsgeschenke","7":"product_cat--fit-fuer-den-fruehling","8":"product_cat-studenten","9":"product_cat-bester-freund","10":"product_cat-freund","11":"product_cat-vatertag","12":"product_cat-frauen","13":"product_cat-mutter","14":"product_cat-freundin","15":"product_cat-maenner","16":"product_cat-beste-freundin","17":"product_cat--freundin","18":"product_cat-geburtstagsgeschenke","19":"product_cat-nach-preis","20":"product_cat-unter-50-euro","21":"product_cat-geschenk-fuer-bruder","22":"product_cat-sohn","23":"product_cat--kollege","24":"product_cat--jungen","25":"product_cat-geschenke-fuer-jeden-anlass","26":"product_cat--maedchen","27":"product_cat--chef","28":"product_cat--tochter","29":"product_cat--schwester","30":"product_cat-vater","31":"product_tag-beauty","32":"product_tag-geschenkkorb","33":"product_tag-geschenkset","34":"product_tag-weihnachten","36":"first","37":"instock","38":"shipping-taxable","39":"product-type-external"},"_links":{"self":[{"href":"https:\/\/www.blogseite.com\/geschenke\/wp-json\/wp\/v2\/product\/8481"}],"collection":[{"href":"https:\/\/www.blogseite.com\/geschenke\/wp-json\/wp\/v2\/product"}],"about":[{"href":"https:\/\/www.blogseite.com\/geschenke\/wp-json\/wp\/v2\/types\/product"}],"replies":[{"embeddable":true,"href":"https:\/\/www.blogseite.com\/geschenke\/wp-json\/wp\/v2\/comments?post=8481"}],"wp:featuredmedia":[{"embeddable":true,"href":"https:\/\/www.blogseite.com\/geschenke\/wp-json\/wp\/v2\/media\/8482"}],"wp:attachment":[{"href":"https:\/\/www.blogseite.com\/geschenke\/wp-json\/wp\/v2\/media?parent=8481"}],"wp:term":[{"taxonomy":"product_cat","embeddable":true,"href":"https:\/\/www.blogseite.com\/geschenke\/wp-json\/wp\/v2\/product_cat?post=8481"},{"taxonomy":"product_tag","embeddable":true,"href":"https:\/\/www.blogseite.com\/geschenke\/wp-json\/wp\/v2\/product_tag?post=8481"}],"curies":[{"name":"wp","href":"https:\/\/api.w.org\/{rel}","templated":true}]}}