{"id":8419,"date":"2022-08-12T20:08:24","date_gmt":"2022-08-12T18:08:24","guid":{"rendered":"https:\/\/www.blogseite.com\/geschenke\/?post_type=product&#038;p=8419"},"modified":"2022-08-12T20:09:35","modified_gmt":"2022-08-12T18:09:35","slug":"geburtstag-geschenkset-wein-schokolade-kaufen-%f0%9f%98%8d","status":"publish","type":"product","link":"https:\/\/www.blogseite.com\/geschenke\/s\/geburtstag-geschenkset-wein-schokolade-kaufen-%f0%9f%98%8d\/","title":{"rendered":"Geburtstag-Geschenkset &#8220;Wein &#038; Schokolade&#8221; kaufen \ud83d\ude0d"},"content":{"rendered":"<ul class=\"a-unordered-list a-vertical a-spacing-mini\">\n<li><span class=\"a-list-item\">Geschenkkorb gef\u00fcllt mit bestem Inhalt: 1 kl. Flasche Rotwein Sp\u00e4tburgunder Alde Gott 0,25l, Lindt Lindor Pralinen und Lindt Hello Schokolade, Geburtstags Karte. Fertig verpackt in der schwarzen Geschenkbox<\/span><\/li>\n<li><span class=\"a-list-item\">Geschenkideen f\u00fcr Frauen oder M\u00e4nner. Presentkorb als Geschenk Set f\u00fcr Frau oder Mann als kleines Geburtstagsgeschenk f\u00fcr Kollegen, Mitarbeiter, Chef, Rentner, Senioren<\/span><\/li>\n<li><span class=\"a-list-item\">Gro\u00dfer Delikatessen Korb mit Alkohol \u2013 Weinpr\u00e4sent mit Schokolade f\u00fcr Genie\u00dfer, Papa oder Mama. Weingeschenkset mit dunkle Nougat Pralinen Schokoladen Spezialit\u00e4ten<\/span><\/li>\n<li><span class=\"a-list-item\">Geschenke Pr\u00e4sent Set f\u00fcr Zwei \u2013 Die Weinbox mit badischem Wein f\u00fcr Weinliebhaber. Deutscher Pr\u00e4sentkorb mit Wein und S\u00fc\u00dfigkeiten als edler Geschenkekorb als Gl\u00fcckwunsch f\u00fcr Sie &amp; Ihn<\/span><\/li>\n<li><span class=\"a-list-item\">Gourmet Weingeschenk Box \u2013 Kulinarisches Feinschmecker Geschenkset mit S\u00fcssigkeiten als Geburtstagsgeschenk, Fresskorb Geschenk f\u00fcr Paare, als Hochzeitsgeschenk, Liebhaber vegetarischer Lebensmittel<\/span><\/li>\n<\/ul>\n","protected":false},"excerpt":{"rendered":"<p>Geschenkkorb gef\u00fcllt mit bestem Inhalt: 1 kl. Flasche Rotwein Sp\u00e4tburgunder Alde Gott 0,25l, Lindt Lindor Pralinen und Lindt Hello Schokolade, Geburtstags Karte. Fertig verpackt in der schwarzen Geschenkbox Geschenkideen f\u00fcr Frauen oder M\u00e4nner. Presentkorb als Geschenk Set f\u00fcr Frau oder Mann als kleines Geburtstagsgeschenk f\u00fcr Kollegen, Mitarbeiter, Chef, Rentner, Senioren Gro\u00dfer Delikatessen Korb mit Alkohol [&hellip;]<\/p>\n","protected":false},"featured_media":8420,"comment_status":"open","ping_status":"closed","template":"","meta":[],"product_cat":[78,746,103,74,110,54,116,63,45,108,73,1118,280,426,431,293,292,300,302,70,297,299,295,294,64],"product_tag":[585,1627],"class_list":{"0":"post-8419","1":"product","2":"type-product","3":"status-publish","4":"has-post-thumbnail","6":"product_cat-weihnachtsgeschenke","7":"product_cat--fit-fuer-den-fruehling","8":"product_cat-studenten","9":"product_cat-bester-freund","10":"product_cat-freund","11":"product_cat-vatertag","12":"product_cat-frauen","13":"product_cat-mutter","14":"product_cat-freundin","15":"product_cat-maenner","16":"product_cat-beste-freundin","17":"product_cat--freundin","18":"product_cat-geburtstagsgeschenke","19":"product_cat-nach-preis","20":"product_cat-unter-50-euro","21":"product_cat-geschenk-fuer-bruder","22":"product_cat-sohn","23":"product_cat--kollege","24":"product_cat--jungen","25":"product_cat-geschenke-fuer-jeden-anlass","26":"product_cat--maedchen","27":"product_cat--chef","28":"product_cat--tochter","29":"product_cat--schwester","30":"product_cat-vater","31":"product_tag-pralinen","32":"product_tag-suessigkeiten","34":"first","35":"instock","36":"shipping-taxable","37":"product-type-external"},"_links":{"self":[{"href":"https:\/\/www.blogseite.com\/geschenke\/wp-json\/wp\/v2\/product\/8419"}],"collection":[{"href":"https:\/\/www.blogseite.com\/geschenke\/wp-json\/wp\/v2\/product"}],"about":[{"href":"https:\/\/www.blogseite.com\/geschenke\/wp-json\/wp\/v2\/types\/product"}],"replies":[{"embeddable":true,"href":"https:\/\/www.blogseite.com\/geschenke\/wp-json\/wp\/v2\/comments?post=8419"}],"wp:featuredmedia":[{"embeddable":true,"href":"https:\/\/www.blogseite.com\/geschenke\/wp-json\/wp\/v2\/media\/8420"}],"wp:attachment":[{"href":"https:\/\/www.blogseite.com\/geschenke\/wp-json\/wp\/v2\/media?parent=8419"}],"wp:term":[{"taxonomy":"product_cat","embeddable":true,"href":"https:\/\/www.blogseite.com\/geschenke\/wp-json\/wp\/v2\/product_cat?post=8419"},{"taxonomy":"product_tag","embeddable":true,"href":"https:\/\/www.blogseite.com\/geschenke\/wp-json\/wp\/v2\/product_tag?post=8419"}],"curies":[{"name":"wp","href":"https:\/\/api.w.org\/{rel}","templated":true}]}}