{"id":8405,"date":"2022-08-12T19:43:31","date_gmt":"2022-08-12T17:43:31","guid":{"rendered":"https:\/\/www.blogseite.com\/geschenke\/?post_type=product&#038;p=8405"},"modified":"2022-08-12T19:44:49","modified_gmt":"2022-08-12T17:44:49","slug":"diablo-pralinen-genuss-hoch-6-kaufen-%f0%9f%98%98","status":"publish","type":"product","link":"https:\/\/www.blogseite.com\/geschenke\/s\/diablo-pralinen-genuss-hoch-6-kaufen-%f0%9f%98%98\/","title":{"rendered":"Diablo Pralinen-Genuss Hoch 6 kaufen \ud83d\ude18"},"content":{"rendered":"<ul class=\"a-unordered-list a-vertical a-spacing-mini\">\n<li><span class=\"a-list-item\">GESCHMACKSVIELFALT: Wer die Wahl hat, genie\u00dft Diablo Pralinen! Begeistere Deine Geschmackssinne mit 6 verschiedenen Sorten: Cocoa Cream (feinste Kakao-Sahne-Schokolade), Coffee (k\u00f6stliche Kaffeesahne), Praline (erlesene Haseln\u00fcsse), Noir (Zartbitterschokolade mit 70% Kakaoanteil, gemischt mit feinstem Haselnuss-Pralin\u00e9-Nougat), Waldfr\u00fcchte (eine Kombination aus cremig wei\u00dfer Schokolade gemischt mit Himbeeren) und Haselnuss (traditionelle und zarte Praline mit Haseln\u00fcssen, Kakao und Milch).<\/span><\/li>\n<li><span class=\"a-list-item\">ZUCKERFREI: Erlebe S\u00fc\u00dfe in ihrer nat\u00fcrlichsten Form! 14 Diablo Edelpralinen f\u00fchren Dich in Versuchung \u2013 ganz ohne schlechtes Gewissen. Daf\u00fcr sorgen die S\u00fc\u00dfungsmittel Maltitol und Stevia, wobei es sich um 100% nat\u00fcrliche Zuckeralternativen handelt.<\/span><\/li>\n<li><span class=\"a-list-item\">GLUTEN- UND PALM\u00d6LFREI: Genuss mit noch besserem Gewissen. Diablo Pralinen erf\u00fcllen h\u00f6chste Anspr\u00fcche an erlesenste Zutaten. Aus diesem Grund sind unsere Pralinen frei von Gluten und Palm\u00f6l.<\/span><\/li>\n<li><span class=\"a-list-item\">GESCHENKIDEE: Bereite Deinen Mitmenschen pure Genussfreude! Ob Valentinstag, Mutter- und Vatertag, Geburtstage sowie Hochzeitstag oder einfach mal zwischendurch: F\u00fcr Diablo Pralinen findet sich immer ein Anlass, um besonderen Menschen eine besondere Freude zu bereiten.<\/span><\/li>\n<li><span class=\"a-list-item\">PR\u00c4SENTKORB: Du m\u00f6chtest noch mehr Freude verschenken? Entdecke auch unsere anderen Diablo Leckereien. Gerne stellen wir Dir diese in einem sch\u00f6nen Pr\u00e4sentkorb zusammen, um die Freude zum Verschenken perfekt zu machen.<\/span><\/li>\n<\/ul>\n","protected":false},"excerpt":{"rendered":"<p>GESCHMACKSVIELFALT: Wer die Wahl hat, genie\u00dft Diablo Pralinen! Begeistere Deine Geschmackssinne mit 6 verschiedenen Sorten: Cocoa Cream (feinste Kakao-Sahne-Schokolade), Coffee (k\u00f6stliche Kaffeesahne), Praline (erlesene Haseln\u00fcsse), Noir (Zartbitterschokolade mit 70% Kakaoanteil, gemischt mit feinstem Haselnuss-Pralin\u00e9-Nougat), Waldfr\u00fcchte (eine Kombination aus cremig wei\u00dfer Schokolade gemischt mit Himbeeren) und Haselnuss (traditionelle und zarte Praline mit Haseln\u00fcssen, Kakao und Milch). [&hellip;]<\/p>\n","protected":false},"featured_media":8406,"comment_status":"open","ping_status":"closed","template":"","meta":[],"product_cat":[78,746,103,74,110,54,116,63,45,108,73,1118,280,426,431,293,292,300,302,70,297,299,295,294,64],"product_tag":[585,1627],"class_list":{"0":"post-8405","1":"product","2":"type-product","3":"status-publish","4":"has-post-thumbnail","6":"product_cat-weihnachtsgeschenke","7":"product_cat--fit-fuer-den-fruehling","8":"product_cat-studenten","9":"product_cat-bester-freund","10":"product_cat-freund","11":"product_cat-vatertag","12":"product_cat-frauen","13":"product_cat-mutter","14":"product_cat-freundin","15":"product_cat-maenner","16":"product_cat-beste-freundin","17":"product_cat--freundin","18":"product_cat-geburtstagsgeschenke","19":"product_cat-nach-preis","20":"product_cat-unter-50-euro","21":"product_cat-geschenk-fuer-bruder","22":"product_cat-sohn","23":"product_cat--kollege","24":"product_cat--jungen","25":"product_cat-geschenke-fuer-jeden-anlass","26":"product_cat--maedchen","27":"product_cat--chef","28":"product_cat--tochter","29":"product_cat--schwester","30":"product_cat-vater","31":"product_tag-pralinen","32":"product_tag-suessigkeiten","34":"first","35":"instock","36":"shipping-taxable","37":"product-type-external"},"_links":{"self":[{"href":"https:\/\/www.blogseite.com\/geschenke\/wp-json\/wp\/v2\/product\/8405"}],"collection":[{"href":"https:\/\/www.blogseite.com\/geschenke\/wp-json\/wp\/v2\/product"}],"about":[{"href":"https:\/\/www.blogseite.com\/geschenke\/wp-json\/wp\/v2\/types\/product"}],"replies":[{"embeddable":true,"href":"https:\/\/www.blogseite.com\/geschenke\/wp-json\/wp\/v2\/comments?post=8405"}],"wp:featuredmedia":[{"embeddable":true,"href":"https:\/\/www.blogseite.com\/geschenke\/wp-json\/wp\/v2\/media\/8406"}],"wp:attachment":[{"href":"https:\/\/www.blogseite.com\/geschenke\/wp-json\/wp\/v2\/media?parent=8405"}],"wp:term":[{"taxonomy":"product_cat","embeddable":true,"href":"https:\/\/www.blogseite.com\/geschenke\/wp-json\/wp\/v2\/product_cat?post=8405"},{"taxonomy":"product_tag","embeddable":true,"href":"https:\/\/www.blogseite.com\/geschenke\/wp-json\/wp\/v2\/product_tag?post=8405"}],"curies":[{"name":"wp","href":"https:\/\/api.w.org\/{rel}","templated":true}]}}