{"id":8358,"date":"2022-08-12T16:46:22","date_gmt":"2022-08-12T14:46:22","guid":{"rendered":"https:\/\/www.blogseite.com\/geschenke\/?post_type=product&#038;p=8358"},"modified":"2022-08-12T16:49:52","modified_gmt":"2022-08-12T14:49:52","slug":"suessigkeiten-box-ohne-schokolade-%f0%9f%98%8d","status":"publish","type":"product","link":"https:\/\/www.blogseite.com\/geschenke\/s\/suessigkeiten-box-ohne-schokolade-%f0%9f%98%8d\/","title":{"rendered":"S\u00fc\u00dfigkeiten Box ohne Schokolade \ud83d\ude0d"},"content":{"rendered":"<ul class=\"a-unordered-list a-vertical a-spacing-mini\">\n<li><span class=\"a-list-item\">ausgefallener S\u00fc\u00dfigkeiten Mix f\u00fcr Kindergeburtstag, Halloween oder als F\u00fcllung f\u00fcr einen Adventskalender, komplett ohne Schokolade<\/span><\/li>\n<li><span class=\"a-list-item\">2kg S\u00fc\u00dfigkeiten Geschenk ohne Schokolade, alle S\u00fc\u00dfigkeiten in Einzelverpackung<\/span><\/li>\n<li><span class=\"a-list-item\">unkonventionelle und interessante Zusammenstellung aus Bonbons, s\u00fc\u00dfen und sauren Zuckerwaren, Lutschern sowie Fruchtgummi, mehr als 14 verschiedene Produkte enthalte<\/span><\/li>\n<li><span class=\"a-list-item\">CAPTAIN PLAY Snack Box (ca. 39 x 10 x 9cm), von Hand gepackt, sofort einsatzbereit, perfekte S\u00fc\u00dfigkeiten Gro\u00dfpackungen &#8211; Lieferung in hochwertiger und massiver Versandbox mit praktischer \u00d6ffnung<\/span><\/li>\n<li><span class=\"a-list-item\">ideal als fertige S\u00fc\u00dfigkeiten Hochzeit Candybar oder f\u00fcr Events aller Art<\/span><\/li>\n<\/ul>\n","protected":false},"excerpt":{"rendered":"<p>ausgefallener S\u00fc\u00dfigkeiten Mix f\u00fcr Kindergeburtstag, Halloween oder als F\u00fcllung f\u00fcr einen Adventskalender, komplett ohne Schokolade 2kg S\u00fc\u00dfigkeiten Geschenk ohne Schokolade, alle S\u00fc\u00dfigkeiten in Einzelverpackung unkonventionelle und interessante Zusammenstellung aus Bonbons, s\u00fc\u00dfen und sauren Zuckerwaren, Lutschern sowie Fruchtgummi, mehr als 14 verschiedene Produkte enthalte CAPTAIN PLAY Snack Box (ca. 39 x 10 x 9cm), von Hand [&hellip;]<\/p>\n","protected":false},"featured_media":8359,"comment_status":"open","ping_status":"closed","template":"","meta":[],"product_cat":[78,746,103,74,110,54,116,63,45,108,73,1118,280,426,431,293,292,300,302,70,297,299,295,294,64],"product_tag":[585,1627],"class_list":{"0":"post-8358","1":"product","2":"type-product","3":"status-publish","4":"has-post-thumbnail","6":"product_cat-weihnachtsgeschenke","7":"product_cat--fit-fuer-den-fruehling","8":"product_cat-studenten","9":"product_cat-bester-freund","10":"product_cat-freund","11":"product_cat-vatertag","12":"product_cat-frauen","13":"product_cat-mutter","14":"product_cat-freundin","15":"product_cat-maenner","16":"product_cat-beste-freundin","17":"product_cat--freundin","18":"product_cat-geburtstagsgeschenke","19":"product_cat-nach-preis","20":"product_cat-unter-50-euro","21":"product_cat-geschenk-fuer-bruder","22":"product_cat-sohn","23":"product_cat--kollege","24":"product_cat--jungen","25":"product_cat-geschenke-fuer-jeden-anlass","26":"product_cat--maedchen","27":"product_cat--chef","28":"product_cat--tochter","29":"product_cat--schwester","30":"product_cat-vater","31":"product_tag-pralinen","32":"product_tag-suessigkeiten","34":"first","35":"instock","36":"shipping-taxable","37":"product-type-external"},"_links":{"self":[{"href":"https:\/\/www.blogseite.com\/geschenke\/wp-json\/wp\/v2\/product\/8358"}],"collection":[{"href":"https:\/\/www.blogseite.com\/geschenke\/wp-json\/wp\/v2\/product"}],"about":[{"href":"https:\/\/www.blogseite.com\/geschenke\/wp-json\/wp\/v2\/types\/product"}],"replies":[{"embeddable":true,"href":"https:\/\/www.blogseite.com\/geschenke\/wp-json\/wp\/v2\/comments?post=8358"}],"wp:featuredmedia":[{"embeddable":true,"href":"https:\/\/www.blogseite.com\/geschenke\/wp-json\/wp\/v2\/media\/8359"}],"wp:attachment":[{"href":"https:\/\/www.blogseite.com\/geschenke\/wp-json\/wp\/v2\/media?parent=8358"}],"wp:term":[{"taxonomy":"product_cat","embeddable":true,"href":"https:\/\/www.blogseite.com\/geschenke\/wp-json\/wp\/v2\/product_cat?post=8358"},{"taxonomy":"product_tag","embeddable":true,"href":"https:\/\/www.blogseite.com\/geschenke\/wp-json\/wp\/v2\/product_tag?post=8358"}],"curies":[{"name":"wp","href":"https:\/\/api.w.org\/{rel}","templated":true}]}}