{"id":8351,"date":"2022-08-12T16:16:41","date_gmt":"2022-08-12T14:16:41","guid":{"rendered":"https:\/\/www.blogseite.com\/geschenke\/?post_type=product&#038;p=8351"},"modified":"2022-08-12T16:18:48","modified_gmt":"2022-08-12T14:18:48","slug":"korb-mit-verschiedenen-fruchtgummis-und-pralinen-kaufen-%f0%9f%98%8d","status":"publish","type":"product","link":"https:\/\/www.blogseite.com\/geschenke\/s\/korb-mit-verschiedenen-fruchtgummis-und-pralinen-kaufen-%f0%9f%98%8d\/","title":{"rendered":"Korb mit verschiedenen Fruchtgummis und Pralinen kaufen \ud83d\ude0d"},"content":{"rendered":"<ul class=\"a-unordered-list a-vertical a-spacing-mini\">\n<li><span class=\"a-list-item\">GESCHMACK: K\u00f6stliche und zartschmelzende Pralinen mit Kakaogeschmack. Weingummis mit seidiger Textur und abwechslungsreichem Fruchtgeschmack: Erdbeere, Ananas, Banane<\/span><\/li>\n<li><span class=\"a-list-item\">G\u00d6NNEN SIE SICH ETWAS GUTES: Genie\u00dfen Sie die hochw\u00e4rtigen Produkte jederzeit und \u00fcberall: Mit Ihrem Lieblingsbuch auf dem Sofa,nach dem Fu\u00dfballspiel,bei Film und Fernsehen oder ganz einfach f\u00fcr zwischendurch zu Hause. Auswahl Ihrer Lieblingsprodukte, ganz einfach mitnehmen in der Handtasche, im Auto oder im B\u00fcro&#8230;.<\/span><\/li>\n<li><span class=\"a-list-item\">SCH\u00d6NE GESCHENKKISTE. Kreatives Design mit Valeli &#8220;Sweet Moments&#8221; Premium Cover und sch\u00fctzendem Seidenpapier. Wir k\u00fcmmern uns um alle Details, damit es das perfekte Geschenk ist, um es direkt an einen Freund oder ein Familienmitglied zu senden.<\/span><\/li>\n<li><span class=\"a-list-item\">R\u00dcCKGABE GARANTIERT: Die Zufriedenheit unserer Kunden hat f\u00fcr uns h\u00f6chste Priorit\u00e4t. Daher erstatten wir den Gesamtbetrag Ihres Kaufs, oder tauschen ihn auf Wunsch gegen ein anderes Produkt um. Wenn Sie kein offizieller Verk\u00e4ufer der Marke sind, gilt die Garantie nicht.<\/span><\/li>\n<\/ul>\n","protected":false},"excerpt":{"rendered":"<p>GESCHMACK: K\u00f6stliche und zartschmelzende Pralinen mit Kakaogeschmack. Weingummis mit seidiger Textur und abwechslungsreichem Fruchtgeschmack: Erdbeere, Ananas, Banane G\u00d6NNEN SIE SICH ETWAS GUTES: Genie\u00dfen Sie die hochw\u00e4rtigen Produkte jederzeit und \u00fcberall: Mit Ihrem Lieblingsbuch auf dem Sofa,nach dem Fu\u00dfballspiel,bei Film und Fernsehen oder ganz einfach f\u00fcr zwischendurch zu Hause. Auswahl Ihrer Lieblingsprodukte, ganz einfach mitnehmen in [&hellip;]<\/p>\n","protected":false},"featured_media":8352,"comment_status":"open","ping_status":"closed","template":"","meta":[],"product_cat":[78,746,103,74,110,54,116,63,45,108,73,1118,280,426,431,293,292,300,302,70,297,299,295,294,64],"product_tag":[585,1627],"class_list":{"0":"post-8351","1":"product","2":"type-product","3":"status-publish","4":"has-post-thumbnail","6":"product_cat-weihnachtsgeschenke","7":"product_cat--fit-fuer-den-fruehling","8":"product_cat-studenten","9":"product_cat-bester-freund","10":"product_cat-freund","11":"product_cat-vatertag","12":"product_cat-frauen","13":"product_cat-mutter","14":"product_cat-freundin","15":"product_cat-maenner","16":"product_cat-beste-freundin","17":"product_cat--freundin","18":"product_cat-geburtstagsgeschenke","19":"product_cat-nach-preis","20":"product_cat-unter-50-euro","21":"product_cat-geschenk-fuer-bruder","22":"product_cat-sohn","23":"product_cat--kollege","24":"product_cat--jungen","25":"product_cat-geschenke-fuer-jeden-anlass","26":"product_cat--maedchen","27":"product_cat--chef","28":"product_cat--tochter","29":"product_cat--schwester","30":"product_cat-vater","31":"product_tag-pralinen","32":"product_tag-suessigkeiten","34":"first","35":"instock","36":"shipping-taxable","37":"product-type-external"},"_links":{"self":[{"href":"https:\/\/www.blogseite.com\/geschenke\/wp-json\/wp\/v2\/product\/8351"}],"collection":[{"href":"https:\/\/www.blogseite.com\/geschenke\/wp-json\/wp\/v2\/product"}],"about":[{"href":"https:\/\/www.blogseite.com\/geschenke\/wp-json\/wp\/v2\/types\/product"}],"replies":[{"embeddable":true,"href":"https:\/\/www.blogseite.com\/geschenke\/wp-json\/wp\/v2\/comments?post=8351"}],"wp:featuredmedia":[{"embeddable":true,"href":"https:\/\/www.blogseite.com\/geschenke\/wp-json\/wp\/v2\/media\/8352"}],"wp:attachment":[{"href":"https:\/\/www.blogseite.com\/geschenke\/wp-json\/wp\/v2\/media?parent=8351"}],"wp:term":[{"taxonomy":"product_cat","embeddable":true,"href":"https:\/\/www.blogseite.com\/geschenke\/wp-json\/wp\/v2\/product_cat?post=8351"},{"taxonomy":"product_tag","embeddable":true,"href":"https:\/\/www.blogseite.com\/geschenke\/wp-json\/wp\/v2\/product_tag?post=8351"}],"curies":[{"name":"wp","href":"https:\/\/api.w.org\/{rel}","templated":true}]}}