{"id":8349,"date":"2022-08-12T16:13:07","date_gmt":"2022-08-12T14:13:07","guid":{"rendered":"https:\/\/www.blogseite.com\/geschenke\/?post_type=product&#038;p=8349"},"modified":"2022-08-12T16:14:32","modified_gmt":"2022-08-12T14:14:32","slug":"getdigital-candy-roads-usa-box-kaufen-%f0%9f%98%8d","status":"publish","type":"product","link":"https:\/\/www.blogseite.com\/geschenke\/s\/getdigital-candy-roads-usa-box-kaufen-%f0%9f%98%8d\/","title":{"rendered":"getDigital Candy Roads USA Box kaufen \ud83d\ude0d"},"content":{"rendered":"<ul class=\"a-unordered-list a-vertical a-spacing-mini\">\n<li><span class=\"a-list-item\">DEINE USA CANDY BOX &#8211; Unsere Candy Roads Geschenkbox nimmt dich mit auf eine kulinarische Reise quer durch die amerikanischen Bundesstaaten &#8211; Von der Westk\u00fcste der USA bis nach New York, ganz im Osten des Landes.<\/span><\/li>\n<li><span class=\"a-list-item\">RIESIGE AUSWAHL &#8211; Die Candy Box ist randvoll gepackt mit 25 s\u00fc\u00dfen &amp; salzigen Snacks. Unter anderem kannst du dich auf Twinkies, Herr&#8217;s Chips, Twizzlers und Hershey&#8217;s Schokolade freuen. In jeder Box findest du auch leckere amerikanische Getr\u00e4nke wie Root Beer oder Big Red Soda. Die Auswahl der Snacks kann variieren, da wir immer auf der Suche nach neuen K\u00f6stlichkeiten sind, um Abwechslung in deine Box zu bringen.<\/span><\/li>\n<li><span class=\"a-list-item\">GRATIS BROSCH\u00dcRE &#8211; Jedes Paket enth\u00e4lt eine von uns liebevoll gestaltete Brosch\u00fcre. Darin kannst du Zutaten und N\u00e4hrwerte zu jedem einzelnen Snack nachlesen und auch viel interessantes Hintergrundwissen zur amerikanischen Popkultur finden. Au\u00dferdem geben wir dir noch eine Karte der USA mit auf den Weg, auf der alle Stationen deines Candy Road Trips eingezeichnet sind.<\/span><\/li>\n<li><span class=\"a-list-item\">VERSAND AUS DEUTSCHLAND &#8211; Der Versand deiner amerikanischen Snackbox erfolgt direkt aus Deutschland. Dabei kommt die Box im umweltfreundlichen &amp; handlichen Format zu dir, was f\u00fcr deutlich weniger Verpackungsm\u00fcll sorgt.<\/span><\/li>\n<li><span class=\"a-list-item\">PERFEKTER GESCHENKKORB &#8211; Du kennst einen Fan von amerikanischen oder anderen internationalen K\u00f6stlichkeiten? F\u00fcr alle Freunde von S\u00fc\u00dfigkeiten aus aller Welt ist unsere USA Snackbox eine hervorragende Geschenkidee!<\/span><\/li>\n<\/ul>\n","protected":false},"excerpt":{"rendered":"<p>DEINE USA CANDY BOX &#8211; Unsere Candy Roads Geschenkbox nimmt dich mit auf eine kulinarische Reise quer durch die amerikanischen Bundesstaaten &#8211; Von der Westk\u00fcste der USA bis nach New York, ganz im Osten des Landes. RIESIGE AUSWAHL &#8211; Die Candy Box ist randvoll gepackt mit 25 s\u00fc\u00dfen &amp; salzigen Snacks. Unter anderem kannst du [&hellip;]<\/p>\n","protected":false},"featured_media":8350,"comment_status":"open","ping_status":"closed","template":"","meta":[],"product_cat":[78,746,103,74,110,54,116,63,45,108,73,1118,280,426,431,293,292,300,302,70,297,299,295,294,64],"product_tag":[585,1627],"class_list":{"0":"post-8349","1":"product","2":"type-product","3":"status-publish","4":"has-post-thumbnail","6":"product_cat-weihnachtsgeschenke","7":"product_cat--fit-fuer-den-fruehling","8":"product_cat-studenten","9":"product_cat-bester-freund","10":"product_cat-freund","11":"product_cat-vatertag","12":"product_cat-frauen","13":"product_cat-mutter","14":"product_cat-freundin","15":"product_cat-maenner","16":"product_cat-beste-freundin","17":"product_cat--freundin","18":"product_cat-geburtstagsgeschenke","19":"product_cat-nach-preis","20":"product_cat-unter-50-euro","21":"product_cat-geschenk-fuer-bruder","22":"product_cat-sohn","23":"product_cat--kollege","24":"product_cat--jungen","25":"product_cat-geschenke-fuer-jeden-anlass","26":"product_cat--maedchen","27":"product_cat--chef","28":"product_cat--tochter","29":"product_cat--schwester","30":"product_cat-vater","31":"product_tag-pralinen","32":"product_tag-suessigkeiten","34":"first","35":"instock","36":"shipping-taxable","37":"product-type-external"},"_links":{"self":[{"href":"https:\/\/www.blogseite.com\/geschenke\/wp-json\/wp\/v2\/product\/8349"}],"collection":[{"href":"https:\/\/www.blogseite.com\/geschenke\/wp-json\/wp\/v2\/product"}],"about":[{"href":"https:\/\/www.blogseite.com\/geschenke\/wp-json\/wp\/v2\/types\/product"}],"replies":[{"embeddable":true,"href":"https:\/\/www.blogseite.com\/geschenke\/wp-json\/wp\/v2\/comments?post=8349"}],"wp:featuredmedia":[{"embeddable":true,"href":"https:\/\/www.blogseite.com\/geschenke\/wp-json\/wp\/v2\/media\/8350"}],"wp:attachment":[{"href":"https:\/\/www.blogseite.com\/geschenke\/wp-json\/wp\/v2\/media?parent=8349"}],"wp:term":[{"taxonomy":"product_cat","embeddable":true,"href":"https:\/\/www.blogseite.com\/geschenke\/wp-json\/wp\/v2\/product_cat?post=8349"},{"taxonomy":"product_tag","embeddable":true,"href":"https:\/\/www.blogseite.com\/geschenke\/wp-json\/wp\/v2\/product_tag?post=8349"}],"curies":[{"name":"wp","href":"https:\/\/api.w.org\/{rel}","templated":true}]}}