{"id":8230,"date":"2022-08-12T09:47:19","date_gmt":"2022-08-12T07:47:19","guid":{"rendered":"https:\/\/www.blogseite.com\/geschenke\/?post_type=product&#038;p=8230"},"modified":"2022-08-12T09:48:52","modified_gmt":"2022-08-12T07:48:52","slug":"monty-bojangles-taste-trueffel-geschenk-%f0%9f%a5%b0","status":"publish","type":"product","link":"https:\/\/www.blogseite.com\/geschenke\/s\/monty-bojangles-taste-trueffel-geschenk-%f0%9f%a5%b0\/","title":{"rendered":"Monty Bojangles Taste Tr\u00fcffel Geschenk \ud83e\udd70"},"content":{"rendered":"<ul class=\"a-unordered-list a-vertical a-spacing-mini\">\n<li><span class=\"a-list-item\">HERRLICH SCHOKOLADIG \u2013 Entdecken Sie eine Welt voller Schokoladenwunder. Unsere zartschmelzenden, luxuri\u00f6sen Schokoladentr\u00fcffel sind ein Verw\u00f6hnerlebnis f\u00fcr den Gaumen in zahlreichen k\u00f6stlichen Geschmacksrichtungen.<\/span><\/li>\n<li><span class=\"a-list-item\">GESCHMACKSSORTEN, DIE EINFACH NACH MEHR SCHMECKEN \u2013 Eine au\u00dfergew\u00f6hnliche Kombination der folgenden k\u00f6stlichen Geschmacksrichtungen: Choccy Scoffy aus reiner Schokolade, buttrig zartes Cookie Moon, zartschmelzendes Flutter Scotch, prickelndes Berry Bubbly und fruchtiges Orange Angelical. Jede Sorte wurde sorgf\u00e4ltig ausgew\u00e4hlt, um diese abgerundete Kollektion aus k\u00f6stlichen Geschmacksrichtungen zu kreieren!<\/span><\/li>\n<li><span class=\"a-list-item\">MAGISCHE GESCHENKBOX \u2013 Diese wundersch\u00f6ne Schachtel mit Pralinen zum Teilen mit geheimnisvollem \u201eKronen\u201c-Deckel l\u00e4sst sich aufklappen, um eine Auswahl an edlen Pralinen zu enth\u00fcllen, die einfach nach mehr schmecken. Aus hochwertigem, innen und au\u00dfen bedrucktem Metallic-Faltkarton mit gl\u00e4nzender und matter Oberfl\u00e4che f\u00fcr eine luxuri\u00f6se Optik und Haptik. Diese Box mit ihrem atemberaubenden Ros\u00e9gold-Glanzeffekt wird garantiert Ihre Begeisterung wecken.<\/span><\/li>\n<li><span class=\"a-list-item\">VERSCHENKEN SIE DAS ABENTEUER \u2013 Ein traumhaftes Geschenk zum Valentinstag, zum Geburtstag, zu Weihnachten und zum Muttertag sowie als Dankesch\u00f6n f\u00fcr Freunde, Kollegen oder Lehrer. Die Pralinenschachtel enth\u00e4lt 24 einzeln verpackte Tr\u00fcffel \u2013 perfekt zum Teilen mit der ganzen Familie, oder?<\/span><\/li>\n<li><span class=\"a-list-item\">DIE LECKERSTEN SCHOKOLADEN IM K\u00d6NIGREICH \u2013 Die dekadenten Tr\u00fcffel von Monty Bojangles wurden als die leckersten im Vereinigten K\u00f6nigreich bezeichnet. Alle sechs Geschmacksrichtungen in dieser Box haben zwischen 2019 und 2020 prestigetr\u00e4chtige \u201e1-\u201c oder \u201e2-Star Great Taste\u201c-Awards gewonnen. F\u00fcr Vegetarier geeignet und von allen geliebt.<\/span><\/li>\n<\/ul>\n","protected":false},"excerpt":{"rendered":"<p>HERRLICH SCHOKOLADIG \u2013 Entdecken Sie eine Welt voller Schokoladenwunder. Unsere zartschmelzenden, luxuri\u00f6sen Schokoladentr\u00fcffel sind ein Verw\u00f6hnerlebnis f\u00fcr den Gaumen in zahlreichen k\u00f6stlichen Geschmacksrichtungen. GESCHMACKSSORTEN, DIE EINFACH NACH MEHR SCHMECKEN \u2013 Eine au\u00dfergew\u00f6hnliche Kombination der folgenden k\u00f6stlichen Geschmacksrichtungen: Choccy Scoffy aus reiner Schokolade, buttrig zartes Cookie Moon, zartschmelzendes Flutter Scotch, prickelndes Berry Bubbly und fruchtiges Orange [&hellip;]<\/p>\n","protected":false},"featured_media":8231,"comment_status":"open","ping_status":"closed","template":"","meta":[],"product_cat":[78,746,103,74,110,54,116,63,45,108,73,1118,280,426,431,293,292,300,302,70,297,299,295,294,64],"product_tag":[585,1627],"class_list":{"0":"post-8230","1":"product","2":"type-product","3":"status-publish","4":"has-post-thumbnail","6":"product_cat-weihnachtsgeschenke","7":"product_cat--fit-fuer-den-fruehling","8":"product_cat-studenten","9":"product_cat-bester-freund","10":"product_cat-freund","11":"product_cat-vatertag","12":"product_cat-frauen","13":"product_cat-mutter","14":"product_cat-freundin","15":"product_cat-maenner","16":"product_cat-beste-freundin","17":"product_cat--freundin","18":"product_cat-geburtstagsgeschenke","19":"product_cat-nach-preis","20":"product_cat-unter-50-euro","21":"product_cat-geschenk-fuer-bruder","22":"product_cat-sohn","23":"product_cat--kollege","24":"product_cat--jungen","25":"product_cat-geschenke-fuer-jeden-anlass","26":"product_cat--maedchen","27":"product_cat--chef","28":"product_cat--tochter","29":"product_cat--schwester","30":"product_cat-vater","31":"product_tag-pralinen","32":"product_tag-suessigkeiten","34":"first","35":"instock","36":"shipping-taxable","37":"product-type-external"},"_links":{"self":[{"href":"https:\/\/www.blogseite.com\/geschenke\/wp-json\/wp\/v2\/product\/8230"}],"collection":[{"href":"https:\/\/www.blogseite.com\/geschenke\/wp-json\/wp\/v2\/product"}],"about":[{"href":"https:\/\/www.blogseite.com\/geschenke\/wp-json\/wp\/v2\/types\/product"}],"replies":[{"embeddable":true,"href":"https:\/\/www.blogseite.com\/geschenke\/wp-json\/wp\/v2\/comments?post=8230"}],"wp:featuredmedia":[{"embeddable":true,"href":"https:\/\/www.blogseite.com\/geschenke\/wp-json\/wp\/v2\/media\/8231"}],"wp:attachment":[{"href":"https:\/\/www.blogseite.com\/geschenke\/wp-json\/wp\/v2\/media?parent=8230"}],"wp:term":[{"taxonomy":"product_cat","embeddable":true,"href":"https:\/\/www.blogseite.com\/geschenke\/wp-json\/wp\/v2\/product_cat?post=8230"},{"taxonomy":"product_tag","embeddable":true,"href":"https:\/\/www.blogseite.com\/geschenke\/wp-json\/wp\/v2\/product_tag?post=8230"}],"curies":[{"name":"wp","href":"https:\/\/api.w.org\/{rel}","templated":true}]}}