{"id":8228,"date":"2022-08-12T09:45:11","date_gmt":"2022-08-12T07:45:11","guid":{"rendered":"https:\/\/www.blogseite.com\/geschenke\/?post_type=product&#038;p=8228"},"modified":"2022-08-12T09:46:49","modified_gmt":"2022-08-12T07:46:49","slug":"monty-bojangles-geschenkschachtel-mit-trueffeln-kaufen-%f0%9f%98%8d","status":"publish","type":"product","link":"https:\/\/www.blogseite.com\/geschenke\/s\/monty-bojangles-geschenkschachtel-mit-trueffeln-kaufen-%f0%9f%98%8d\/","title":{"rendered":"Monty Bojangles Geschenkschachtel mit Tr\u00fcffeln kaufen \ud83d\ude0d"},"content":{"rendered":"<ul class=\"a-unordered-list a-vertical a-spacing-mini\">\n<li><span class=\"a-list-item\">WUNDERSCH\u00d6N ILLUSTRIERTES TR\u00dcFFELSORTIMENT \u2013 Eine Kollektion aus herrlich schokoladigen Tr\u00fcffeln mit Kakaopulver in einer wundersch\u00f6n verpackten Geschenkbox. Ein luxuri\u00f6ses Geschenk f\u00fcr alle Chocoholics.<\/span><\/li>\n<li><span class=\"a-list-item\">GESCHMACKSSORTEN, DIE EINFACH NACH MEHR SCHMECKEN \u2013 Eine au\u00dfergew\u00f6hnliche Kombination der folgenden k\u00f6stlichen Geschmacksrichtungen: Choccy Scoffy aus reiner Schokolade, buttrig zartes Cookie Moon, cremig nussiges Pistachio Marooned, salzig s\u00fc\u00dfes Popcorn Carousel, fruchtig biskuitartiges Ruby Fruit Sunday und tropisch verlockendes Coconut Crush. Jede Sorte wurde sorgf\u00e4ltig ausgew\u00e4hlt, um diese abgerundete Kollektion aus k\u00f6stlichen Geschmacksrichtungen zu kreieren!<\/span><\/li>\n<li><span class=\"a-list-item\">UNVERGESSLICHE GESCHENKVERPACKUNG \u2013 Diese wundersch\u00f6ne Geschenkverpackung wird sicherlich ins Auge fallen! Das einzigartige Geschenkpapier ist sowohl innen als auch au\u00dfen exquisit gestaltet und wird von einem seidenen Geschenkband mit einer Schleife gebunden. An der Schleife ist ein personalisierbarer Anh\u00e4nger mit den Angaben \u201eTo\u201c und \u201eFrom\u201c angebracht. Auf der anderen Seite befindet sich ein Foto unserer g\u00f6ttlichen Tr\u00fcffel.<\/span><\/li>\n<li><span class=\"a-list-item\">TEILEN SIE DAS ABENTEUER &#8211; Ein atemberaubendes Geschenk zum Valentinstag, zum Geburtstag, zu Weihnachten und zum Muttertag und als Dankesch\u00f6n f\u00fcr Freunde, Kollegen oder Lehrer. Enth\u00e4lt \u00fcber 28 einzeln verpackte Tr\u00fcffel. Diese exquisite, von Hand eingepackte Schachtel voller Schokolade wird sicherlich Ihre Begeisterung wecken.<\/span><\/li>\n<li><span class=\"a-list-item\">DIE LECKERSTEN SCHOKOLADEN IM K\u00d6NIGREICH \u2013 Die dekadenten Pralinen von Monty Bojangles wurden als die leckersten im Vereinigten K\u00f6nigreich ausgezeichnet. Alle sechs Geschmacksrichtungen in dieser Box haben in den Jahren zwischen 2017 und 2020 prestigetr\u00e4chtige 1, 2 oder 3 Star Great Taste Awards gewonnen. F\u00fcr Vegetarier geeignet, von allen geliebt.<\/span><\/li>\n<\/ul>\n","protected":false},"excerpt":{"rendered":"<p>WUNDERSCH\u00d6N ILLUSTRIERTES TR\u00dcFFELSORTIMENT \u2013 Eine Kollektion aus herrlich schokoladigen Tr\u00fcffeln mit Kakaopulver in einer wundersch\u00f6n verpackten Geschenkbox. Ein luxuri\u00f6ses Geschenk f\u00fcr alle Chocoholics. GESCHMACKSSORTEN, DIE EINFACH NACH MEHR SCHMECKEN \u2013 Eine au\u00dfergew\u00f6hnliche Kombination der folgenden k\u00f6stlichen Geschmacksrichtungen: Choccy Scoffy aus reiner Schokolade, buttrig zartes Cookie Moon, cremig nussiges Pistachio Marooned, salzig s\u00fc\u00dfes Popcorn Carousel, fruchtig [&hellip;]<\/p>\n","protected":false},"featured_media":8229,"comment_status":"open","ping_status":"closed","template":"","meta":[],"product_cat":[78,746,103,74,110,54,116,63,45,108,73,1118,280,426,431,293,292,300,302,70,297,299,295,294,64],"product_tag":[585,1627],"class_list":{"0":"post-8228","1":"product","2":"type-product","3":"status-publish","4":"has-post-thumbnail","6":"product_cat-weihnachtsgeschenke","7":"product_cat--fit-fuer-den-fruehling","8":"product_cat-studenten","9":"product_cat-bester-freund","10":"product_cat-freund","11":"product_cat-vatertag","12":"product_cat-frauen","13":"product_cat-mutter","14":"product_cat-freundin","15":"product_cat-maenner","16":"product_cat-beste-freundin","17":"product_cat--freundin","18":"product_cat-geburtstagsgeschenke","19":"product_cat-nach-preis","20":"product_cat-unter-50-euro","21":"product_cat-geschenk-fuer-bruder","22":"product_cat-sohn","23":"product_cat--kollege","24":"product_cat--jungen","25":"product_cat-geschenke-fuer-jeden-anlass","26":"product_cat--maedchen","27":"product_cat--chef","28":"product_cat--tochter","29":"product_cat--schwester","30":"product_cat-vater","31":"product_tag-pralinen","32":"product_tag-suessigkeiten","34":"first","35":"instock","36":"shipping-taxable","37":"product-type-external"},"_links":{"self":[{"href":"https:\/\/www.blogseite.com\/geschenke\/wp-json\/wp\/v2\/product\/8228"}],"collection":[{"href":"https:\/\/www.blogseite.com\/geschenke\/wp-json\/wp\/v2\/product"}],"about":[{"href":"https:\/\/www.blogseite.com\/geschenke\/wp-json\/wp\/v2\/types\/product"}],"replies":[{"embeddable":true,"href":"https:\/\/www.blogseite.com\/geschenke\/wp-json\/wp\/v2\/comments?post=8228"}],"wp:featuredmedia":[{"embeddable":true,"href":"https:\/\/www.blogseite.com\/geschenke\/wp-json\/wp\/v2\/media\/8229"}],"wp:attachment":[{"href":"https:\/\/www.blogseite.com\/geschenke\/wp-json\/wp\/v2\/media?parent=8228"}],"wp:term":[{"taxonomy":"product_cat","embeddable":true,"href":"https:\/\/www.blogseite.com\/geschenke\/wp-json\/wp\/v2\/product_cat?post=8228"},{"taxonomy":"product_tag","embeddable":true,"href":"https:\/\/www.blogseite.com\/geschenke\/wp-json\/wp\/v2\/product_tag?post=8228"}],"curies":[{"name":"wp","href":"https:\/\/api.w.org\/{rel}","templated":true}]}}