{"id":8224,"date":"2022-08-12T09:37:19","date_gmt":"2022-08-12T07:37:19","guid":{"rendered":"https:\/\/www.blogseite.com\/geschenke\/?post_type=product&#038;p=8224"},"modified":"2022-08-12T09:38:55","modified_gmt":"2022-08-12T07:38:55","slug":"kakaobestaeubte-schokoladentrueffel-mit-haselnuss-kaufen-%f0%9f%98%99%f0%9f%98%99","status":"publish","type":"product","link":"https:\/\/www.blogseite.com\/geschenke\/s\/kakaobestaeubte-schokoladentrueffel-mit-haselnuss-kaufen-%f0%9f%98%99%f0%9f%98%99\/","title":{"rendered":"Kakaobest\u00e4ubte Schokoladentr\u00fcffel mit Haselnuss kaufen \ud83d\ude19\ud83d\ude19"},"content":{"rendered":"<ul class=\"a-unordered-list a-vertical a-spacing-mini\">\n<li><span class=\"a-list-item\">Herrlich schokoladig: Entdecken Sie die Wunderwelt des intensiven Schokoladengenusses. Unsere zartschmelzenden luxuri\u00f6sen Schokoladentr\u00fcffel bieten ein genussvolles Erlebnis voller k\u00f6stlicher Geschmacksrichtungen.<\/span><\/li>\n<li><span class=\"a-list-item\">Traumhafte Tr\u00fcffel f\u00fcr Schokofans: Die sensationellen, s\u00fc\u00dfen und salzigen Tr\u00fcffel mit Kakaopuder und einem gro\u00dfz\u00fcgigen, buttrigen Popcorn-Aroma sowie Cr\u00eape-Dentelle-St\u00fcckchen sorgen f\u00fcr ein knuspriges Waffel-Erlebnis und bieten den ultimativen Schokoladengenuss.<\/span><\/li>\n<li><span class=\"a-list-item\">Wundersch\u00f6nes Geschenk: Die ausgefallen leckeren, doppelt bestreuten Luxus-Tr\u00fcffel befinden sich in einer sch\u00f6nen Geschenkverpackung. Eine Praline zum behalten und die andere zum Teilen? W\u00e4hlen Sie aus 10 dekadenten Geschmacksrichtungen. Jede Schachtel ist einzigartig dekoriert mit Motiven aus der wundersch\u00f6nen und fantastischen Welt von Monty Bojangles.<\/span><\/li>\n<li><span class=\"a-list-item\">Teilen Sie das Schoko-Abenteuer: Die Pralinen sind ein atemberaubend k\u00f6stliches Geschenk zum Valentinstag, Geburtstag, Weihnachten, Muttertag und als Dankesch\u00f6n f\u00fcr Freunde, Kollegen oder Lehrer. Diese Schachteln enthalten zusammen mehr als 32 Tr\u00fcffel-Pralinen \u2013 genug, um sie mit anderen zu teilen und zu genie\u00dfen.<\/span><\/li>\n<li><span class=\"a-list-item\">Die leckersten Tr\u00fcffel des K\u00f6nigreichs: Unsere Pralinen sind bekannt f\u00fcr ihren Gourmet-Faktor und haben viele Auszeichnungen erhalten, darunter den prestigetr\u00e4chtigen \u201e2 Star Great Taste Award\u201c im Jahr 2019 f\u00fcr unsere Geschmacksrichtung \u201ePopcorn Carousel\u201c (Popcorn und Waffel). F\u00fcr Vegetarier geeignet und von allen geliebt:<\/span><\/li>\n<\/ul>\n","protected":false},"excerpt":{"rendered":"<p>Herrlich schokoladig: Entdecken Sie die Wunderwelt des intensiven Schokoladengenusses. Unsere zartschmelzenden luxuri\u00f6sen Schokoladentr\u00fcffel bieten ein genussvolles Erlebnis voller k\u00f6stlicher Geschmacksrichtungen. Traumhafte Tr\u00fcffel f\u00fcr Schokofans: Die sensationellen, s\u00fc\u00dfen und salzigen Tr\u00fcffel mit Kakaopuder und einem gro\u00dfz\u00fcgigen, buttrigen Popcorn-Aroma sowie Cr\u00eape-Dentelle-St\u00fcckchen sorgen f\u00fcr ein knuspriges Waffel-Erlebnis und bieten den ultimativen Schokoladengenuss. Wundersch\u00f6nes Geschenk: Die ausgefallen leckeren, doppelt [&hellip;]<\/p>\n","protected":false},"featured_media":8225,"comment_status":"open","ping_status":"closed","template":"","meta":[],"product_cat":[78,746,103,74,110,54,116,63,45,108,73,1118,280,426,431,293,292,300,302,70,297,299,295,294,64],"product_tag":[585,1627],"class_list":{"0":"post-8224","1":"product","2":"type-product","3":"status-publish","4":"has-post-thumbnail","6":"product_cat-weihnachtsgeschenke","7":"product_cat--fit-fuer-den-fruehling","8":"product_cat-studenten","9":"product_cat-bester-freund","10":"product_cat-freund","11":"product_cat-vatertag","12":"product_cat-frauen","13":"product_cat-mutter","14":"product_cat-freundin","15":"product_cat-maenner","16":"product_cat-beste-freundin","17":"product_cat--freundin","18":"product_cat-geburtstagsgeschenke","19":"product_cat-nach-preis","20":"product_cat-unter-50-euro","21":"product_cat-geschenk-fuer-bruder","22":"product_cat-sohn","23":"product_cat--kollege","24":"product_cat--jungen","25":"product_cat-geschenke-fuer-jeden-anlass","26":"product_cat--maedchen","27":"product_cat--chef","28":"product_cat--tochter","29":"product_cat--schwester","30":"product_cat-vater","31":"product_tag-pralinen","32":"product_tag-suessigkeiten","34":"first","35":"instock","36":"shipping-taxable","37":"product-type-external"},"_links":{"self":[{"href":"https:\/\/www.blogseite.com\/geschenke\/wp-json\/wp\/v2\/product\/8224"}],"collection":[{"href":"https:\/\/www.blogseite.com\/geschenke\/wp-json\/wp\/v2\/product"}],"about":[{"href":"https:\/\/www.blogseite.com\/geschenke\/wp-json\/wp\/v2\/types\/product"}],"replies":[{"embeddable":true,"href":"https:\/\/www.blogseite.com\/geschenke\/wp-json\/wp\/v2\/comments?post=8224"}],"wp:featuredmedia":[{"embeddable":true,"href":"https:\/\/www.blogseite.com\/geschenke\/wp-json\/wp\/v2\/media\/8225"}],"wp:attachment":[{"href":"https:\/\/www.blogseite.com\/geschenke\/wp-json\/wp\/v2\/media?parent=8224"}],"wp:term":[{"taxonomy":"product_cat","embeddable":true,"href":"https:\/\/www.blogseite.com\/geschenke\/wp-json\/wp\/v2\/product_cat?post=8224"},{"taxonomy":"product_tag","embeddable":true,"href":"https:\/\/www.blogseite.com\/geschenke\/wp-json\/wp\/v2\/product_tag?post=8224"}],"curies":[{"name":"wp","href":"https:\/\/api.w.org\/{rel}","templated":true}]}}