{"id":8215,"date":"2022-08-12T09:24:30","date_gmt":"2022-08-12T07:24:30","guid":{"rendered":"https:\/\/www.blogseite.com\/geschenke\/?post_type=product&#038;p=8215"},"modified":"2022-08-12T09:26:02","modified_gmt":"2022-08-12T07:26:02","slug":"bistro-chocolatier-assorted-pralinen-kaufen-%f0%9f%98%8d","status":"publish","type":"product","link":"https:\/\/www.blogseite.com\/geschenke\/s\/bistro-chocolatier-assorted-pralinen-kaufen-%f0%9f%98%8d\/","title":{"rendered":"Bistro Chocolatier Assorted Pralinen kaufen \ud83d\ude0d"},"content":{"rendered":"<ul class=\"a-unordered-list a-vertical a-spacing-mini\">\n<li><span class=\"a-list-item\">\ud83c\udf6b 20 &#8211; ST\u00dcCK (260 gr) Als Pr\u00e4sentschokolade bietet Bistro f\u00fcr jeden etwas und wird sicher gut angenommen.<\/span><\/li>\n<li><span class=\"a-list-item\">\ud83c\udf6b PREMIUM QUALIT\u00c4T &#8211; Carian&#8217;s Bistro Schokolade bietet eine durchdachte Kollektion reichhaltiger US-Schokolade aus den besten verf\u00fcgbaren Zutaten.<\/span><\/li>\n<li><span class=\"a-list-item\">\ud83c\udf6b GESCHENK &#8211; Es kommt mit einer luxuri\u00f6sen Geschenkbox und einem goldenen Band. Perfektes Geschenk f\u00fcr Lieben und Kollegen gleicherma\u00dfen. Die richtige Wahl f\u00fcr mehrere Anl\u00e4sse wie Thanksgiving, Weihnachten, Valentinstag, Ostern, Muttertag, Chanukka, Geburtstage, Halloween, Sympathie, Beileid, um Danke zu sagen, ich liebe dich und alles dazwischen.<\/span><\/li>\n<li><span class=\"a-list-item\">\ud83c\udf6b FRISCH &#8211; Einzeln verpackt, um Frische und Sauberkeit zum Teilen zu f\u00f6rdern. Es ist KOSHER \/ HALAL Dairy, was es zu einem gro\u00dfartigen Geschenk f\u00fcr alle Schokoladenliebhaber auf Ihrer Liste macht.<\/span><\/li>\n<li><span class=\"a-list-item\">\ud83c\udf6b REICHER GESCHMACK &#8211; Sie und Ihre Familie werden die einzigartigen Aromen dieser Schokoladentr\u00fcffel und handwerklichen Pralinen genie\u00dfen. Ersetzen Sie die traditionellen S\u00fc\u00dfigkeiten, Kekse und Schokolade durch Carians einzigartige Schokoladentr\u00fcffel.<\/span><\/li>\n<\/ul>\n","protected":false},"excerpt":{"rendered":"<p>\ud83c\udf6b 20 &#8211; ST\u00dcCK (260 gr) Als Pr\u00e4sentschokolade bietet Bistro f\u00fcr jeden etwas und wird sicher gut angenommen. \ud83c\udf6b PREMIUM QUALIT\u00c4T &#8211; Carian&#8217;s Bistro Schokolade bietet eine durchdachte Kollektion reichhaltiger US-Schokolade aus den besten verf\u00fcgbaren Zutaten. \ud83c\udf6b GESCHENK &#8211; Es kommt mit einer luxuri\u00f6sen Geschenkbox und einem goldenen Band. Perfektes Geschenk f\u00fcr Lieben und Kollegen [&hellip;]<\/p>\n","protected":false},"featured_media":8216,"comment_status":"open","ping_status":"closed","template":"","meta":[],"product_cat":[78,746,103,74,110,54,116,63,45,108,73,1118,280,426,431,293,292,300,302,70,297,299,295,294,64],"product_tag":[585,1627],"class_list":{"0":"post-8215","1":"product","2":"type-product","3":"status-publish","4":"has-post-thumbnail","6":"product_cat-weihnachtsgeschenke","7":"product_cat--fit-fuer-den-fruehling","8":"product_cat-studenten","9":"product_cat-bester-freund","10":"product_cat-freund","11":"product_cat-vatertag","12":"product_cat-frauen","13":"product_cat-mutter","14":"product_cat-freundin","15":"product_cat-maenner","16":"product_cat-beste-freundin","17":"product_cat--freundin","18":"product_cat-geburtstagsgeschenke","19":"product_cat-nach-preis","20":"product_cat-unter-50-euro","21":"product_cat-geschenk-fuer-bruder","22":"product_cat-sohn","23":"product_cat--kollege","24":"product_cat--jungen","25":"product_cat-geschenke-fuer-jeden-anlass","26":"product_cat--maedchen","27":"product_cat--chef","28":"product_cat--tochter","29":"product_cat--schwester","30":"product_cat-vater","31":"product_tag-pralinen","32":"product_tag-suessigkeiten","34":"first","35":"instock","36":"shipping-taxable","37":"product-type-external"},"_links":{"self":[{"href":"https:\/\/www.blogseite.com\/geschenke\/wp-json\/wp\/v2\/product\/8215"}],"collection":[{"href":"https:\/\/www.blogseite.com\/geschenke\/wp-json\/wp\/v2\/product"}],"about":[{"href":"https:\/\/www.blogseite.com\/geschenke\/wp-json\/wp\/v2\/types\/product"}],"replies":[{"embeddable":true,"href":"https:\/\/www.blogseite.com\/geschenke\/wp-json\/wp\/v2\/comments?post=8215"}],"wp:featuredmedia":[{"embeddable":true,"href":"https:\/\/www.blogseite.com\/geschenke\/wp-json\/wp\/v2\/media\/8216"}],"wp:attachment":[{"href":"https:\/\/www.blogseite.com\/geschenke\/wp-json\/wp\/v2\/media?parent=8215"}],"wp:term":[{"taxonomy":"product_cat","embeddable":true,"href":"https:\/\/www.blogseite.com\/geschenke\/wp-json\/wp\/v2\/product_cat?post=8215"},{"taxonomy":"product_tag","embeddable":true,"href":"https:\/\/www.blogseite.com\/geschenke\/wp-json\/wp\/v2\/product_tag?post=8215"}],"curies":[{"name":"wp","href":"https:\/\/api.w.org\/{rel}","templated":true}]}}