{"id":8211,"date":"2022-08-12T09:11:49","date_gmt":"2022-08-12T07:11:49","guid":{"rendered":"https:\/\/www.blogseite.com\/geschenke\/?post_type=product&#038;p=8211"},"modified":"2022-08-12T09:13:21","modified_gmt":"2022-08-12T07:13:21","slug":"captain-play-suessigkeiten-box-als-geschenk-kaufen-%f0%9f%a5%b0","status":"publish","type":"product","link":"https:\/\/www.blogseite.com\/geschenke\/s\/captain-play-suessigkeiten-box-als-geschenk-kaufen-%f0%9f%a5%b0\/","title":{"rendered":"CAPTAIN PLAY |  S\u00fc\u00dfigkeiten Box als Geschenk kaufen \ud83e\udd70"},"content":{"rendered":"<ul class=\"a-unordered-list a-vertical a-spacing-mini\">\n<li><span class=\"a-list-item\">ausgefallene Hilfestellung zum Bef\u00fcllen einer kleinen Schult\u00fcte<\/span><\/li>\n<li><span class=\"a-list-item\">mehr als 10 verschiedene Produkte enthalten &#8211; unkonventionelle und interessante Zusammenstellung aus Kaugummis, Brausen sowie s\u00fc\u00dfen und sauren Zuckerwaren<\/span><\/li>\n<li><span class=\"a-list-item\">Lieferung in original CAPTAIN PLAY Box (ca. 23 x 15 x 4cm), von Hand gepackt, alle S\u00fc\u00dfigkeiten sind einzelen verpackt und garantiert ohne Schokolade<\/span><\/li>\n<li><span class=\"a-list-item\">je nach individuellem Empfinden sind die S\u00fc\u00dfigkeiten nicht ausreichend um eine Schult\u00fcte vollst\u00e4ndig zu f\u00fcllen, keine Schult\u00fcte enthalten<\/span><\/li>\n<li><span class=\"a-list-item\">ideal zum Schulanfang oder zur Einschulung &#8211; f\u00fcr M\u00e4dchen, Jungen und nat\u00fcrlich auch \u00e4ltere Genie\u00dfer einsetzbar<\/span><\/li>\n<\/ul>\n","protected":false},"excerpt":{"rendered":"<p>ausgefallene Hilfestellung zum Bef\u00fcllen einer kleinen Schult\u00fcte mehr als 10 verschiedene Produkte enthalten &#8211; unkonventionelle und interessante Zusammenstellung aus Kaugummis, Brausen sowie s\u00fc\u00dfen und sauren Zuckerwaren Lieferung in original CAPTAIN PLAY Box (ca. 23 x 15 x 4cm), von Hand gepackt, alle S\u00fc\u00dfigkeiten sind einzelen verpackt und garantiert ohne Schokolade je nach individuellem Empfinden sind [&hellip;]<\/p>\n","protected":false},"featured_media":8212,"comment_status":"open","ping_status":"closed","template":"","meta":[],"product_cat":[78,746,103,74,110,54,116,63,45,108,73,1118,280,426,431,293,292,300,302,70,297,299,295,294,64],"product_tag":[1628,1627],"class_list":{"0":"post-8211","1":"product","2":"type-product","3":"status-publish","4":"has-post-thumbnail","6":"product_cat-weihnachtsgeschenke","7":"product_cat--fit-fuer-den-fruehling","8":"product_cat-studenten","9":"product_cat-bester-freund","10":"product_cat-freund","11":"product_cat-vatertag","12":"product_cat-frauen","13":"product_cat-mutter","14":"product_cat-freundin","15":"product_cat-maenner","16":"product_cat-beste-freundin","17":"product_cat--freundin","18":"product_cat-geburtstagsgeschenke","19":"product_cat-nach-preis","20":"product_cat-unter-50-euro","21":"product_cat-geschenk-fuer-bruder","22":"product_cat-sohn","23":"product_cat--kollege","24":"product_cat--jungen","25":"product_cat-geschenke-fuer-jeden-anlass","26":"product_cat--maedchen","27":"product_cat--chef","28":"product_cat--tochter","29":"product_cat--schwester","30":"product_cat-vater","31":"product_tag-gummibaerchen","32":"product_tag-suessigkeiten","34":"first","35":"instock","36":"shipping-taxable","37":"product-type-external"},"_links":{"self":[{"href":"https:\/\/www.blogseite.com\/geschenke\/wp-json\/wp\/v2\/product\/8211"}],"collection":[{"href":"https:\/\/www.blogseite.com\/geschenke\/wp-json\/wp\/v2\/product"}],"about":[{"href":"https:\/\/www.blogseite.com\/geschenke\/wp-json\/wp\/v2\/types\/product"}],"replies":[{"embeddable":true,"href":"https:\/\/www.blogseite.com\/geschenke\/wp-json\/wp\/v2\/comments?post=8211"}],"wp:featuredmedia":[{"embeddable":true,"href":"https:\/\/www.blogseite.com\/geschenke\/wp-json\/wp\/v2\/media\/8212"}],"wp:attachment":[{"href":"https:\/\/www.blogseite.com\/geschenke\/wp-json\/wp\/v2\/media?parent=8211"}],"wp:term":[{"taxonomy":"product_cat","embeddable":true,"href":"https:\/\/www.blogseite.com\/geschenke\/wp-json\/wp\/v2\/product_cat?post=8211"},{"taxonomy":"product_tag","embeddable":true,"href":"https:\/\/www.blogseite.com\/geschenke\/wp-json\/wp\/v2\/product_tag?post=8211"}],"curies":[{"name":"wp","href":"https:\/\/api.w.org\/{rel}","templated":true}]}}