{"id":8209,"date":"2022-08-12T09:07:11","date_gmt":"2022-08-12T07:07:11","guid":{"rendered":"https:\/\/www.blogseite.com\/geschenke\/?post_type=product&#038;p=8209"},"modified":"2022-08-12T09:09:33","modified_gmt":"2022-08-12T07:09:33","slug":"captain-play-retro-suessigkeiten-kaufen-%f0%9f%98%8d","status":"publish","type":"product","link":"https:\/\/www.blogseite.com\/geschenke\/s\/captain-play-retro-suessigkeiten-kaufen-%f0%9f%98%8d\/","title":{"rendered":"CAPTAIN PLAY | Retro S\u00fc\u00dfigkeiten kaufen \ud83d\ude0d"},"content":{"rendered":"<ul class=\"a-unordered-list a-vertical a-spacing-mini\">\n<li><span class=\"a-list-item\">mit vielen der S\u00fc\u00dfigkeiten, die in den 70er, 80er und 90er Jahren beliebt und bekannt waren<\/span><\/li>\n<li><span class=\"a-list-item\">1kg Retro S\u00fc\u00dfigkeiten &#8211; mehr als 10 verschiedene Produkte enthalten &#8211; unkonventionelle und interessante Zusammenstellung mit Bonbons, Brausen, Lutschern, Kaugummi, s\u00fc\u00dfen und sauren Zuckerwaren<\/span><\/li>\n<li><span class=\"a-list-item\">die Party Box (ca. 19 x 19 x 8cm) ist aus Kunststoff gefertigt, Box kann sicher wiederverschlossen werden und eignet sich auch nach dem Leeren als praktische Aufbewahrungs- oder Transportm\u00f6glichkeit<\/span><\/li>\n<li><span class=\"a-list-item\">ideal f\u00fcr Meetings, Karneval, Kindergeburtstag, Halloween oder als F\u00fcllung f\u00fcr einen Adventskalender<\/span><\/li>\n<li><span class=\"a-list-item\">passend f\u00fcr jede Candy Bar, perfekter S\u00fc\u00dfigkeiten Spender, sehr dekorativer Eyecatcher<\/span><\/li>\n<\/ul>\n","protected":false},"excerpt":{"rendered":"<p>mit vielen der S\u00fc\u00dfigkeiten, die in den 70er, 80er und 90er Jahren beliebt und bekannt waren 1kg Retro S\u00fc\u00dfigkeiten &#8211; mehr als 10 verschiedene Produkte enthalten &#8211; unkonventionelle und interessante Zusammenstellung mit Bonbons, Brausen, Lutschern, Kaugummi, s\u00fc\u00dfen und sauren Zuckerwaren die Party Box (ca. 19 x 19 x 8cm) ist aus Kunststoff gefertigt, Box kann [&hellip;]<\/p>\n","protected":false},"featured_media":8210,"comment_status":"open","ping_status":"closed","template":"","meta":[],"product_cat":[78,746,103,74,110,54,116,63,45,108,73,1118,280,426,431,293,292,300,302,70,297,299,295,294,64],"product_tag":[1628,1627],"class_list":{"0":"post-8209","1":"product","2":"type-product","3":"status-publish","4":"has-post-thumbnail","6":"product_cat-weihnachtsgeschenke","7":"product_cat--fit-fuer-den-fruehling","8":"product_cat-studenten","9":"product_cat-bester-freund","10":"product_cat-freund","11":"product_cat-vatertag","12":"product_cat-frauen","13":"product_cat-mutter","14":"product_cat-freundin","15":"product_cat-maenner","16":"product_cat-beste-freundin","17":"product_cat--freundin","18":"product_cat-geburtstagsgeschenke","19":"product_cat-nach-preis","20":"product_cat-unter-50-euro","21":"product_cat-geschenk-fuer-bruder","22":"product_cat-sohn","23":"product_cat--kollege","24":"product_cat--jungen","25":"product_cat-geschenke-fuer-jeden-anlass","26":"product_cat--maedchen","27":"product_cat--chef","28":"product_cat--tochter","29":"product_cat--schwester","30":"product_cat-vater","31":"product_tag-gummibaerchen","32":"product_tag-suessigkeiten","34":"first","35":"instock","36":"shipping-taxable","37":"product-type-external"},"_links":{"self":[{"href":"https:\/\/www.blogseite.com\/geschenke\/wp-json\/wp\/v2\/product\/8209"}],"collection":[{"href":"https:\/\/www.blogseite.com\/geschenke\/wp-json\/wp\/v2\/product"}],"about":[{"href":"https:\/\/www.blogseite.com\/geschenke\/wp-json\/wp\/v2\/types\/product"}],"replies":[{"embeddable":true,"href":"https:\/\/www.blogseite.com\/geschenke\/wp-json\/wp\/v2\/comments?post=8209"}],"wp:featuredmedia":[{"embeddable":true,"href":"https:\/\/www.blogseite.com\/geschenke\/wp-json\/wp\/v2\/media\/8210"}],"wp:attachment":[{"href":"https:\/\/www.blogseite.com\/geschenke\/wp-json\/wp\/v2\/media?parent=8209"}],"wp:term":[{"taxonomy":"product_cat","embeddable":true,"href":"https:\/\/www.blogseite.com\/geschenke\/wp-json\/wp\/v2\/product_cat?post=8209"},{"taxonomy":"product_tag","embeddable":true,"href":"https:\/\/www.blogseite.com\/geschenke\/wp-json\/wp\/v2\/product_tag?post=8209"}],"curies":[{"name":"wp","href":"https:\/\/api.w.org\/{rel}","templated":true}]}}