{"id":820,"date":"2020-12-04T10:31:27","date_gmt":"2020-12-04T09:31:27","guid":{"rendered":"https:\/\/geschenke.blogseite.com\/?post_type=product&#038;p=820"},"modified":"2022-04-06T09:52:55","modified_gmt":"2022-04-06T07:52:55","slug":"aroma-diffuser-23db-ultra-leiser-luftbefeuchter-%f0%9f%98%8c","status":"publish","type":"product","link":"https:\/\/www.blogseite.com\/geschenke\/s\/aroma-diffuser-23db-ultra-leiser-luftbefeuchter-%f0%9f%98%8c\/","title":{"rendered":"Aroma Diffuser, 23dB Ultra Leiser Luftbefeuchter \ud83d\ude0c"},"content":{"rendered":"<ul class=\"a-unordered-list a-vertical a-spacing-mini\">\n<li><span class=\"a-list-item\">300ML GROSSER WASSERDAMPF &amp; WASSERLOSE ABSCHALTAUTOMATIK: Die gro\u00dfe Kapazit\u00e4t des Aroma Diffuser 300ml sorgt f\u00fcr langfristige Nebel Erzeugung, Dieser Aroma Luftbefeuchter Ultraschall kann bis zu 300ml Wasser aufnehmen und bis zu 30-50 ml Feuchtigkeit pro Stunde herstellen. Der Duftlampe elektrisch l\u00e4uft bis zu 10 Stunden. Ist das Wasser verbraucht, schaltet das Diffusor Aromatherapie automatisch ab.<\/span><\/li>\n<li><span class=\"a-list-item\">EINZIGARTIGES UND KOMPAKTES DESIGN: Dieser Aroma Oel Diffuser im Holzdesign sticht mit seinem nat\u00fcrlichen Design hervor. Die Kappe ist leicht l\u00f6sbar und l\u00e4sst sich einfach abheben zum Bef\u00fcllen mit Wasser. Machen Sie sich keine Sorgen darum, dass Sie die Kappe mit gro\u00dfer Kraft abschrauben m\u00fcssen, wenn Ihre H\u00e4nde feucht sind. Sie brauchen einfach die Kappe abzuziehen, das Wasser und \u00e4therisches \u00d6l zu bef\u00fcllen. So genie\u00dfen Sie qualitativ hochwertiges Leben mit VicTsing Aroma Diffuser.<\/span><\/li>\n<li><span class=\"a-list-item\">SEHR LEISE MIT ULTRASCHALL-TECHNOLOGIE: Auf Basis von Ultraschall-Technologie ist dieser Ultraschall Diffuser sehr leise im Betriebszustand. Der luftbefeuchter ultraschall produziert ultrafeinen Nebel, sorgt f\u00fcr ein angenehmes Raumklima So k\u00f6nnten Sie beim Schlafen besser atmen und ihre Atemwege trocknen nicht aus.<\/span><\/li>\n<li><span class=\"a-list-item\">VICTSING AROMA DIFFUSER MIT 14 EINSTELLBARE LED-LEUCHTE: Dieser Duft Diffusor mit 7 Farben und zwei Modi stehen zur Auswahl: st\u00e4ndig \/ wechselnde Farbe. Sie k\u00f6nnen sich auch f\u00fcr eine Farbe festlegen. Die elektrische Duftlampe sorgt f\u00fcr romantische Atmosph\u00e4re, die Ihnen dabei helfen kann, der Hektik des modernen Alltags zu entfliehen.<\/span><\/li>\n<li><span class=\"a-list-item\">4 ZEIEINSTELLUNG UND ZWEI EINSTELLBARER WASSERDAMPF: Zeiteinstellung mit Vier Modi: 1 Stunde \/ 3 Stunden \/ 6 Stunden \/ st\u00e4ndig. 2 Einstellbare Wasserdampfausgabe: Schwach \/ Stark. Durch CE und RoHS Zertifizierung ist Diffusor Aromatherapie sicher und eignet sich.<\/span><\/li>\n<\/ul>\n","protected":false},"excerpt":{"rendered":"<p>300ML GROSSER WASSERDAMPF &amp; WASSERLOSE ABSCHALTAUTOMATIK: Die gro\u00dfe Kapazit\u00e4t des Aroma Diffuser 300ml sorgt f\u00fcr langfristige Nebel Erzeugung, Dieser Aroma Luftbefeuchter Ultraschall kann bis zu 300ml Wasser aufnehmen und bis zu 30-50 ml Feuchtigkeit pro Stunde herstellen. Der Duftlampe elektrisch l\u00e4uft bis zu 10 Stunden. Ist das Wasser verbraucht, schaltet das Diffusor Aromatherapie automatisch ab. [&hellip;]<\/p>\n","protected":false},"featured_media":821,"comment_status":"open","ping_status":"closed","template":"","meta":[],"product_cat":[78,103,63,53,45,280,55,426,432,431,301,70,294,296,298],"product_tag":[663],"class_list":{"0":"post-820","1":"product","2":"type-product","3":"status-publish","4":"has-post-thumbnail","6":"product_cat-weihnachtsgeschenke","7":"product_cat-studenten","8":"product_cat-mutter","9":"product_cat-muttertag","10":"product_cat-freundin","11":"product_cat-geburtstagsgeschenke","12":"product_cat-valentinstag","13":"product_cat-nach-preis","14":"product_cat-ueber-35-euro","15":"product_cat-unter-50-euro","16":"product_cat-eltern","17":"product_cat-geschenke-fuer-jeden-anlass","18":"product_cat--schwester","19":"product_cat--schwiegermutter","20":"product_cat--ehefrau","21":"product_tag-luftbefeuchter","23":"first","24":"instock","25":"shipping-taxable","26":"product-type-external"},"_links":{"self":[{"href":"https:\/\/www.blogseite.com\/geschenke\/wp-json\/wp\/v2\/product\/820"}],"collection":[{"href":"https:\/\/www.blogseite.com\/geschenke\/wp-json\/wp\/v2\/product"}],"about":[{"href":"https:\/\/www.blogseite.com\/geschenke\/wp-json\/wp\/v2\/types\/product"}],"replies":[{"embeddable":true,"href":"https:\/\/www.blogseite.com\/geschenke\/wp-json\/wp\/v2\/comments?post=820"}],"wp:featuredmedia":[{"embeddable":true,"href":"https:\/\/www.blogseite.com\/geschenke\/wp-json\/wp\/v2\/media\/821"}],"wp:attachment":[{"href":"https:\/\/www.blogseite.com\/geschenke\/wp-json\/wp\/v2\/media?parent=820"}],"wp:term":[{"taxonomy":"product_cat","embeddable":true,"href":"https:\/\/www.blogseite.com\/geschenke\/wp-json\/wp\/v2\/product_cat?post=820"},{"taxonomy":"product_tag","embeddable":true,"href":"https:\/\/www.blogseite.com\/geschenke\/wp-json\/wp\/v2\/product_tag?post=820"}],"curies":[{"name":"wp","href":"https:\/\/api.w.org\/{rel}","templated":true}]}}