{"id":8195,"date":"2022-08-11T21:27:11","date_gmt":"2022-08-11T19:27:11","guid":{"rendered":"https:\/\/www.blogseite.com\/geschenke\/?post_type=product&#038;p=8195"},"modified":"2022-08-11T21:29:02","modified_gmt":"2022-08-11T19:29:02","slug":"suessigkeiten-aus-aller-welt-kaufen-%f0%9f%98%9a","status":"publish","type":"product","link":"https:\/\/www.blogseite.com\/geschenke\/s\/suessigkeiten-aus-aller-welt-kaufen-%f0%9f%98%9a\/","title":{"rendered":"S\u00fc\u00dfigkeiten aus aller Welt kaufen \ud83d\ude1a"},"content":{"rendered":"<ul class=\"a-unordered-list a-vertical a-spacing-mini\">\n<li><span class=\"a-list-item\">\ud83c\udf6bEIN PERFEKTES GESCHENK F\u00dcR JEDEN \u2013 Schicken Sie jedem eine Vielzahl von einzeln verpackten Snacks \u2013 S\u00fc\u00dfigkeiten aus aller Welt zaubern ein L\u00e4cheln ins Gesicht! F\u00fcr Studenten, Kinder, Frauen, M\u00e4nner oder anderen jeden Alters im ganzen Land!<\/span><\/li>\n<li><span class=\"a-list-item\">\ud83c\udf6bWECHSELDES SORTIMENT \u2013 Sortiment aus all Ihren Lieblingssnackmarken aus der ganzen Welt in einer einzigen Snack Box. Senden Sie alle ihre Candy Lieblingsmarken von zu Hause aus. Dieser vielf\u00e4ltige Snack-Bundle ist perfekt f\u00fcr jeden Anlass. Bspw. \u00dcberraschungsparty, Geburtstag, Weihnachten, Wichteln, Arbeitskollegen, Familientreffen.<\/span><\/li>\n<li><span class=\"a-list-item\">\ud83c\udf6bGESCHMACKSEXPLOSION \u2013 Diese Candy Sugar Bonbonbox ist f\u00fcr Naschkatzen gedacht. Wir haben verschiedene Vorlieben ber\u00fccksichtigt und eine breite Palette von Geschmacksrichtungen integriert, um sicherzustellen, dass f\u00fcr jeden etwas dabei ist.<\/span><\/li>\n<li><span class=\"a-list-item\">\ud83c\udf6bENTDECKEN SIE NEUHEITEN AUS DER GANZEN WELT \u2013 Unsere Mystery Box Candy bringt verschiedene S\u00fc\u00dfigkeiten aus verschiedenen L\u00e4ndern f\u00fcr Sie zusammen, sodass Sie Zugriff auf eine gro\u00dfe Auswahl an S\u00fc\u00dfigkeiten haben. Dieser S\u00fcssigkeiten Box Bundle ist f\u00fcr Sie oder Ihre Lieben zum Teilen oder f\u00fcr sich allein. W\u00e4hlen Sie nicht nur eine Marke, sondern genie\u00dfen Sie alle!<\/span><\/li>\n<li><span class=\"a-list-item\">\ud83c\udf6bEXPRESS-VERSAND AUS DEUTSCHLAND \u2013 Dein Paket wird von unserem Team noch am selben Tag aus Deutschland per DHL verschickt, sodass bspw. die Nerds, Oreo, Reeses, Kitkat, Lion, Twix Candy Box ohne Verz\u00f6gerung an deine Liebsten geliefert werden kann. Die schnellste Lieferung macht unsere Marke einzigartig und beliebt bei allen.<\/span><\/li>\n<\/ul>\n","protected":false},"excerpt":{"rendered":"<p>\ud83c\udf6bEIN PERFEKTES GESCHENK F\u00dcR JEDEN \u2013 Schicken Sie jedem eine Vielzahl von einzeln verpackten Snacks \u2013 S\u00fc\u00dfigkeiten aus aller Welt zaubern ein L\u00e4cheln ins Gesicht! F\u00fcr Studenten, Kinder, Frauen, M\u00e4nner oder anderen jeden Alters im ganzen Land! \ud83c\udf6bWECHSELDES SORTIMENT \u2013 Sortiment aus all Ihren Lieblingssnackmarken aus der ganzen Welt in einer einzigen Snack Box. Senden [&hellip;]<\/p>\n","protected":false},"featured_media":8196,"comment_status":"open","ping_status":"closed","template":"","meta":[],"product_cat":[78,746,103,74,110,54,116,63,45,108,73,1118,280,426,431,293,292,300,302,70,297,299,295,294,64],"product_tag":[1628,1627],"class_list":{"0":"post-8195","1":"product","2":"type-product","3":"status-publish","4":"has-post-thumbnail","6":"product_cat-weihnachtsgeschenke","7":"product_cat--fit-fuer-den-fruehling","8":"product_cat-studenten","9":"product_cat-bester-freund","10":"product_cat-freund","11":"product_cat-vatertag","12":"product_cat-frauen","13":"product_cat-mutter","14":"product_cat-freundin","15":"product_cat-maenner","16":"product_cat-beste-freundin","17":"product_cat--freundin","18":"product_cat-geburtstagsgeschenke","19":"product_cat-nach-preis","20":"product_cat-unter-50-euro","21":"product_cat-geschenk-fuer-bruder","22":"product_cat-sohn","23":"product_cat--kollege","24":"product_cat--jungen","25":"product_cat-geschenke-fuer-jeden-anlass","26":"product_cat--maedchen","27":"product_cat--chef","28":"product_cat--tochter","29":"product_cat--schwester","30":"product_cat-vater","31":"product_tag-gummibaerchen","32":"product_tag-suessigkeiten","34":"first","35":"instock","36":"shipping-taxable","37":"product-type-external"},"_links":{"self":[{"href":"https:\/\/www.blogseite.com\/geschenke\/wp-json\/wp\/v2\/product\/8195"}],"collection":[{"href":"https:\/\/www.blogseite.com\/geschenke\/wp-json\/wp\/v2\/product"}],"about":[{"href":"https:\/\/www.blogseite.com\/geschenke\/wp-json\/wp\/v2\/types\/product"}],"replies":[{"embeddable":true,"href":"https:\/\/www.blogseite.com\/geschenke\/wp-json\/wp\/v2\/comments?post=8195"}],"wp:featuredmedia":[{"embeddable":true,"href":"https:\/\/www.blogseite.com\/geschenke\/wp-json\/wp\/v2\/media\/8196"}],"wp:attachment":[{"href":"https:\/\/www.blogseite.com\/geschenke\/wp-json\/wp\/v2\/media?parent=8195"}],"wp:term":[{"taxonomy":"product_cat","embeddable":true,"href":"https:\/\/www.blogseite.com\/geschenke\/wp-json\/wp\/v2\/product_cat?post=8195"},{"taxonomy":"product_tag","embeddable":true,"href":"https:\/\/www.blogseite.com\/geschenke\/wp-json\/wp\/v2\/product_tag?post=8195"}],"curies":[{"name":"wp","href":"https:\/\/api.w.org\/{rel}","templated":true}]}}