{"id":8193,"date":"2022-08-11T21:15:55","date_gmt":"2022-08-11T19:15:55","guid":{"rendered":"https:\/\/www.blogseite.com\/geschenke\/?post_type=product&#038;p=8193"},"modified":"2022-08-11T21:17:51","modified_gmt":"2022-08-11T19:17:51","slug":"amerikanische-suessigkeiten-box-kaufen-%f0%9f%98%8d","status":"publish","type":"product","link":"https:\/\/www.blogseite.com\/geschenke\/s\/amerikanische-suessigkeiten-box-kaufen-%f0%9f%98%8d\/","title":{"rendered":"Amerikanische S\u00fc\u00dfigkeiten Box kaufen \ud83d\ude0d"},"content":{"rendered":"<ul class=\"a-unordered-list a-vertical a-spacing-mini\">\n<li><span class=\"a-list-item\">\ud83c\udf6d AMERICAN CANDY BOX MYSTERY BOX: Die Stars der amerikanischen Snack-Kultur! Zum Beispiel mit: Reese\u00b4s, Nerds, Twinkies, Mike &amp; Ike, Toxic Waste, Hershey\u00b4s, Cravingz, Warheads und noch viel mehr!<\/span><\/li>\n<li><span class=\"a-list-item\">\ud83c\udf6d MYSTERY BOX S\u00dc\u00dfIGKEITEN: Eine Auswahl von 25 verschiedenen feinsten S\u00fc\u00dfigkeiten der Top Marken aus den USA mit 1600g. Beginne heute deine kulinarische Weltreise und hole dir ein St\u00fcck American Dream in dein Wohnzimmer!<\/span><\/li>\n<li><span class=\"a-list-item\">\ud83c\udf6d PARTY-MIX: Die perfekte Geschenkidee f\u00fcr Familie, Freunde und Partys wie Silvester und Geburtstage<\/span><\/li>\n<li><span class=\"a-list-item\">\ud83c\udf6d VORTEILSPAKET: Die Box kommt bequem zu dir nachhause. Eine Bestellung, ein Paket und das Haltbarkeitsdatum ist immer aktuell !<\/span><\/li>\n<li><span class=\"a-list-item\">\ud83c\udf6d CANDY NATION: Wir lieben S\u00fc\u00dfigkeiten! Mit Liebe zum Detail per Hand gepackt bei uns in Wernigerode im Harz Gebirge.<\/span><\/li>\n<\/ul>\n","protected":false},"excerpt":{"rendered":"<p>\ud83c\udf6d AMERICAN CANDY BOX MYSTERY BOX: Die Stars der amerikanischen Snack-Kultur! Zum Beispiel mit: Reese\u00b4s, Nerds, Twinkies, Mike &amp; Ike, Toxic Waste, Hershey\u00b4s, Cravingz, Warheads und noch viel mehr! \ud83c\udf6d MYSTERY BOX S\u00dc\u00dfIGKEITEN: Eine Auswahl von 25 verschiedenen feinsten S\u00fc\u00dfigkeiten der Top Marken aus den USA mit 1600g. Beginne heute deine kulinarische Weltreise und hole [&hellip;]<\/p>\n","protected":false},"featured_media":8194,"comment_status":"open","ping_status":"closed","template":"","meta":[],"product_cat":[78,746,103,74,110,54,116,63,45,108,73,1118,280,426,431,293,292,300,302,70,297,299,295,294,64],"product_tag":[1628,1627],"class_list":{"0":"post-8193","1":"product","2":"type-product","3":"status-publish","4":"has-post-thumbnail","6":"product_cat-weihnachtsgeschenke","7":"product_cat--fit-fuer-den-fruehling","8":"product_cat-studenten","9":"product_cat-bester-freund","10":"product_cat-freund","11":"product_cat-vatertag","12":"product_cat-frauen","13":"product_cat-mutter","14":"product_cat-freundin","15":"product_cat-maenner","16":"product_cat-beste-freundin","17":"product_cat--freundin","18":"product_cat-geburtstagsgeschenke","19":"product_cat-nach-preis","20":"product_cat-unter-50-euro","21":"product_cat-geschenk-fuer-bruder","22":"product_cat-sohn","23":"product_cat--kollege","24":"product_cat--jungen","25":"product_cat-geschenke-fuer-jeden-anlass","26":"product_cat--maedchen","27":"product_cat--chef","28":"product_cat--tochter","29":"product_cat--schwester","30":"product_cat-vater","31":"product_tag-gummibaerchen","32":"product_tag-suessigkeiten","34":"first","35":"instock","36":"shipping-taxable","37":"product-type-external"},"_links":{"self":[{"href":"https:\/\/www.blogseite.com\/geschenke\/wp-json\/wp\/v2\/product\/8193"}],"collection":[{"href":"https:\/\/www.blogseite.com\/geschenke\/wp-json\/wp\/v2\/product"}],"about":[{"href":"https:\/\/www.blogseite.com\/geschenke\/wp-json\/wp\/v2\/types\/product"}],"replies":[{"embeddable":true,"href":"https:\/\/www.blogseite.com\/geschenke\/wp-json\/wp\/v2\/comments?post=8193"}],"wp:featuredmedia":[{"embeddable":true,"href":"https:\/\/www.blogseite.com\/geschenke\/wp-json\/wp\/v2\/media\/8194"}],"wp:attachment":[{"href":"https:\/\/www.blogseite.com\/geschenke\/wp-json\/wp\/v2\/media?parent=8193"}],"wp:term":[{"taxonomy":"product_cat","embeddable":true,"href":"https:\/\/www.blogseite.com\/geschenke\/wp-json\/wp\/v2\/product_cat?post=8193"},{"taxonomy":"product_tag","embeddable":true,"href":"https:\/\/www.blogseite.com\/geschenke\/wp-json\/wp\/v2\/product_tag?post=8193"}],"curies":[{"name":"wp","href":"https:\/\/api.w.org\/{rel}","templated":true}]}}