{"id":8181,"date":"2022-08-11T20:59:21","date_gmt":"2022-08-11T18:59:21","guid":{"rendered":"https:\/\/www.blogseite.com\/geschenke\/?post_type=product&#038;p=8181"},"modified":"2022-08-11T21:01:56","modified_gmt":"2022-08-11T19:01:56","slug":"anti-stress-glas-suesse-nervennahrung-kaufen-%f0%9f%98%8d","status":"publish","type":"product","link":"https:\/\/www.blogseite.com\/geschenke\/s\/anti-stress-glas-suesse-nervennahrung-kaufen-%f0%9f%98%8d\/","title":{"rendered":"Anti Stress Glas &#8211; s\u00fc\u00dfe Nervennahrung kaufen \ud83d\ude0d"},"content":{"rendered":"<ul class=\"a-unordered-list a-vertical a-spacing-mini\">\n<li><span class=\"a-list-item\">Der Retter aller Nerven ist zur Stelle. Im gro\u00dfen Glas mit h\u00fcbschen Design ist dieses Produkt ein toller Geschenk-Artikel f\u00fcr alle, die eine s\u00fc\u00dfe Auszeit ben\u00f6tigen.<\/span><\/li>\n<li><span class=\"a-list-item\">Der Retter aller Nerven ist zur Stelle. Im gro\u00dfen Glas mit h\u00fcbschen Design ist dieses Produkt ein toller Geschenk-Artikel f\u00fcr alle, die eine s\u00fc\u00dfe Auszeit ben\u00f6tigen.<\/span><\/li>\n<li><span class=\"a-list-item\">S\u00fc\u00dfe Gedanken-Pause im hochwertigen Glas gef\u00e4llig? Mit dieser bunten S\u00fc\u00dfigkeiten-Mischung verfliegt der Stress wie im Nu.<\/span><\/li>\n<li><span class=\"a-list-item\">Gro\u00dfes B\u00fcgelglas gef\u00fcllt mit 760 Gramm Fruchtgummi, Marshmallow und Kaubonbon &#8211; f\u00fcr weniger Stress und mehr Freude.<\/span><\/li>\n<li><span class=\"a-list-item\">Wer kennt die Situation denn nicht? Eine Klassenarbeit steht an, die Fahrpr\u00fcfung am n\u00e4chsten Tag macht einen ganz nerv\u00f6s oder aber das anstehende Bewerbungsgespr\u00e4ch bringt einen v\u00f6llig um den Verstand. Ein Griff das &#8220;Anti Stress&#8221;-Glas kann in nervenaufreibenden Momenten schon Wunder bewirken.<\/span><\/li>\n<li><span class=\"a-list-item\">Nachdem der Stress bew\u00e4ltigt und das Glas leer genascht ist, kann es wunderbar wieder verwendet werden. Zur Aufbewahrung von Lebensmitteln oder als schicker Deko-Artikel<\/span><\/li>\n<\/ul>\n","protected":false},"excerpt":{"rendered":"<p>Der Retter aller Nerven ist zur Stelle. Im gro\u00dfen Glas mit h\u00fcbschen Design ist dieses Produkt ein toller Geschenk-Artikel f\u00fcr alle, die eine s\u00fc\u00dfe Auszeit ben\u00f6tigen. Der Retter aller Nerven ist zur Stelle. Im gro\u00dfen Glas mit h\u00fcbschen Design ist dieses Produkt ein toller Geschenk-Artikel f\u00fcr alle, die eine s\u00fc\u00dfe Auszeit ben\u00f6tigen. S\u00fc\u00dfe Gedanken-Pause im [&hellip;]<\/p>\n","protected":false},"featured_media":8182,"comment_status":"open","ping_status":"closed","template":"","meta":[],"product_cat":[78,746,103,74,110,54,116,63,45,108,73,1118,280,426,431,293,292,300,302,70,297,299,295,294,64],"product_tag":[1628,1627],"class_list":{"0":"post-8181","1":"product","2":"type-product","3":"status-publish","4":"has-post-thumbnail","6":"product_cat-weihnachtsgeschenke","7":"product_cat--fit-fuer-den-fruehling","8":"product_cat-studenten","9":"product_cat-bester-freund","10":"product_cat-freund","11":"product_cat-vatertag","12":"product_cat-frauen","13":"product_cat-mutter","14":"product_cat-freundin","15":"product_cat-maenner","16":"product_cat-beste-freundin","17":"product_cat--freundin","18":"product_cat-geburtstagsgeschenke","19":"product_cat-nach-preis","20":"product_cat-unter-50-euro","21":"product_cat-geschenk-fuer-bruder","22":"product_cat-sohn","23":"product_cat--kollege","24":"product_cat--jungen","25":"product_cat-geschenke-fuer-jeden-anlass","26":"product_cat--maedchen","27":"product_cat--chef","28":"product_cat--tochter","29":"product_cat--schwester","30":"product_cat-vater","31":"product_tag-gummibaerchen","32":"product_tag-suessigkeiten","34":"first","35":"instock","36":"shipping-taxable","37":"product-type-external"},"_links":{"self":[{"href":"https:\/\/www.blogseite.com\/geschenke\/wp-json\/wp\/v2\/product\/8181"}],"collection":[{"href":"https:\/\/www.blogseite.com\/geschenke\/wp-json\/wp\/v2\/product"}],"about":[{"href":"https:\/\/www.blogseite.com\/geschenke\/wp-json\/wp\/v2\/types\/product"}],"replies":[{"embeddable":true,"href":"https:\/\/www.blogseite.com\/geschenke\/wp-json\/wp\/v2\/comments?post=8181"}],"wp:featuredmedia":[{"embeddable":true,"href":"https:\/\/www.blogseite.com\/geschenke\/wp-json\/wp\/v2\/media\/8182"}],"wp:attachment":[{"href":"https:\/\/www.blogseite.com\/geschenke\/wp-json\/wp\/v2\/media?parent=8181"}],"wp:term":[{"taxonomy":"product_cat","embeddable":true,"href":"https:\/\/www.blogseite.com\/geschenke\/wp-json\/wp\/v2\/product_cat?post=8181"},{"taxonomy":"product_tag","embeddable":true,"href":"https:\/\/www.blogseite.com\/geschenke\/wp-json\/wp\/v2\/product_tag?post=8181"}],"curies":[{"name":"wp","href":"https:\/\/api.w.org\/{rel}","templated":true}]}}