{"id":8177,"date":"2022-08-11T20:51:48","date_gmt":"2022-08-11T18:51:48","guid":{"rendered":"https:\/\/www.blogseite.com\/geschenke\/?post_type=product&#038;p=8177"},"modified":"2022-08-11T20:53:48","modified_gmt":"2022-08-11T18:53:48","slug":"chupa-chups-lutscher-blumenstrauss-kaufen-%f0%9f%a4%aa","status":"publish","type":"product","link":"https:\/\/www.blogseite.com\/geschenke\/s\/chupa-chups-lutscher-blumenstrauss-kaufen-%f0%9f%a4%aa\/","title":{"rendered":"Chupa Chups Lutscher Blumenstrauss kaufen \ud83e\udd2a"},"content":{"rendered":"<ul class=\"a-unordered-list a-vertical a-spacing-mini\">\n<li><span class=\"a-list-item\">Bunte \u00dcberraschung: Das Lolli Flower-Bouquet eignet sich nicht nur ideal als nette Aufmerksamkeit zum Geburtstag, sondern auch als romantisches Valentinstags-Geschenk f\u00fcr den Partner<\/span><\/li>\n<li><span class=\"a-list-item\">Leckere Vielfalt: Der Lutscher-Strau\u00df enth\u00e4lt einen Mix aus den 6 fruchtig-erfrischenden Geschmacksrichtungen Orange, Erdbeere, Apfel, Wassermelone, Kirsche und Zitrone<\/span><\/li>\n<li><span class=\"a-list-item\">Der Alternative Blumen-Gruss: \u00dcber diese ausgefallene Geschenkidee freut sich garantiert jede Naschkatze. Der bunte Strauss ist zum Verschenken zu diversen Anl\u00e4ssen gut<\/span><\/li>\n<li><span class=\"a-list-item\">Kultige Lollis: Die Marke Chupa Chups ist der Inbegriff f\u00fcr Lollis in vielen Variationen und Kreationen. Das Lolli-Bouquet ist der absolute Hingucker, besonders zum Valentinstag<\/span><\/li>\n<\/ul>\n","protected":false},"excerpt":{"rendered":"<p>Bunte \u00dcberraschung: Das Lolli Flower-Bouquet eignet sich nicht nur ideal als nette Aufmerksamkeit zum Geburtstag, sondern auch als romantisches Valentinstags-Geschenk f\u00fcr den Partner Leckere Vielfalt: Der Lutscher-Strau\u00df enth\u00e4lt einen Mix aus den 6 fruchtig-erfrischenden Geschmacksrichtungen Orange, Erdbeere, Apfel, Wassermelone, Kirsche und Zitrone Der Alternative Blumen-Gruss: \u00dcber diese ausgefallene Geschenkidee freut sich garantiert jede Naschkatze. Der [&hellip;]<\/p>\n","protected":false},"featured_media":8178,"comment_status":"open","ping_status":"closed","template":"","meta":[],"product_cat":[78,746,103,74,110,54,116,63,45,108,73,1118,280,426,431,293,292,300,302,70,297,299,295,294,64],"product_tag":[1626,1627],"class_list":{"0":"post-8177","1":"product","2":"type-product","3":"status-publish","4":"has-post-thumbnail","6":"product_cat-weihnachtsgeschenke","7":"product_cat--fit-fuer-den-fruehling","8":"product_cat-studenten","9":"product_cat-bester-freund","10":"product_cat-freund","11":"product_cat-vatertag","12":"product_cat-frauen","13":"product_cat-mutter","14":"product_cat-freundin","15":"product_cat-maenner","16":"product_cat-beste-freundin","17":"product_cat--freundin","18":"product_cat-geburtstagsgeschenke","19":"product_cat-nach-preis","20":"product_cat-unter-50-euro","21":"product_cat-geschenk-fuer-bruder","22":"product_cat-sohn","23":"product_cat--kollege","24":"product_cat--jungen","25":"product_cat-geschenke-fuer-jeden-anlass","26":"product_cat--maedchen","27":"product_cat--chef","28":"product_cat--tochter","29":"product_cat--schwester","30":"product_cat-vater","31":"product_tag-lutscher","32":"product_tag-suessigkeiten","34":"first","35":"instock","36":"shipping-taxable","37":"product-type-external"},"_links":{"self":[{"href":"https:\/\/www.blogseite.com\/geschenke\/wp-json\/wp\/v2\/product\/8177"}],"collection":[{"href":"https:\/\/www.blogseite.com\/geschenke\/wp-json\/wp\/v2\/product"}],"about":[{"href":"https:\/\/www.blogseite.com\/geschenke\/wp-json\/wp\/v2\/types\/product"}],"replies":[{"embeddable":true,"href":"https:\/\/www.blogseite.com\/geschenke\/wp-json\/wp\/v2\/comments?post=8177"}],"wp:featuredmedia":[{"embeddable":true,"href":"https:\/\/www.blogseite.com\/geschenke\/wp-json\/wp\/v2\/media\/8178"}],"wp:attachment":[{"href":"https:\/\/www.blogseite.com\/geschenke\/wp-json\/wp\/v2\/media?parent=8177"}],"wp:term":[{"taxonomy":"product_cat","embeddable":true,"href":"https:\/\/www.blogseite.com\/geschenke\/wp-json\/wp\/v2\/product_cat?post=8177"},{"taxonomy":"product_tag","embeddable":true,"href":"https:\/\/www.blogseite.com\/geschenke\/wp-json\/wp\/v2\/product_tag?post=8177"}],"curies":[{"name":"wp","href":"https:\/\/api.w.org\/{rel}","templated":true}]}}