{"id":8171,"date":"2022-08-11T13:46:45","date_gmt":"2022-08-11T11:46:45","guid":{"rendered":"https:\/\/www.blogseite.com\/geschenke\/?post_type=product&#038;p=8171"},"modified":"2022-08-11T13:49:18","modified_gmt":"2022-08-11T11:49:18","slug":"waltz-7-fichte-duschbomben-set-kaufen-%f0%9f%98%8d","status":"publish","type":"product","link":"https:\/\/www.blogseite.com\/geschenke\/s\/waltz-7-fichte-duschbomben-set-kaufen-%f0%9f%98%8d\/","title":{"rendered":"WALTZ 7 Fichte Duschbomben Set kaufen \ud83d\ude0d"},"content":{"rendered":"<ul class=\"a-unordered-list a-vertical a-spacing-mini\">\n<li><span class=\"a-list-item\">\ud83c\udf32 BEFREIT DIE ATEMWEGE: Mit diesem Badezusatz versetzt Du dich in einen friedlichen Wald, sobald Du den beruhigenden Duft einatmest &#8211; Er verstr\u00f6mt einen Fichtenduft, der deine Sinne belebt<\/span><\/li>\n<li><span class=\"a-list-item\">\ud83d\udc86\u200d\u2642\ufe0f ERFRISCHENDE GEF\u00dcHLE: Genie\u00dfe mit jeder Duschbombe ein Gef\u00fchl von Frieden &#8211; Das \u00e4therische \u00d6l der Fichtennadel kann helfen, deine Emotionen zu beruhigen und deine Stimmung zu heben<\/span><\/li>\n<li><span class=\"a-list-item\">\ud83d\udebf ANGENEHME ANWENDUNG: Es ist ganz einfach, dein Duscherlebnis zum Waldspaziergang zu machen &#8211; Lege eine Bombe auf den Wannenboden, lass das Wasser laufen und atmen tief durch<\/span><\/li>\n<li><span class=\"a-list-item\">\ud83c\udf31 EINZIGARTIGES DUSCHERLEBNIS: Mit diesen Badebomben genie\u00dft Du deine t\u00e4gliche Wellness-Auszeit &#8211; Das Duschset aus Wiener Entwicklung wird unter Verwendung nat\u00fcrlicher \u00d6le in Europa produziert<\/span><\/li>\n<li><span class=\"a-list-item\">\ud83c\udf81 TOLLES GESCHENK F\u00dcR JEDEN ANLASS: Mit diesem Set verschenkst Du die Kraft der Natur &#8211; Ein wundervoll sch\u00f6nes und durchdachtes Geschenk f\u00fcr einen besonderen Freund oder einen geliebten Menschen<\/span><\/li>\n<\/ul>\n","protected":false},"excerpt":{"rendered":"<p>\ud83c\udf32 BEFREIT DIE ATEMWEGE: Mit diesem Badezusatz versetzt Du dich in einen friedlichen Wald, sobald Du den beruhigenden Duft einatmest &#8211; Er verstr\u00f6mt einen Fichtenduft, der deine Sinne belebt \ud83d\udc86\u200d\u2642\ufe0f ERFRISCHENDE GEF\u00dcHLE: Genie\u00dfe mit jeder Duschbombe ein Gef\u00fchl von Frieden &#8211; Das \u00e4therische \u00d6l der Fichtennadel kann helfen, deine Emotionen zu beruhigen und deine Stimmung [&hellip;]<\/p>\n","protected":false},"featured_media":8172,"comment_status":"open","ping_status":"closed","template":"","meta":[],"product_cat":[78,746,103,74,110,54,116,63,45,108,73,1118,280,426,431,293,292,300,302,70,297,299,295,294,64],"product_tag":[1623,1583],"class_list":{"0":"post-8171","1":"product","2":"type-product","3":"status-publish","4":"has-post-thumbnail","6":"product_cat-weihnachtsgeschenke","7":"product_cat--fit-fuer-den-fruehling","8":"product_cat-studenten","9":"product_cat-bester-freund","10":"product_cat-freund","11":"product_cat-vatertag","12":"product_cat-frauen","13":"product_cat-mutter","14":"product_cat-freundin","15":"product_cat-maenner","16":"product_cat-beste-freundin","17":"product_cat--freundin","18":"product_cat-geburtstagsgeschenke","19":"product_cat-nach-preis","20":"product_cat-unter-50-euro","21":"product_cat-geschenk-fuer-bruder","22":"product_cat-sohn","23":"product_cat--kollege","24":"product_cat--jungen","25":"product_cat-geschenke-fuer-jeden-anlass","26":"product_cat--maedchen","27":"product_cat--chef","28":"product_cat--tochter","29":"product_cat--schwester","30":"product_cat-vater","31":"product_tag-knobelspiel","32":"product_tag-spiel","34":"first","35":"instock","36":"shipping-taxable","37":"product-type-external"},"_links":{"self":[{"href":"https:\/\/www.blogseite.com\/geschenke\/wp-json\/wp\/v2\/product\/8171"}],"collection":[{"href":"https:\/\/www.blogseite.com\/geschenke\/wp-json\/wp\/v2\/product"}],"about":[{"href":"https:\/\/www.blogseite.com\/geschenke\/wp-json\/wp\/v2\/types\/product"}],"replies":[{"embeddable":true,"href":"https:\/\/www.blogseite.com\/geschenke\/wp-json\/wp\/v2\/comments?post=8171"}],"wp:featuredmedia":[{"embeddable":true,"href":"https:\/\/www.blogseite.com\/geschenke\/wp-json\/wp\/v2\/media\/8172"}],"wp:attachment":[{"href":"https:\/\/www.blogseite.com\/geschenke\/wp-json\/wp\/v2\/media?parent=8171"}],"wp:term":[{"taxonomy":"product_cat","embeddable":true,"href":"https:\/\/www.blogseite.com\/geschenke\/wp-json\/wp\/v2\/product_cat?post=8171"},{"taxonomy":"product_tag","embeddable":true,"href":"https:\/\/www.blogseite.com\/geschenke\/wp-json\/wp\/v2\/product_tag?post=8171"}],"curies":[{"name":"wp","href":"https:\/\/api.w.org\/{rel}","templated":true}]}}