{"id":817,"date":"2020-12-04T10:22:31","date_gmt":"2020-12-04T09:22:31","guid":{"rendered":"https:\/\/geschenke.blogseite.com\/?post_type=product&#038;p=817"},"modified":"2022-04-06T09:53:20","modified_gmt":"2022-04-06T07:53:20","slug":"hoelzernes-ouija-brett-hexenbrett-%f0%9f%91%bb","status":"publish","type":"product","link":"https:\/\/www.blogseite.com\/geschenke\/s\/hoelzernes-ouija-brett-hexenbrett-%f0%9f%91%bb\/","title":{"rendered":"H\u00f6lzernes Ouija Brett. Hexenbrett \ud83d\udc7b"},"content":{"rendered":"<ul class=\"a-unordered-list a-vertical a-spacing-mini\">\n<li><span class=\"a-list-item\">\ud83d\udd39 Ein versierter Gesch\u00e4ftsmann namens Charles Kennard bemerkte diese okkulte Verr\u00fccktheit und machte sich daran, eine Art &#8220;sprechenden Tisch&#8221; zu erfinden, der es immer schneller und einfacher machen w\u00fcrde, die Geisterwelt zu erreichen.<\/span><\/li>\n<li><span class=\"a-list-item\">\ud83d\udd39 Nachdem er einen Prototyp entwickelt hatte, fragte Kennard die Geister, wie seine Erfindung hei\u00dfen sollte, und auf der Planchette stand &#8220;Ouija&#8221;. Als er sich erkundigte, was das bizarre Wort bedeutet, antworteten sie: &#8220;Viel Gl\u00fcck&#8221;.<\/span><\/li>\n<li><span class=\"a-list-item\">\ud83d\udd39 F\u00fcr das Ouija gibt es verschiedene weitere Bezeichnungen wie etwa Hexenbrett, Alphabettafel, Witchboard, Seelenschreiber und Talking Board. Der okkult klingende Namen geht vermutlich auf die Kombination des franz\u00f6sischen \u201eOui\u201c mit dem deutschen \u201eJa\u201c zur\u00fcck.<\/span><\/li>\n<li><span class=\"a-list-item\">\ud83d\udd39 Laut einigen Berichten l\u00e4sst sich mit Ouija-Brettern Kontakt zu Geistern und Verstorbenen aufnehmen. Dabei kann die beschworene Entit\u00e4t mithilfe eines Markers auf Buchstaben oder Floskeln deuten und somit den Anwesenden Nachrichten \u00fcberbringen.<\/span><\/li>\n<li><span class=\"a-list-item\">\ud83d\udd39 Gr\u00f6\u00dfe A4 30 cm x 21 cm.<\/span><\/li>\n<\/ul>\n","protected":false},"excerpt":{"rendered":"<p>\ud83d\udd39 Ein versierter Gesch\u00e4ftsmann namens Charles Kennard bemerkte diese okkulte Verr\u00fccktheit und machte sich daran, eine Art &#8220;sprechenden Tisch&#8221; zu erfinden, der es immer schneller und einfacher machen w\u00fcrde, die Geisterwelt zu erreichen. \ud83d\udd39 Nachdem er einen Prototyp entwickelt hatte, fragte Kennard die Geister, wie seine Erfindung hei\u00dfen sollte, und auf der Planchette stand &#8220;Ouija&#8221;. [&hellip;]<\/p>\n","protected":false},"featured_media":818,"comment_status":"open","ping_status":"closed","template":"","meta":[],"product_cat":[78,280,426,429,430,431,300,294,291],"product_tag":[82,664],"class_list":{"0":"post-817","1":"product","2":"type-product","3":"status-publish","4":"has-post-thumbnail","6":"product_cat-weihnachtsgeschenke","7":"product_cat-geburtstagsgeschenke","8":"product_cat-nach-preis","9":"product_cat-unter-15-euro","10":"product_cat-unter-20-euro","11":"product_cat-unter-50-euro","12":"product_cat--kollege","13":"product_cat--schwester","14":"product_cat-nerds","15":"product_tag-geburtstagsgeschenk","16":"product_tag-ouija-brett","18":"first","19":"instock","20":"shipping-taxable","21":"product-type-external"},"_links":{"self":[{"href":"https:\/\/www.blogseite.com\/geschenke\/wp-json\/wp\/v2\/product\/817"}],"collection":[{"href":"https:\/\/www.blogseite.com\/geschenke\/wp-json\/wp\/v2\/product"}],"about":[{"href":"https:\/\/www.blogseite.com\/geschenke\/wp-json\/wp\/v2\/types\/product"}],"replies":[{"embeddable":true,"href":"https:\/\/www.blogseite.com\/geschenke\/wp-json\/wp\/v2\/comments?post=817"}],"wp:featuredmedia":[{"embeddable":true,"href":"https:\/\/www.blogseite.com\/geschenke\/wp-json\/wp\/v2\/media\/818"}],"wp:attachment":[{"href":"https:\/\/www.blogseite.com\/geschenke\/wp-json\/wp\/v2\/media?parent=817"}],"wp:term":[{"taxonomy":"product_cat","embeddable":true,"href":"https:\/\/www.blogseite.com\/geschenke\/wp-json\/wp\/v2\/product_cat?post=817"},{"taxonomy":"product_tag","embeddable":true,"href":"https:\/\/www.blogseite.com\/geschenke\/wp-json\/wp\/v2\/product_tag?post=817"}],"curies":[{"name":"wp","href":"https:\/\/api.w.org\/{rel}","templated":true}]}}