{"id":8169,"date":"2022-08-11T13:43:57","date_gmt":"2022-08-11T11:43:57","guid":{"rendered":"https:\/\/www.blogseite.com\/geschenke\/?post_type=product&#038;p=8169"},"modified":"2022-08-11T13:45:51","modified_gmt":"2022-08-11T11:45:51","slug":"3d-denksport-puzzle-aus-holz-kaufen-%f0%9f%a4%ac","status":"publish","type":"product","link":"https:\/\/www.blogseite.com\/geschenke\/s\/3d-denksport-puzzle-aus-holz-kaufen-%f0%9f%a4%ac\/","title":{"rendered":"3D Denksport-Puzzle aus Holz kaufen \ud83e\udd2c"},"content":{"rendered":"<ul class=\"a-unordered-list a-vertical a-spacing-mini\">\n<li><span class=\"a-list-item\">\u2705 TRAINIERE DEIN GEHIRN \u2013 Geistige Herausforderung f\u00fcr Probleml\u00f6ser und Spiele-Liebhaber. Dieses h\u00f6lzerne Puzzle mit \u201cTetris\u201d Steinen, liefert dir unz\u00e4hlige Stunden Spa\u00df und R\u00e4tselraten; nimm es auseinander und f\u00fcge es wieder zusammen<\/span><\/li>\n<li><span class=\"a-list-item\">\u2705 Entspannende Herausforderung \u2013 Dieses erzieherische Spielzeug bietet eine schwierige Herausforderung aber hilft dir auch, Stress abzubauen, dich zu entspannen und dein Gehirn zu Stimulieren; Spa\u00df f\u00fcr die ganze Familie, Sch\u00fcler, Kinder<\/span><\/li>\n<li><span class=\"a-list-item\">\u2705 ENTWICKLE F\u00c4HIGKEITEN \u2013 Das clevere 3D Puzzle-Design hilft dir F\u00e4higkeiten zu entwickeln. Zum Beispiel die F\u00e4higkeit, Probleme zu L\u00f6sen, r\u00e4umliches Denkverm\u00f6gen, kreatives Denken und vieles mehr; Spiele immer wieder, um dein Gehirn zu Trainieren<\/span><\/li>\n<li><span class=\"a-list-item\">\u2705 HOHE QUALIT\u00c4T \u2013 Die h\u00f6lzernen Puzzle-St\u00fccke wurden mit Pr\u00e4zision geschnitten, genau angepasst und f\u00fcr ein langes Leben gebaut; lackiert; sehr robust und sch\u00f6n anzusehen, toll f\u00fcr Puzzle-Liebhaber<\/span><\/li>\n<li><span class=\"a-list-item\">\u2705 WUNDERBARES GESCHENK \u2013 Erzieherisches, h\u00f6lzernes Puzzle, empfohlen f\u00fcr Kinder ab 6 Jahren und jeden, der eine Herausforderung liebt; 7 cm x 7 cm x 7 cm W\u00fcrfel, der 54 einzelne Steine enth\u00e4lt<\/span><\/li>\n<\/ul>\n","protected":false},"excerpt":{"rendered":"<p>\u2705 TRAINIERE DEIN GEHIRN \u2013 Geistige Herausforderung f\u00fcr Probleml\u00f6ser und Spiele-Liebhaber. Dieses h\u00f6lzerne Puzzle mit \u201cTetris\u201d Steinen, liefert dir unz\u00e4hlige Stunden Spa\u00df und R\u00e4tselraten; nimm es auseinander und f\u00fcge es wieder zusammen \u2705 Entspannende Herausforderung \u2013 Dieses erzieherische Spielzeug bietet eine schwierige Herausforderung aber hilft dir auch, Stress abzubauen, dich zu entspannen und dein Gehirn [&hellip;]<\/p>\n","protected":false},"featured_media":8170,"comment_status":"open","ping_status":"closed","template":"","meta":[],"product_cat":[78,746,103,74,110,54,116,63,45,108,73,1118,280,426,431,293,292,300,302,70,297,299,295,294,64],"product_tag":[1623,1583],"class_list":{"0":"post-8169","1":"product","2":"type-product","3":"status-publish","4":"has-post-thumbnail","6":"product_cat-weihnachtsgeschenke","7":"product_cat--fit-fuer-den-fruehling","8":"product_cat-studenten","9":"product_cat-bester-freund","10":"product_cat-freund","11":"product_cat-vatertag","12":"product_cat-frauen","13":"product_cat-mutter","14":"product_cat-freundin","15":"product_cat-maenner","16":"product_cat-beste-freundin","17":"product_cat--freundin","18":"product_cat-geburtstagsgeschenke","19":"product_cat-nach-preis","20":"product_cat-unter-50-euro","21":"product_cat-geschenk-fuer-bruder","22":"product_cat-sohn","23":"product_cat--kollege","24":"product_cat--jungen","25":"product_cat-geschenke-fuer-jeden-anlass","26":"product_cat--maedchen","27":"product_cat--chef","28":"product_cat--tochter","29":"product_cat--schwester","30":"product_cat-vater","31":"product_tag-knobelspiel","32":"product_tag-spiel","34":"first","35":"instock","36":"shipping-taxable","37":"product-type-external"},"_links":{"self":[{"href":"https:\/\/www.blogseite.com\/geschenke\/wp-json\/wp\/v2\/product\/8169"}],"collection":[{"href":"https:\/\/www.blogseite.com\/geschenke\/wp-json\/wp\/v2\/product"}],"about":[{"href":"https:\/\/www.blogseite.com\/geschenke\/wp-json\/wp\/v2\/types\/product"}],"replies":[{"embeddable":true,"href":"https:\/\/www.blogseite.com\/geschenke\/wp-json\/wp\/v2\/comments?post=8169"}],"wp:featuredmedia":[{"embeddable":true,"href":"https:\/\/www.blogseite.com\/geschenke\/wp-json\/wp\/v2\/media\/8170"}],"wp:attachment":[{"href":"https:\/\/www.blogseite.com\/geschenke\/wp-json\/wp\/v2\/media?parent=8169"}],"wp:term":[{"taxonomy":"product_cat","embeddable":true,"href":"https:\/\/www.blogseite.com\/geschenke\/wp-json\/wp\/v2\/product_cat?post=8169"},{"taxonomy":"product_tag","embeddable":true,"href":"https:\/\/www.blogseite.com\/geschenke\/wp-json\/wp\/v2\/product_tag?post=8169"}],"curies":[{"name":"wp","href":"https:\/\/api.w.org\/{rel}","templated":true}]}}