{"id":8167,"date":"2022-08-11T13:40:54","date_gmt":"2022-08-11T11:40:54","guid":{"rendered":"https:\/\/www.blogseite.com\/geschenke\/?post_type=product&#038;p=8167"},"modified":"2022-08-11T13:42:40","modified_gmt":"2022-08-11T11:42:40","slug":"the-twiddlers-30-metall-knobelspiele-kaufen-%f0%9f%98%b0","status":"publish","type":"product","link":"https:\/\/www.blogseite.com\/geschenke\/s\/the-twiddlers-30-metall-knobelspiele-kaufen-%f0%9f%98%b0\/","title":{"rendered":"THE TWIDDLERS 30 Metall Knobelspiele kaufen \ud83d\ude30"},"content":{"rendered":"<ul class=\"a-unordered-list a-vertical a-spacing-mini\">\n<li><span class=\"a-list-item\">P\u00e4dagogisch &amp; unterhaltsam &#8211; Unsere 30 verschiedenen Metallpuzzles sind brillant, um Kinder und Erwachsene zu ermutigen, logisches Denken und praktische F\u00e4higkeiten zu trainieren und die r\u00e4umliche Vorstellungskraft und Kreativit\u00e4t zu verbessern. Garantiert hochgradig lehrreich, entwickelt sie Intelligenz und Brainpower und unterh\u00e4lt gleichzeitig.<\/span><\/li>\n<li><span class=\"a-list-item\">Stellen Sie sich der Herausforderung &#8211; Jedes Metallpuzzle ist ein absolutes Unikat, in 30 verschiedenen Designs, das f\u00fcr gro\u00dfe Herausforderungen rund um die Uhr sorgt. Trotz der offensichtlichen Schwierigkeiten bei der L\u00f6sung der R\u00e4tsel, seien Sie versichert, dass die Zufriedenheit einer gut gemachten Arbeit sich lohnt.<\/span><\/li>\n<li><span class=\"a-list-item\">Premium-Qualit\u00e4t &#8211; Hergestellt aus hochwertigem kohlenstoffreichem Stahl und galvanisiertem Neusilber, sind die R\u00e4tsel solide und langlebig und sorgen f\u00fcr viele Stunden Konzentration und Spa\u00df! Abmessungen pro St\u00fcck 6 x 3 cm.<\/span><\/li>\n<li><span class=\"a-list-item\">Sicherheitshinweis &#8211; Unsere Metallr\u00e4tsel enthalten Kleinteile und k\u00f6nnen durch die Einnahme Kinder unter 4 Jahren ersticken. Bitte stellen Sie immer sicher, dass sie unter Aufsicht von Erwachsenen verwendet wird.<\/span><\/li>\n<li><span class=\"a-list-item\">Gesunde Garantie &#8211; Wir unterst\u00fctzen unsere Produkte zu 100% &#8211; Kontaktieren Sie uns, wenn Sie mit Ihrem Kauf nicht zufrieden sind und wir versprechen, alle Fragen zu beantworten.<\/span><\/li>\n<\/ul>\n","protected":false},"excerpt":{"rendered":"<p>P\u00e4dagogisch &amp; unterhaltsam &#8211; Unsere 30 verschiedenen Metallpuzzles sind brillant, um Kinder und Erwachsene zu ermutigen, logisches Denken und praktische F\u00e4higkeiten zu trainieren und die r\u00e4umliche Vorstellungskraft und Kreativit\u00e4t zu verbessern. Garantiert hochgradig lehrreich, entwickelt sie Intelligenz und Brainpower und unterh\u00e4lt gleichzeitig. Stellen Sie sich der Herausforderung &#8211; Jedes Metallpuzzle ist ein absolutes Unikat, in [&hellip;]<\/p>\n","protected":false},"featured_media":8168,"comment_status":"open","ping_status":"closed","template":"","meta":[],"product_cat":[78,746,103,74,110,54,116,63,45,108,73,1118,280,426,431,293,292,300,302,70,297,299,295,294,64],"product_tag":[1623,1583],"class_list":{"0":"post-8167","1":"product","2":"type-product","3":"status-publish","4":"has-post-thumbnail","6":"product_cat-weihnachtsgeschenke","7":"product_cat--fit-fuer-den-fruehling","8":"product_cat-studenten","9":"product_cat-bester-freund","10":"product_cat-freund","11":"product_cat-vatertag","12":"product_cat-frauen","13":"product_cat-mutter","14":"product_cat-freundin","15":"product_cat-maenner","16":"product_cat-beste-freundin","17":"product_cat--freundin","18":"product_cat-geburtstagsgeschenke","19":"product_cat-nach-preis","20":"product_cat-unter-50-euro","21":"product_cat-geschenk-fuer-bruder","22":"product_cat-sohn","23":"product_cat--kollege","24":"product_cat--jungen","25":"product_cat-geschenke-fuer-jeden-anlass","26":"product_cat--maedchen","27":"product_cat--chef","28":"product_cat--tochter","29":"product_cat--schwester","30":"product_cat-vater","31":"product_tag-knobelspiel","32":"product_tag-spiel","34":"first","35":"instock","36":"shipping-taxable","37":"product-type-external"},"_links":{"self":[{"href":"https:\/\/www.blogseite.com\/geschenke\/wp-json\/wp\/v2\/product\/8167"}],"collection":[{"href":"https:\/\/www.blogseite.com\/geschenke\/wp-json\/wp\/v2\/product"}],"about":[{"href":"https:\/\/www.blogseite.com\/geschenke\/wp-json\/wp\/v2\/types\/product"}],"replies":[{"embeddable":true,"href":"https:\/\/www.blogseite.com\/geschenke\/wp-json\/wp\/v2\/comments?post=8167"}],"wp:featuredmedia":[{"embeddable":true,"href":"https:\/\/www.blogseite.com\/geschenke\/wp-json\/wp\/v2\/media\/8168"}],"wp:attachment":[{"href":"https:\/\/www.blogseite.com\/geschenke\/wp-json\/wp\/v2\/media?parent=8167"}],"wp:term":[{"taxonomy":"product_cat","embeddable":true,"href":"https:\/\/www.blogseite.com\/geschenke\/wp-json\/wp\/v2\/product_cat?post=8167"},{"taxonomy":"product_tag","embeddable":true,"href":"https:\/\/www.blogseite.com\/geschenke\/wp-json\/wp\/v2\/product_tag?post=8167"}],"curies":[{"name":"wp","href":"https:\/\/api.w.org\/{rel}","templated":true}]}}