{"id":8159,"date":"2022-08-11T13:23:00","date_gmt":"2022-08-11T11:23:00","guid":{"rendered":"https:\/\/www.blogseite.com\/geschenke\/?post_type=product&#038;p=8159"},"modified":"2022-08-11T13:25:47","modified_gmt":"2022-08-11T11:25:47","slug":"antistress-spielzeug-kaufen-fuer-erwachsene-%f0%9f%98%ae","status":"publish","type":"product","link":"https:\/\/www.blogseite.com\/geschenke\/s\/antistress-spielzeug-kaufen-fuer-erwachsene-%f0%9f%98%ae\/","title":{"rendered":"Antistress Spielzeug kaufen f\u00fcr Erwachsene \ud83d\ude2e"},"content":{"rendered":"<ul class=\"a-unordered-list a-vertical a-spacing-mini\">\n<li><span class=\"a-list-item\">iCOOLIO material: Die xxl Gr\u00f6\u00dfe ist 20x20cm mit Pop-Blasen aus Silikon, langlebig, umweltfreundlich und nicht klebrig, sicher f\u00fcr Menschen und Haustiere.<\/span><\/li>\n<li><span class=\"a-list-item\">Fidget toys set Farben : Die hellen Farben geben Ihnen ein lebendiges, gl\u00fcckliches und aufregendes Gef\u00fchl. Kombiniert mit einem s\u00fc\u00dfen und klaren Klang, werden Sie sich gestreichelt f\u00fchlen. Fidget Spielzeug hat gr\u00fcn, gelb, blau, rot und lila Farbe.<\/span><\/li>\n<li><span class=\"a-list-item\">Figetttoys Anti Stress: Stressabbau Spielzeug f\u00fcr Kinder, Erwachsene mit Autismus als Geburtstagsgeschenk zu trainieren Gehirn F\u00e4higkeiten<\/span><\/li>\n<li><span class=\"a-list-item\">Verwenden Sie eine Feinmotorik. Schichten dr\u00fccken abwechselnd eine beliebige Anzahl von M\u00e4usen in einer Reihe nach unten. Der Spieler, der die letzte Maus dr\u00fcckt, verliert. Push and Pop ist ein gro\u00dfartiges Zappelwerkzeug f\u00fcr Haarzieher, Hautpicker und andere sensorische Suchende.<\/span><\/li>\n<li><span class=\"a-list-item\">Farben : Die hellen Farben geben Ihnen ein lebendiges, gl\u00fcckliches und aufregendes Gef\u00fchl. Kombiniert mit einem s\u00fc\u00dfen und klaren Klang, werden Sie sich gestreichelt f\u00fchlen. Fidget Spielzeug hat gr\u00fcn, gelb, blau, rot und lila Farbe.<\/span><\/li>\n<\/ul>\n","protected":false},"excerpt":{"rendered":"<p>iCOOLIO material: Die xxl Gr\u00f6\u00dfe ist 20x20cm mit Pop-Blasen aus Silikon, langlebig, umweltfreundlich und nicht klebrig, sicher f\u00fcr Menschen und Haustiere. Fidget toys set Farben : Die hellen Farben geben Ihnen ein lebendiges, gl\u00fcckliches und aufregendes Gef\u00fchl. Kombiniert mit einem s\u00fc\u00dfen und klaren Klang, werden Sie sich gestreichelt f\u00fchlen. Fidget Spielzeug hat gr\u00fcn, gelb, blau, [&hellip;]<\/p>\n","protected":false},"featured_media":8160,"comment_status":"open","ping_status":"closed","template":"","meta":[],"product_cat":[78,746,103,74,110,54,116,63,45,108,73,1118,280,426,431,293,292,300,302,70,297,299,295,294,64],"product_tag":[1622,456],"class_list":{"0":"post-8159","1":"product","2":"type-product","3":"status-publish","4":"has-post-thumbnail","6":"product_cat-weihnachtsgeschenke","7":"product_cat--fit-fuer-den-fruehling","8":"product_cat-studenten","9":"product_cat-bester-freund","10":"product_cat-freund","11":"product_cat-vatertag","12":"product_cat-frauen","13":"product_cat-mutter","14":"product_cat-freundin","15":"product_cat-maenner","16":"product_cat-beste-freundin","17":"product_cat--freundin","18":"product_cat-geburtstagsgeschenke","19":"product_cat-nach-preis","20":"product_cat-unter-50-euro","21":"product_cat-geschenk-fuer-bruder","22":"product_cat-sohn","23":"product_cat--kollege","24":"product_cat--jungen","25":"product_cat-geschenke-fuer-jeden-anlass","26":"product_cat--maedchen","27":"product_cat--chef","28":"product_cat--tochter","29":"product_cat--schwester","30":"product_cat-vater","31":"product_tag-anti-stress","32":"product_tag-lustig","34":"first","35":"instock","36":"shipping-taxable","37":"product-type-external"},"_links":{"self":[{"href":"https:\/\/www.blogseite.com\/geschenke\/wp-json\/wp\/v2\/product\/8159"}],"collection":[{"href":"https:\/\/www.blogseite.com\/geschenke\/wp-json\/wp\/v2\/product"}],"about":[{"href":"https:\/\/www.blogseite.com\/geschenke\/wp-json\/wp\/v2\/types\/product"}],"replies":[{"embeddable":true,"href":"https:\/\/www.blogseite.com\/geschenke\/wp-json\/wp\/v2\/comments?post=8159"}],"wp:featuredmedia":[{"embeddable":true,"href":"https:\/\/www.blogseite.com\/geschenke\/wp-json\/wp\/v2\/media\/8160"}],"wp:attachment":[{"href":"https:\/\/www.blogseite.com\/geschenke\/wp-json\/wp\/v2\/media?parent=8159"}],"wp:term":[{"taxonomy":"product_cat","embeddable":true,"href":"https:\/\/www.blogseite.com\/geschenke\/wp-json\/wp\/v2\/product_cat?post=8159"},{"taxonomy":"product_tag","embeddable":true,"href":"https:\/\/www.blogseite.com\/geschenke\/wp-json\/wp\/v2\/product_tag?post=8159"}],"curies":[{"name":"wp","href":"https:\/\/api.w.org\/{rel}","templated":true}]}}