{"id":8155,"date":"2022-08-10T20:49:02","date_gmt":"2022-08-10T18:49:02","guid":{"rendered":"https:\/\/www.blogseite.com\/geschenke\/?post_type=product&#038;p=8155"},"modified":"2022-08-10T20:50:11","modified_gmt":"2022-08-10T18:50:11","slug":"megatek-dual-t4-pro-bluetooth-lautsprecher-kaufen-%f0%9f%98%9a","status":"publish","type":"product","link":"https:\/\/www.blogseite.com\/geschenke\/s\/megatek-dual-t4-pro-bluetooth-lautsprecher-kaufen-%f0%9f%98%9a\/","title":{"rendered":"MEGATEK Dual T4-Pro Bluetooth Lautsprecher kaufen \ud83d\ude1a"},"content":{"rendered":"<ul class=\"a-unordered-list a-vertical a-spacing-mini\">\n<li><span class=\"a-list-item\">MODERNE KABELLOSE STEREO-PAIRING-TECHNOLOGIE: M\u00f6chten Sie ein Lautsprechersystem, das klein und tragbar ist, aber auch einen unglaublich immersiven Stereoklang liefert? Das duale Megatek T4 Pro Lautsprechersystem erf\u00fcllt perfekt Ihre Erwartungen und unterscheidet sich von jedem anderen Einzellautsprecher: Die beiden Lautsprecher werden drahtlos miteinander verbunden und geben Musik mit einer unglaublichen linken und rechten Stereotrennung mit doppelter Ausgangsleistung (2 x 6 W) wieder.<\/span><\/li>\n<li><span class=\"a-list-item\">\u00dcBERLEGENER 360\u00b0-HD-SOUND MIT SATTEN BASS &#8211; Das kleine tragbare Design der Lautsprecher beeintr\u00e4chtigt nicht die Klangleistung. Ausgestattet mit einem fortschrittlichen digitalen Audioprozessor, einem High-End-Verst\u00e4rker, einem gut abgestimmten Treiber und einem Bassstrahler liefert der Megatek T4-Pro einen unglaublich hochwertigen 360\u00b0-Sound mit verbesserter Klarheit der Mitten und H\u00f6hen und satteren B\u00e4ssen.<\/span><\/li>\n<li><span class=\"a-list-item\">AUSGEZEICHNETES DESIGN MIT LED-LICHTSHOW \u2013 Der Megatek T4-Pro ist nicht nur ein Genuss f\u00fcr die Ohren, sondern auch f\u00fcr die Augen. Das elegante Design mit dem markanten transparenten Geh\u00e4use und den coolen 6-Modus-Farbwechsel-LED-Umgebungslichtern, die zur Musik tanzen, passen \u00fcberall in Ihr Zuhause und erhellen Ihre Stimmung und Party.<\/span><\/li>\n<li><span class=\"a-list-item\">UNGLAUBLICH VIELSEITIG UND EINFACH ZU VERWENDEN &#8211; Die integrierte Bluetooth 4.2-Technologie bietet Ihnen den Komfort, bis zu 20 m (Sichtlinie) von Ihrem Ger\u00e4t entfernt zu spielen, mit nahtloser und stabiler Verbindung mit Echo Dot, Echo, Echo Plus, Telefon , Laptop, Tablet und alle anderen Bluetooth-f\u00e4higen Ger\u00e4te. W\u00e4hlen Sie den AUX-Eingang (3,5-mm-Typ) f\u00fcr externen Sound oder verbinden Sie ihn mit Ihren Computern, um sie als drahtloses 2.0-PC-Lautsprechersystem zu verwenden.<\/span><\/li>\n<li><span class=\"a-list-item\">SUPER TRAGBARKEIT &#8211; Die ultraportablen, wasserfesten IPX5-Lautsprecher k\u00f6nnen einfach in eine Tasche, einen Rucksack oder einen Koffer gesteckt werden, sodass Sie sie zum Strand, Pool und unter die Dusche mitnehmen k\u00f6nnen, um bis zu 12 Stunden lang ununterbrochen Musik zu genie\u00dfen mittlere Lautst\u00e4rke bei einer vollen Ladung. Jeder Lautsprechersatz wird mit einem USB-Ladekabel und einem 3,5-mm-Audiokabel geliefert.<\/span><\/li>\n<\/ul>\n","protected":false},"excerpt":{"rendered":"<p>MODERNE KABELLOSE STEREO-PAIRING-TECHNOLOGIE: M\u00f6chten Sie ein Lautsprechersystem, das klein und tragbar ist, aber auch einen unglaublich immersiven Stereoklang liefert? Das duale Megatek T4 Pro Lautsprechersystem erf\u00fcllt perfekt Ihre Erwartungen und unterscheidet sich von jedem anderen Einzellautsprecher: Die beiden Lautsprecher werden drahtlos miteinander verbunden und geben Musik mit einer unglaublichen linken und rechten Stereotrennung mit doppelter [&hellip;]<\/p>\n","protected":false},"featured_media":8156,"comment_status":"open","ping_status":"closed","template":"","meta":[],"product_cat":[78,746,103,74,110,54,116,63,45,108,73,1118,280,426,431,293,292,300,302,70,297,299,295,294,64],"product_tag":[1610],"class_list":{"0":"post-8155","1":"product","2":"type-product","3":"status-publish","4":"has-post-thumbnail","6":"product_cat-weihnachtsgeschenke","7":"product_cat--fit-fuer-den-fruehling","8":"product_cat-studenten","9":"product_cat-bester-freund","10":"product_cat-freund","11":"product_cat-vatertag","12":"product_cat-frauen","13":"product_cat-mutter","14":"product_cat-freundin","15":"product_cat-maenner","16":"product_cat-beste-freundin","17":"product_cat--freundin","18":"product_cat-geburtstagsgeschenke","19":"product_cat-nach-preis","20":"product_cat-unter-50-euro","21":"product_cat-geschenk-fuer-bruder","22":"product_cat-sohn","23":"product_cat--kollege","24":"product_cat--jungen","25":"product_cat-geschenke-fuer-jeden-anlass","26":"product_cat--maedchen","27":"product_cat--chef","28":"product_cat--tochter","29":"product_cat--schwester","30":"product_cat-vater","31":"product_tag-bartpflege","33":"first","34":"instock","35":"shipping-taxable","36":"product-type-external"},"_links":{"self":[{"href":"https:\/\/www.blogseite.com\/geschenke\/wp-json\/wp\/v2\/product\/8155"}],"collection":[{"href":"https:\/\/www.blogseite.com\/geschenke\/wp-json\/wp\/v2\/product"}],"about":[{"href":"https:\/\/www.blogseite.com\/geschenke\/wp-json\/wp\/v2\/types\/product"}],"replies":[{"embeddable":true,"href":"https:\/\/www.blogseite.com\/geschenke\/wp-json\/wp\/v2\/comments?post=8155"}],"wp:featuredmedia":[{"embeddable":true,"href":"https:\/\/www.blogseite.com\/geschenke\/wp-json\/wp\/v2\/media\/8156"}],"wp:attachment":[{"href":"https:\/\/www.blogseite.com\/geschenke\/wp-json\/wp\/v2\/media?parent=8155"}],"wp:term":[{"taxonomy":"product_cat","embeddable":true,"href":"https:\/\/www.blogseite.com\/geschenke\/wp-json\/wp\/v2\/product_cat?post=8155"},{"taxonomy":"product_tag","embeddable":true,"href":"https:\/\/www.blogseite.com\/geschenke\/wp-json\/wp\/v2\/product_tag?post=8155"}],"curies":[{"name":"wp","href":"https:\/\/api.w.org\/{rel}","templated":true}]}}