{"id":8153,"date":"2022-08-10T20:35:21","date_gmt":"2022-08-10T18:35:21","guid":{"rendered":"https:\/\/www.blogseite.com\/geschenke\/?post_type=product&#038;p=8153"},"modified":"2022-08-10T20:43:01","modified_gmt":"2022-08-10T18:43:01","slug":"bartpflege-set-fuer-maenner-oukzon-10-in-1-kaufen-%f0%9f%98%8d","status":"publish","type":"product","link":"https:\/\/www.blogseite.com\/geschenke\/s\/bartpflege-set-fuer-maenner-oukzon-10-in-1-kaufen-%f0%9f%98%8d\/","title":{"rendered":"Bartpflege Set f\u00fcr M\u00e4nner, Oukzon 10 in 1 kaufen \ud83d\ude0d"},"content":{"rendered":"<ul class=\"a-unordered-list a-vertical a-spacing-mini\">\n<li><span class=\"a-list-item\">\ud83d\udca1\u30103 Aufladem\u00f6glichkeiten\u3011Unsere LED-Campinglaterne verf\u00fcgt \u00fcber einen eingebauten 3000-mAh-Akku und verf\u00fcgt \u00fcber 3 Stromversorgungsmodi &#8211; das mitgelieferte Micro-USB-Ladekabel oder das Solarpanel oder das Drehen der Handkurbel an der Unterseite, um Strom zu erzeugen. Lange Arbeitszeiten und mehrere Ladem\u00f6glichkeiten helfen Ihnen dabei, sich bei Stromausf\u00e4llen oder Notf\u00e4llen keine Sorgen mehr \u00fcber keinen Strom zu machen.<\/span><\/li>\n<li><span class=\"a-list-item\">\ud83d\udca1\u3010Camping Laterne oder Taschenlampe\u3011Die wiederaufladbare Solarlaterne verf\u00fcgt \u00fcber vielseitige 2-in-1-Laternen- und Taschenlampenmodi. Wenn Sie als zusammenklappbare Laterne verwenden, ziehen oder dr\u00fccken Sie einfach am Griff, um ihn einzuschalten oder zu schlie\u00dfen, und stellen Sie das Licht ein, indem Sie die gezogene H\u00f6he steuern. Der Taschenlampen- oder Lampenmodus kann nach dem vollst\u00e4ndigen Aufladen mindestens 30 Stunden lang kontinuierlich beleuchtet werden.<\/span><\/li>\n<li><span class=\"a-list-item\">\ud83d\udca1\u3010Zusammenklappbar f\u00fcr Tragbare Ger\u00e4te\u3011Die LED-Laterne ist bei zusammengeklappter Konstruktion kompakt und l\u00e4sst sich leicht transportieren und lagern, ohne viel Platz zu beanspruchen. Zwei wegklappbare Griffe machen die Taschenlampe der Handkurbellaterne bequem zum Aufh\u00e4ngen, zum Tragen und zum Aufh\u00e4ngen an Zelten oder Au\u00dfen\u00e4sten oder an Rucks\u00e4cken und eignen sich perfekt als \u00dcberlebenskits f\u00fcr Hurrikane, Notf\u00e4lle, Wanderungen und Ausf\u00e4lle.<\/span><\/li>\n<li><span class=\"a-list-item\">\ud83d\udca1\u3010Hell und Langlebig\u3011Die Campingleuchte aus hochwertigem ABS-Material sorgt f\u00fcr eine lange Lebensdauer und ist IPX4, um rauen Wetterbedingungen sowie rauer Handhabung standzuhalten. Dar\u00fcber hinaus kann die zusammenklappbare Laterne, die mit LED-Lampen mit geringem Verbrauch ausgestattet ist, im Laternenmodus ein ultrahelles 360 \u00b0 -Lichtlicht liefern, das f\u00fcr Aktivit\u00e4ten im Innen- oder Au\u00dfenbereich geeignet ist.<\/span><\/li>\n<li><span class=\"a-list-item\">\ud83d\udca1\u3010USB-Anschluss und Breite Anwendung\u3011Die Laterne mit USB-Ladeanschluss ist auch eine 3000-mAh-Powerbank, mit der Sie Ihr Smartphone oder andere Ger\u00e4te im Notfall sicher aufladen k\u00f6nnen. Es ist auch ein zuverl\u00e4ssiges \u00dcberlebensausr\u00fcstungsset f\u00fcr Camping, Wandern, Angeln, Stromausf\u00e4lle usw., ein Geschenk f\u00fcr Familien, Freunde. Wir bieten 30 Tage kostenlose R\u00fcckgabe und 18 Monate Garantie. Wenn Sie Fragen haben, erreichen Sie uns unter der Support-E-Mail-Adresse<\/span><\/li>\n<\/ul>\n","protected":false},"excerpt":{"rendered":"<p>\ud83d\udca1\u30103 Aufladem\u00f6glichkeiten\u3011Unsere LED-Campinglaterne verf\u00fcgt \u00fcber einen eingebauten 3000-mAh-Akku und verf\u00fcgt \u00fcber 3 Stromversorgungsmodi &#8211; das mitgelieferte Micro-USB-Ladekabel oder das Solarpanel oder das Drehen der Handkurbel an der Unterseite, um Strom zu erzeugen. Lange Arbeitszeiten und mehrere Ladem\u00f6glichkeiten helfen Ihnen dabei, sich bei Stromausf\u00e4llen oder Notf\u00e4llen keine Sorgen mehr \u00fcber keinen Strom zu machen. \ud83d\udca1\u3010Camping Laterne [&hellip;]<\/p>\n","protected":false},"featured_media":8154,"comment_status":"open","ping_status":"closed","template":"","meta":[],"product_cat":[78,746,103,74,110,54,116,63,45,108,73,1118,280,426,431,293,292,300,302,70,297,299,295,294,64],"product_tag":[1610],"class_list":{"0":"post-8153","1":"product","2":"type-product","3":"status-publish","4":"has-post-thumbnail","6":"product_cat-weihnachtsgeschenke","7":"product_cat--fit-fuer-den-fruehling","8":"product_cat-studenten","9":"product_cat-bester-freund","10":"product_cat-freund","11":"product_cat-vatertag","12":"product_cat-frauen","13":"product_cat-mutter","14":"product_cat-freundin","15":"product_cat-maenner","16":"product_cat-beste-freundin","17":"product_cat--freundin","18":"product_cat-geburtstagsgeschenke","19":"product_cat-nach-preis","20":"product_cat-unter-50-euro","21":"product_cat-geschenk-fuer-bruder","22":"product_cat-sohn","23":"product_cat--kollege","24":"product_cat--jungen","25":"product_cat-geschenke-fuer-jeden-anlass","26":"product_cat--maedchen","27":"product_cat--chef","28":"product_cat--tochter","29":"product_cat--schwester","30":"product_cat-vater","31":"product_tag-bartpflege","33":"first","34":"instock","35":"shipping-taxable","36":"product-type-external"},"_links":{"self":[{"href":"https:\/\/www.blogseite.com\/geschenke\/wp-json\/wp\/v2\/product\/8153"}],"collection":[{"href":"https:\/\/www.blogseite.com\/geschenke\/wp-json\/wp\/v2\/product"}],"about":[{"href":"https:\/\/www.blogseite.com\/geschenke\/wp-json\/wp\/v2\/types\/product"}],"replies":[{"embeddable":true,"href":"https:\/\/www.blogseite.com\/geschenke\/wp-json\/wp\/v2\/comments?post=8153"}],"wp:featuredmedia":[{"embeddable":true,"href":"https:\/\/www.blogseite.com\/geschenke\/wp-json\/wp\/v2\/media\/8154"}],"wp:attachment":[{"href":"https:\/\/www.blogseite.com\/geschenke\/wp-json\/wp\/v2\/media?parent=8153"}],"wp:term":[{"taxonomy":"product_cat","embeddable":true,"href":"https:\/\/www.blogseite.com\/geschenke\/wp-json\/wp\/v2\/product_cat?post=8153"},{"taxonomy":"product_tag","embeddable":true,"href":"https:\/\/www.blogseite.com\/geschenke\/wp-json\/wp\/v2\/product_tag?post=8153"}],"curies":[{"name":"wp","href":"https:\/\/api.w.org\/{rel}","templated":true}]}}