{"id":8125,"date":"2022-08-07T13:34:53","date_gmt":"2022-08-07T11:34:53","guid":{"rendered":"https:\/\/www.blogseite.com\/geschenke\/?post_type=product&#038;p=8125"},"modified":"2022-08-07T13:36:00","modified_gmt":"2022-08-07T11:36:00","slug":"happy-birthday-set-geburtstags-nuesse-%f0%9f%a5%b0","status":"publish","type":"product","link":"https:\/\/www.blogseite.com\/geschenke\/s\/happy-birthday-set-geburtstags-nuesse-%f0%9f%a5%b0\/","title":{"rendered":"Happy Birthday Set &#8211; Geburtstags N\u00fcsse \ud83e\udd70"},"content":{"rendered":"<ul class=\"a-unordered-list a-vertical a-spacing-mini\">\n<li><span class=\"a-list-item\">\ud83c\udf81 NUSS-MANUFAKTUR KERNenergie &#8211; Die Nuss-Kerne in dem erlesenen Geburtstagsgeschenk-Set stammen aus den besten Anbaugebieten der Welt. Dieser Nasch- und Knabber-Mix ist ein Muss f\u00fcr jeden Nussliebhaber.<\/span><\/li>\n<li><span class=\"a-list-item\">\ud83c\udf81 Nuss-Mix &#8220;Safari&#8221;: W\u00fcrziger Snack aus Erdn\u00fcssen mit und ohne Haut, Cashews, Mandeln und Katjang Pedis, Erdn\u00fcssen in einem knackigen Backmantel aus Chili und Paprika<\/span><\/li>\n<li><span class=\"a-list-item\">\ud83c\udf81 Nuss-Frucht-Mix &#8220;Blueberry Fusion&#8221;: Fruchtige Komposition aus Blaubeeren, Cranberries, ger\u00f6steten Pekann\u00fcssen, Cashews und Pistazien.<\/span><\/li>\n<li><span class=\"a-list-item\">\ud83c\udf81 Schokon\u00fcsse &#8220;Hazel Chocolate Fusion&#8221;: Aromatische Haseln\u00fcsse ummantelt mit Vollmilch-, Zartbitter- und wei\u00dfer Schokolade<\/span><\/li>\n<li><span class=\"a-list-item\">\ud83c\udf81 Gebrannte Cashewkerne &#8220;Pure Chocolate Cashews&#8221;: Aus unserer KERNenergie Manufaktur: Pure Chocolate Cashews &#8211; gebrannte Cashews umh\u00fcllt von edlem Kakao.<\/span><\/li>\n<li><span class=\"a-list-item\">\ud83c\udf81 Frische R\u00f6stung: Unsere Nusskern-Mischung wird in der hauseigenen R\u00f6sterei in Handarbeit schonend und frisch ger\u00f6stet. Dadurch erhalten die Knabbereien einen traumhaft aromatischen Geschmack.<\/span><\/li>\n<li><span class=\"a-list-item\">\ud83c\udf81 Erlesener Inhalt: Das Geschenk-Set zum Geburtstag mit 4 Aluminium-Dosen enth\u00e4lt unsere pikante N\u00fcsse-Mischung Safari, schokolierte Haseln\u00fcsse, Nuss-Frucht Mischung Blueberry Fusion und Pure Chocolate Cashews.<\/span><\/li>\n<\/ul>\n<div class=\"a-row a-expander-container a-expander-inline-container\"><\/div>\n","protected":false},"excerpt":{"rendered":"<p>\ud83c\udf81 NUSS-MANUFAKTUR KERNenergie &#8211; Die Nuss-Kerne in dem erlesenen Geburtstagsgeschenk-Set stammen aus den besten Anbaugebieten der Welt. Dieser Nasch- und Knabber-Mix ist ein Muss f\u00fcr jeden Nussliebhaber. \ud83c\udf81 Nuss-Mix &#8220;Safari&#8221;: W\u00fcrziger Snack aus Erdn\u00fcssen mit und ohne Haut, Cashews, Mandeln und Katjang Pedis, Erdn\u00fcssen in einem knackigen Backmantel aus Chili und Paprika \ud83c\udf81 Nuss-Frucht-Mix &#8220;Blueberry [&hellip;]<\/p>\n","protected":false},"featured_media":8126,"comment_status":"open","ping_status":"closed","template":"","meta":[],"product_cat":[746,103,74,110,54,116,63,45,108,73,1118,280,426,431,293,292,300,302,70,297,299,295,294,64],"product_tag":[506],"class_list":{"0":"post-8125","1":"product","2":"type-product","3":"status-publish","4":"has-post-thumbnail","6":"product_cat--fit-fuer-den-fruehling","7":"product_cat-studenten","8":"product_cat-bester-freund","9":"product_cat-freund","10":"product_cat-vatertag","11":"product_cat-frauen","12":"product_cat-mutter","13":"product_cat-freundin","14":"product_cat-maenner","15":"product_cat-beste-freundin","16":"product_cat--freundin","17":"product_cat-geburtstagsgeschenke","18":"product_cat-nach-preis","19":"product_cat-unter-50-euro","20":"product_cat-geschenk-fuer-bruder","21":"product_cat-sohn","22":"product_cat--kollege","23":"product_cat--jungen","24":"product_cat-geschenke-fuer-jeden-anlass","25":"product_cat--maedchen","26":"product_cat--chef","27":"product_cat--tochter","28":"product_cat--schwester","29":"product_cat-vater","30":"product_tag-geschenkkorb","32":"first","33":"instock","34":"shipping-taxable","35":"product-type-external"},"_links":{"self":[{"href":"https:\/\/www.blogseite.com\/geschenke\/wp-json\/wp\/v2\/product\/8125"}],"collection":[{"href":"https:\/\/www.blogseite.com\/geschenke\/wp-json\/wp\/v2\/product"}],"about":[{"href":"https:\/\/www.blogseite.com\/geschenke\/wp-json\/wp\/v2\/types\/product"}],"replies":[{"embeddable":true,"href":"https:\/\/www.blogseite.com\/geschenke\/wp-json\/wp\/v2\/comments?post=8125"}],"wp:featuredmedia":[{"embeddable":true,"href":"https:\/\/www.blogseite.com\/geschenke\/wp-json\/wp\/v2\/media\/8126"}],"wp:attachment":[{"href":"https:\/\/www.blogseite.com\/geschenke\/wp-json\/wp\/v2\/media?parent=8125"}],"wp:term":[{"taxonomy":"product_cat","embeddable":true,"href":"https:\/\/www.blogseite.com\/geschenke\/wp-json\/wp\/v2\/product_cat?post=8125"},{"taxonomy":"product_tag","embeddable":true,"href":"https:\/\/www.blogseite.com\/geschenke\/wp-json\/wp\/v2\/product_tag?post=8125"}],"curies":[{"name":"wp","href":"https:\/\/api.w.org\/{rel}","templated":true}]}}