{"id":8119,"date":"2022-08-07T13:23:50","date_gmt":"2022-08-07T11:23:50","guid":{"rendered":"https:\/\/www.blogseite.com\/geschenke\/?post_type=product&#038;p=8119"},"modified":"2022-08-07T13:24:58","modified_gmt":"2022-08-07T11:24:58","slug":"geschenkkorb-praesentkorb-delikatessen-kaufen-%f0%9f%98%8d","status":"publish","type":"product","link":"https:\/\/www.blogseite.com\/geschenke\/s\/geschenkkorb-praesentkorb-delikatessen-kaufen-%f0%9f%98%8d\/","title":{"rendered":"Geschenkkorb \/ Pr\u00e4sentkorb Delikatessen kaufen \ud83d\ude0d"},"content":{"rendered":"<ul class=\"a-unordered-list a-vertical a-spacing-mini\">\n<li><span class=\"a-list-item\">Eine edle Auswahl unserer Delikatessen, hergestellt von deutschen Manufakturen sowie von italienischen und griechischen Manufakturen<\/span><\/li>\n<li><span class=\"a-list-item\">Der Inhalt: 1x Hausmacher Eiernudeln (500g), 1x griechische Teigware (360-500g), 2x griechische Tomaten- und\/oder Paprikasauce (250\u2013350g), 2x Gourmet-Sauce (145ml), 1x Gourmetketchup (245ml), 1x kaltgepresstes \u00d6l (250ml), 1x Balsam-Essigzubereitung (250ml), 1x Hausgemachter Senf (200g), 1x Gew\u00fcrz, 1x Pat\u00e9 aus Italien (90g), 1x Grillsauce Salsa Piccante, 1x hochwertige Marmelade (280g), 1x Schokobox (325g) sowie 2x Schokon\u00fcsse (100g)<\/span><\/li>\n<li><span class=\"a-list-item\">Das hochwertige \u00d6l stammt von unserer erstklassigen deutschen \u00d6lm\u00fchle, die Schokolade von unserem begabten Chocolatier, jedes einzelne Produkt ist mit Liebe und besonderem Augenmerk hergestellt worden, jedes von einem anderen Profi in einer kleinen Manufaktur. Eine andere Besonderheit: wir haben ausgefallene, spannende und dazu \u00fcberaus leckere Sorten im Sortiment, z.B. Zitronen\u00f6l, Orangensenf und Pat\u00e9 Wilder Fenchel<\/span><\/li>\n<li><span class=\"a-list-item\">Die Lebensmittel erhalten Sie in einem sch\u00f6nen Geschenkkorb mit Holzwolle<\/span><\/li>\n<\/ul>\n","protected":false},"excerpt":{"rendered":"<p>Eine edle Auswahl unserer Delikatessen, hergestellt von deutschen Manufakturen sowie von italienischen und griechischen Manufakturen Der Inhalt: 1x Hausmacher Eiernudeln (500g), 1x griechische Teigware (360-500g), 2x griechische Tomaten- und\/oder Paprikasauce (250\u2013350g), 2x Gourmet-Sauce (145ml), 1x Gourmetketchup (245ml), 1x kaltgepresstes \u00d6l (250ml), 1x Balsam-Essigzubereitung (250ml), 1x Hausgemachter Senf (200g), 1x Gew\u00fcrz, 1x Pat\u00e9 aus Italien (90g), [&hellip;]<\/p>\n","protected":false},"featured_media":8120,"comment_status":"open","ping_status":"closed","template":"","meta":[],"product_cat":[746,103,74,110,54,116,63,45,108,73,1118,280,426,431,293,292,300,302,70,297,299,295,294,64],"product_tag":[506],"class_list":{"0":"post-8119","1":"product","2":"type-product","3":"status-publish","4":"has-post-thumbnail","6":"product_cat--fit-fuer-den-fruehling","7":"product_cat-studenten","8":"product_cat-bester-freund","9":"product_cat-freund","10":"product_cat-vatertag","11":"product_cat-frauen","12":"product_cat-mutter","13":"product_cat-freundin","14":"product_cat-maenner","15":"product_cat-beste-freundin","16":"product_cat--freundin","17":"product_cat-geburtstagsgeschenke","18":"product_cat-nach-preis","19":"product_cat-unter-50-euro","20":"product_cat-geschenk-fuer-bruder","21":"product_cat-sohn","22":"product_cat--kollege","23":"product_cat--jungen","24":"product_cat-geschenke-fuer-jeden-anlass","25":"product_cat--maedchen","26":"product_cat--chef","27":"product_cat--tochter","28":"product_cat--schwester","29":"product_cat-vater","30":"product_tag-geschenkkorb","32":"first","33":"instock","34":"shipping-taxable","35":"product-type-external"},"_links":{"self":[{"href":"https:\/\/www.blogseite.com\/geschenke\/wp-json\/wp\/v2\/product\/8119"}],"collection":[{"href":"https:\/\/www.blogseite.com\/geschenke\/wp-json\/wp\/v2\/product"}],"about":[{"href":"https:\/\/www.blogseite.com\/geschenke\/wp-json\/wp\/v2\/types\/product"}],"replies":[{"embeddable":true,"href":"https:\/\/www.blogseite.com\/geschenke\/wp-json\/wp\/v2\/comments?post=8119"}],"wp:featuredmedia":[{"embeddable":true,"href":"https:\/\/www.blogseite.com\/geschenke\/wp-json\/wp\/v2\/media\/8120"}],"wp:attachment":[{"href":"https:\/\/www.blogseite.com\/geschenke\/wp-json\/wp\/v2\/media?parent=8119"}],"wp:term":[{"taxonomy":"product_cat","embeddable":true,"href":"https:\/\/www.blogseite.com\/geschenke\/wp-json\/wp\/v2\/product_cat?post=8119"},{"taxonomy":"product_tag","embeddable":true,"href":"https:\/\/www.blogseite.com\/geschenke\/wp-json\/wp\/v2\/product_tag?post=8119"}],"curies":[{"name":"wp","href":"https:\/\/api.w.org\/{rel}","templated":true}]}}