{"id":8116,"date":"2022-08-07T12:43:35","date_gmt":"2022-08-07T10:43:35","guid":{"rendered":"https:\/\/www.blogseite.com\/geschenke\/?post_type=product&#038;p=8116"},"modified":"2022-08-07T12:44:55","modified_gmt":"2022-08-07T10:44:55","slug":"richtfest-geschenkkorb-kaufen-%f0%9f%98%98","status":"publish","type":"product","link":"https:\/\/www.blogseite.com\/geschenke\/s\/richtfest-geschenkkorb-kaufen-%f0%9f%98%98\/","title":{"rendered":"Richtfest Geschenkkorb kaufen \ud83d\ude18"},"content":{"rendered":"<ul class=\"a-unordered-list a-vertical a-spacing-mini\">\n<li><span class=\"a-list-item\">RADITIONELLES EINZUGSGESCHENK: Ob f\u00fcr den Einzug in eine neue Wohnung, ein neues Haus, zur Hauseinweihung oder zum Richtfest \u2013 die Gepp\u2019s Wundert\u00fcte w\u00fcnscht frisch Eingezogenen einen guten Start f\u00fcrs neue Zuhause &#8211; mit knusprigem Brot und leckeren Salzmischungen.<\/span><\/li>\n<li><span class=\"a-list-item\">BROT UND SALZ IN SCH\u00d6NSTER FORM: Die Wundert\u00fcte enth\u00e4lt unsere mediterrane Brotbackmischung f\u00fcr echtes italienisches Feeling auf dem Tisch sowie unsere M\u00fcsli Brotbackmischung. Passend dazu unser Bio Brotzeit Gew\u00fcrz, Zitronensalz und unser Knoblauch-Chili Salz. ***Unser Mini Knoblauch Chili Salz ist aktuell leider ausverkauft. Stattdessen wird unser BIO Mini Bruschetta Gew\u00fcrz geliefert geliefert.***<\/span><\/li>\n<li><span class=\"a-list-item\">FREI VON K\u00dcNSTLICHEN ZUS\u00c4TZEN: Unsere Produkte werden nach eigener Rezeptur, nach Roja Gepps Reinheitsgebot hergestellt: ohne k\u00fcnstliche Zusatzstoffe, Geschmacksverst\u00e4rker oder k\u00fcnstliche Aromen.<\/span><\/li>\n<li><span class=\"a-list-item\">PERFEKTES EINWEIHUNGSGESCHENK: Brotbackmischungen f\u00fcr fluffig leckeres Brot, feine Gew\u00fcrze und spezielle Salze in unserer liebevoll verpackten Wundert\u00fcte \u2013 ideal f\u00fcr alle, die noch auf der Suche nach einem besonderen Umzugsgeschenk sind!<\/span><\/li>\n<li><span class=\"a-list-item\">GEPP\u2019S FEINKOST: Unser Sortiment bietet viele weitere tolle Geschenkideen und Feinkost Sets f\u00fcr den eigenen Vorrat. Einfach im Gepp\u2019s Store vorbeischauen, f\u00fcndig werden &amp; genie\u00dfen!<\/span><\/li>\n<\/ul>\n","protected":false},"excerpt":{"rendered":"<p>RADITIONELLES EINZUGSGESCHENK: Ob f\u00fcr den Einzug in eine neue Wohnung, ein neues Haus, zur Hauseinweihung oder zum Richtfest \u2013 die Gepp\u2019s Wundert\u00fcte w\u00fcnscht frisch Eingezogenen einen guten Start f\u00fcrs neue Zuhause &#8211; mit knusprigem Brot und leckeren Salzmischungen. BROT UND SALZ IN SCH\u00d6NSTER FORM: Die Wundert\u00fcte enth\u00e4lt unsere mediterrane Brotbackmischung f\u00fcr echtes italienisches Feeling auf [&hellip;]<\/p>\n","protected":false},"featured_media":8118,"comment_status":"open","ping_status":"closed","template":"","meta":[],"product_cat":[746,103,74,110,54,116,63,45,108,73,1118,280,426,431,293,292,300,302,70,297,299,295,294,64],"product_tag":[506],"class_list":{"0":"post-8116","1":"product","2":"type-product","3":"status-publish","4":"has-post-thumbnail","6":"product_cat--fit-fuer-den-fruehling","7":"product_cat-studenten","8":"product_cat-bester-freund","9":"product_cat-freund","10":"product_cat-vatertag","11":"product_cat-frauen","12":"product_cat-mutter","13":"product_cat-freundin","14":"product_cat-maenner","15":"product_cat-beste-freundin","16":"product_cat--freundin","17":"product_cat-geburtstagsgeschenke","18":"product_cat-nach-preis","19":"product_cat-unter-50-euro","20":"product_cat-geschenk-fuer-bruder","21":"product_cat-sohn","22":"product_cat--kollege","23":"product_cat--jungen","24":"product_cat-geschenke-fuer-jeden-anlass","25":"product_cat--maedchen","26":"product_cat--chef","27":"product_cat--tochter","28":"product_cat--schwester","29":"product_cat-vater","30":"product_tag-geschenkkorb","32":"first","33":"instock","34":"shipping-taxable","35":"product-type-external"},"_links":{"self":[{"href":"https:\/\/www.blogseite.com\/geschenke\/wp-json\/wp\/v2\/product\/8116"}],"collection":[{"href":"https:\/\/www.blogseite.com\/geschenke\/wp-json\/wp\/v2\/product"}],"about":[{"href":"https:\/\/www.blogseite.com\/geschenke\/wp-json\/wp\/v2\/types\/product"}],"replies":[{"embeddable":true,"href":"https:\/\/www.blogseite.com\/geschenke\/wp-json\/wp\/v2\/comments?post=8116"}],"wp:featuredmedia":[{"embeddable":true,"href":"https:\/\/www.blogseite.com\/geschenke\/wp-json\/wp\/v2\/media\/8118"}],"wp:attachment":[{"href":"https:\/\/www.blogseite.com\/geschenke\/wp-json\/wp\/v2\/media?parent=8116"}],"wp:term":[{"taxonomy":"product_cat","embeddable":true,"href":"https:\/\/www.blogseite.com\/geschenke\/wp-json\/wp\/v2\/product_cat?post=8116"},{"taxonomy":"product_tag","embeddable":true,"href":"https:\/\/www.blogseite.com\/geschenke\/wp-json\/wp\/v2\/product_tag?post=8116"}],"curies":[{"name":"wp","href":"https:\/\/api.w.org\/{rel}","templated":true}]}}