{"id":8106,"date":"2022-08-07T12:31:22","date_gmt":"2022-08-07T10:31:22","guid":{"rendered":"https:\/\/www.blogseite.com\/geschenke\/?post_type=product&#038;p=8106"},"modified":"2022-08-07T12:32:51","modified_gmt":"2022-08-07T10:32:51","slug":"geschenkkorb-fuer-pasta-liebhaber-%f0%9f%98%98","status":"publish","type":"product","link":"https:\/\/www.blogseite.com\/geschenke\/s\/geschenkkorb-fuer-pasta-liebhaber-%f0%9f%98%98\/","title":{"rendered":"Geschenkkorb f\u00fcr Pasta Liebhaber \ud83d\ude18"},"content":{"rendered":"<ul class=\"a-unordered-list a-vertical a-spacing-mini\">\n<li><span class=\"a-list-item\">ALLE LIEBEN PASTA: Ein herrliches Geschenk f\u00fcr Pasta-Liebhaber, f\u00fcr Familien und die WG-K\u00fcche! Zwei verschiedene Pasta-Spezialit\u00e4ten konkurrieren um den Preis der Lieblingsnudel: Die Trottole in Wei\u00df, Gr\u00fcn und Rot nehmen besonders viel Sauce auf. Die muschelf\u00f6rmigen Conchiglie erhalten ihre bunte Farbe durch die Zugabe von Gem\u00fcse. Beide Sorten sind in Italien nach traditionellem Rezept hausgemacht.<\/span><\/li>\n<li><span class=\"a-list-item\">FEINSTE PESTO: Probier dich durch die Pesto-Kreationen und Saucen: Das Pesto Mezzanotte (Mitternachtspesto) wird in Italien gern nach einer durchfeierten Nacht zubereitet. Fruchtig-scharfe sonnengetrocknete Tomaten, Knoblauch und Chili wecken die Lebensgeister. Unser Pesto B\u00e4rlauch wird mit hochwertigen \u00d6len, Gem\u00fcse und Kr\u00e4utern aus der Region verarbeitet. Der Sugo aus sonnengereiften Datteltomaten besticht mit fruchtiger S\u00fc\u00dfe und eignet sich auch f\u00fcr Pizzen.<\/span><\/li>\n<li><span class=\"a-list-item\">AUCH NUDELN KANN MAN W\u00dcRZEN: Mit leckeren Pasta-Gew\u00fcrzen l\u00e4sst sich alles, was das Herz begehrt, nach Belieben verfeinern. Mit dem Arrabiata-Gew\u00fcrz bringst du pikante Sch\u00e4rfe an dein Pastagericht, und mit dem Bruschetta-Dip gibst du dem Essen den klassischen Tomaten-Oregano-Kick. Eine ganze Welt mediterraner Aromen stecken in unserem Pastasalz: Da jubelt die Nudel.<\/span><\/li>\n<li><span class=\"a-list-item\">OHNE K\u00dcNSTLICHE ZUS\u00c4TZE: Unsere Produkte werden nach eigener Rezeptur mit befreundeten Manufakturen nach Roja Gepp\u2018s Reinheitsgebot hergestellt: ohne k\u00fcnstliche Zus\u00e4tze, Geschmacksverst\u00e4rker oder k\u00fcnstliche Aromen.<\/span><\/li>\n<li><span class=\"a-list-item\">GOURMET-GESCHENKE F\u00dcR JEDEN ANLASS: Unsere Geschenkideen und h\u00fcbsch verpackten Boxen sind ideal f\u00fcr alle m\u00f6glichen Anl\u00e4sse: Valentinstag, Jahrestag, Geburtstag oder andere Feierlichkeiten. Feinste Zutaten nach hauseigenen Rezepten geben unseren Produkten ihre au\u00dfergew\u00f6hnlichen Geschmacksnoten. Auch mit pers\u00f6nlichen Gr\u00fc\u00dfen!<\/span><\/li>\n<\/ul>\n","protected":false},"excerpt":{"rendered":"<p>ALLE LIEBEN PASTA: Ein herrliches Geschenk f\u00fcr Pasta-Liebhaber, f\u00fcr Familien und die WG-K\u00fcche! Zwei verschiedene Pasta-Spezialit\u00e4ten konkurrieren um den Preis der Lieblingsnudel: Die Trottole in Wei\u00df, Gr\u00fcn und Rot nehmen besonders viel Sauce auf. Die muschelf\u00f6rmigen Conchiglie erhalten ihre bunte Farbe durch die Zugabe von Gem\u00fcse. Beide Sorten sind in Italien nach traditionellem Rezept hausgemacht. [&hellip;]<\/p>\n","protected":false},"featured_media":8107,"comment_status":"open","ping_status":"closed","template":"","meta":[],"product_cat":[746,103,74,110,54,116,63,45,108,73,1118,280,426,431,293,292,300,302,70,297,299,295,294,64],"product_tag":[506],"class_list":{"0":"post-8106","1":"product","2":"type-product","3":"status-publish","4":"has-post-thumbnail","6":"product_cat--fit-fuer-den-fruehling","7":"product_cat-studenten","8":"product_cat-bester-freund","9":"product_cat-freund","10":"product_cat-vatertag","11":"product_cat-frauen","12":"product_cat-mutter","13":"product_cat-freundin","14":"product_cat-maenner","15":"product_cat-beste-freundin","16":"product_cat--freundin","17":"product_cat-geburtstagsgeschenke","18":"product_cat-nach-preis","19":"product_cat-unter-50-euro","20":"product_cat-geschenk-fuer-bruder","21":"product_cat-sohn","22":"product_cat--kollege","23":"product_cat--jungen","24":"product_cat-geschenke-fuer-jeden-anlass","25":"product_cat--maedchen","26":"product_cat--chef","27":"product_cat--tochter","28":"product_cat--schwester","29":"product_cat-vater","30":"product_tag-geschenkkorb","32":"first","33":"instock","34":"shipping-taxable","35":"product-type-external"},"_links":{"self":[{"href":"https:\/\/www.blogseite.com\/geschenke\/wp-json\/wp\/v2\/product\/8106"}],"collection":[{"href":"https:\/\/www.blogseite.com\/geschenke\/wp-json\/wp\/v2\/product"}],"about":[{"href":"https:\/\/www.blogseite.com\/geschenke\/wp-json\/wp\/v2\/types\/product"}],"replies":[{"embeddable":true,"href":"https:\/\/www.blogseite.com\/geschenke\/wp-json\/wp\/v2\/comments?post=8106"}],"wp:featuredmedia":[{"embeddable":true,"href":"https:\/\/www.blogseite.com\/geschenke\/wp-json\/wp\/v2\/media\/8107"}],"wp:attachment":[{"href":"https:\/\/www.blogseite.com\/geschenke\/wp-json\/wp\/v2\/media?parent=8106"}],"wp:term":[{"taxonomy":"product_cat","embeddable":true,"href":"https:\/\/www.blogseite.com\/geschenke\/wp-json\/wp\/v2\/product_cat?post=8106"},{"taxonomy":"product_tag","embeddable":true,"href":"https:\/\/www.blogseite.com\/geschenke\/wp-json\/wp\/v2\/product_tag?post=8106"}],"curies":[{"name":"wp","href":"https:\/\/api.w.org\/{rel}","templated":true}]}}