{"id":8097,"date":"2022-08-07T11:35:29","date_gmt":"2022-08-07T09:35:29","guid":{"rendered":"https:\/\/www.blogseite.com\/geschenke\/?post_type=product&#038;p=8097"},"modified":"2022-08-07T11:37:09","modified_gmt":"2022-08-07T09:37:09","slug":"little-italy-geschenkbox-kaufen-%e2%9d%a4%ef%b8%8f","status":"publish","type":"product","link":"https:\/\/www.blogseite.com\/geschenke\/s\/little-italy-geschenkbox-kaufen-%e2%9d%a4%ef%b8%8f\/","title":{"rendered":"Little Italy Geschenkbox kaufen \u2764\ufe0f"},"content":{"rendered":"<ul class=\"a-unordered-list a-vertical a-spacing-mini\">\n<li><span class=\"a-list-item\">TALIEN F\u00dcR ZUHAUSE: Eine exklusive Auswahl hochwertiger Produkte mit typisch italienischen Zutaten, hergestellt nach den Original-Rezepturen des Familienunternehmens Gepp\u2019s. Feine Gew\u00fcrze, italienische Pasta, ein klassisches Pesto und edles Oliven\u00f6l bringen Bella Italia in die K\u00fcche.<\/span><\/li>\n<li><span class=\"a-list-item\">DAS ERWARTET PASTA-LIEBHABER: Mediterranes Pesto Limone, hochwertiges Bio Oliven\u00f6l mit Edelkr\u00e4utern, italienische Bio Pasta Conchiglie &amp; raffiniertes Bio Don Oregano Gew\u00fcrz.<\/span><\/li>\n<li><span class=\"a-list-item\">FREI VON K\u00dcNSTLICHEN ZUS\u00c4TZEN: Unsere Produkte werden nach eigener Rezeptur mit befreundeten Manufakturen hergestellt und unterliegen dabei Roja Gepps Reinheitsgebot: frei von k\u00fcnstlichen Zus\u00e4tzen, Geschmacksverst\u00e4rkern oder k\u00fcnstlichen Aromen entstehen Spezialit\u00e4ten, die jeden Feinschmecker begeistern.<\/span><\/li>\n<li><span class=\"a-list-item\">ITALIENISCHER GENUSS NACH GEPP\u2019S ART: Diese k\u00f6stliche Geschenkbox italienischer Art enth\u00e4lt alle Zutaten f\u00fcr ein mediterranes Geschmackserlebnis: Damit zauberst du im Handumdrehen ein leckeres Pasta-Gericht der traditionellen, italienischen K\u00fcche.<\/span><\/li>\n<li><span class=\"a-list-item\">DELIKATESSEN GESCHENK: Unsere italienischen K\u00f6stlichkeiten sind das perfekte Geschenk f\u00fcr jeden Anlass. Ob zum Geburtstag, als Gastgeschenk oder als kleine Aufmerksamkeit zwischendurch.<\/span><\/li>\n<\/ul>\n","protected":false},"excerpt":{"rendered":"<p>TALIEN F\u00dcR ZUHAUSE: Eine exklusive Auswahl hochwertiger Produkte mit typisch italienischen Zutaten, hergestellt nach den Original-Rezepturen des Familienunternehmens Gepp\u2019s. Feine Gew\u00fcrze, italienische Pasta, ein klassisches Pesto und edles Oliven\u00f6l bringen Bella Italia in die K\u00fcche. DAS ERWARTET PASTA-LIEBHABER: Mediterranes Pesto Limone, hochwertiges Bio Oliven\u00f6l mit Edelkr\u00e4utern, italienische Bio Pasta Conchiglie &amp; raffiniertes Bio Don Oregano [&hellip;]<\/p>\n","protected":false},"featured_media":8098,"comment_status":"open","ping_status":"closed","template":"","meta":[],"product_cat":[746,103,74,110,54,116,63,45,108,73,1118,280,426,431,293,292,300,302,70,297,299,295,294,64],"product_tag":[506],"class_list":{"0":"post-8097","1":"product","2":"type-product","3":"status-publish","4":"has-post-thumbnail","6":"product_cat--fit-fuer-den-fruehling","7":"product_cat-studenten","8":"product_cat-bester-freund","9":"product_cat-freund","10":"product_cat-vatertag","11":"product_cat-frauen","12":"product_cat-mutter","13":"product_cat-freundin","14":"product_cat-maenner","15":"product_cat-beste-freundin","16":"product_cat--freundin","17":"product_cat-geburtstagsgeschenke","18":"product_cat-nach-preis","19":"product_cat-unter-50-euro","20":"product_cat-geschenk-fuer-bruder","21":"product_cat-sohn","22":"product_cat--kollege","23":"product_cat--jungen","24":"product_cat-geschenke-fuer-jeden-anlass","25":"product_cat--maedchen","26":"product_cat--chef","27":"product_cat--tochter","28":"product_cat--schwester","29":"product_cat-vater","30":"product_tag-geschenkkorb","32":"first","33":"instock","34":"shipping-taxable","35":"product-type-external"},"_links":{"self":[{"href":"https:\/\/www.blogseite.com\/geschenke\/wp-json\/wp\/v2\/product\/8097"}],"collection":[{"href":"https:\/\/www.blogseite.com\/geschenke\/wp-json\/wp\/v2\/product"}],"about":[{"href":"https:\/\/www.blogseite.com\/geschenke\/wp-json\/wp\/v2\/types\/product"}],"replies":[{"embeddable":true,"href":"https:\/\/www.blogseite.com\/geschenke\/wp-json\/wp\/v2\/comments?post=8097"}],"wp:featuredmedia":[{"embeddable":true,"href":"https:\/\/www.blogseite.com\/geschenke\/wp-json\/wp\/v2\/media\/8098"}],"wp:attachment":[{"href":"https:\/\/www.blogseite.com\/geschenke\/wp-json\/wp\/v2\/media?parent=8097"}],"wp:term":[{"taxonomy":"product_cat","embeddable":true,"href":"https:\/\/www.blogseite.com\/geschenke\/wp-json\/wp\/v2\/product_cat?post=8097"},{"taxonomy":"product_tag","embeddable":true,"href":"https:\/\/www.blogseite.com\/geschenke\/wp-json\/wp\/v2\/product_tag?post=8097"}],"curies":[{"name":"wp","href":"https:\/\/api.w.org\/{rel}","templated":true}]}}