{"id":8089,"date":"2022-08-07T11:22:08","date_gmt":"2022-08-07T09:22:08","guid":{"rendered":"https:\/\/www.blogseite.com\/geschenke\/?post_type=product&#038;p=8089"},"modified":"2022-08-07T11:23:49","modified_gmt":"2022-08-07T09:23:49","slug":"geschenkset-fuer-20-leckere-kakaos-kaufen-%f0%9f%98%8a","status":"publish","type":"product","link":"https:\/\/www.blogseite.com\/geschenke\/s\/geschenkset-fuer-20-leckere-kakaos-kaufen-%f0%9f%98%8a\/","title":{"rendered":"Geschenkset f\u00fcr 20 leckere Kakaos kaufen \ud83d\ude0a"},"content":{"rendered":"<ul class=\"a-unordered-list a-vertical a-spacing-mini\">\n<li><span class=\"a-list-item\">GESCHENKBOX: Dieses Kakao-Set im eleganten Design ist ein Must-have f\u00fcr die Weihnachtszeit &#8211; perfekt zum Verschenken oder selbst genie\u00dfen<\/span><\/li>\n<li><span class=\"a-list-item\">INHALT: Das Kakao-Geschenkset beinhaltet 20 hei\u00dfe Schokoladen-Mischungen in verschiedenen Geschmacksrichtungen<\/span><\/li>\n<li><span class=\"a-list-item\">EINFACH GENIE\u00dfEN: Den Inhalt eines P\u00e4ckchens in eine Tasse geben, mit hei\u00dfer Milch aufgie\u00dfen und aufl\u00f6sen lassen &#8211; Noch einmal umr\u00fchren und fertig ist ein fein-cremiger, hei\u00dfer Kakao!<\/span><\/li>\n<li><span class=\"a-list-item\">ENTSPANNUNG: Die s\u00fc\u00dfen hei\u00dfe Schokolade Mischungen laden zum Entspannen ein. Probiere jeden Abend eine neue einzigartige Geschmacksrichtung<\/span><\/li>\n<li><span class=\"a-list-item\">VERSCHENKEN: Das Geschenk-Set in der ansprechenden Geschenkverpackung ist bereit verschenkt zu werden. Einfach einpacken, Schleife drum, fertig!<\/span><\/li>\n<\/ul>\n","protected":false},"excerpt":{"rendered":"<p>GESCHENKBOX: Dieses Kakao-Set im eleganten Design ist ein Must-have f\u00fcr die Weihnachtszeit &#8211; perfekt zum Verschenken oder selbst genie\u00dfen INHALT: Das Kakao-Geschenkset beinhaltet 20 hei\u00dfe Schokoladen-Mischungen in verschiedenen Geschmacksrichtungen EINFACH GENIE\u00dfEN: Den Inhalt eines P\u00e4ckchens in eine Tasse geben, mit hei\u00dfer Milch aufgie\u00dfen und aufl\u00f6sen lassen &#8211; Noch einmal umr\u00fchren und fertig ist ein fein-cremiger, [&hellip;]<\/p>\n","protected":false},"featured_media":8090,"comment_status":"open","ping_status":"closed","template":"","meta":[],"product_cat":[746,103,74,110,54,116,63,45,108,73,1118,280,426,431,293,292,300,302,70,297,299,295,294,64],"product_tag":[507,875,858],"class_list":{"0":"post-8089","1":"product","2":"type-product","3":"status-publish","4":"has-post-thumbnail","6":"product_cat--fit-fuer-den-fruehling","7":"product_cat-studenten","8":"product_cat-bester-freund","9":"product_cat-freund","10":"product_cat-vatertag","11":"product_cat-frauen","12":"product_cat-mutter","13":"product_cat-freundin","14":"product_cat-maenner","15":"product_cat-beste-freundin","16":"product_cat--freundin","17":"product_cat-geburtstagsgeschenke","18":"product_cat-nach-preis","19":"product_cat-unter-50-euro","20":"product_cat-geschenk-fuer-bruder","21":"product_cat-sohn","22":"product_cat--kollege","23":"product_cat--jungen","24":"product_cat-geschenke-fuer-jeden-anlass","25":"product_cat--maedchen","26":"product_cat--chef","27":"product_cat--tochter","28":"product_cat--schwester","29":"product_cat-vater","30":"product_tag-geschenkset","31":"product_tag-geschenkset-frauen","32":"product_tag-tee","34":"first","35":"instock","36":"shipping-taxable","37":"product-type-external"},"_links":{"self":[{"href":"https:\/\/www.blogseite.com\/geschenke\/wp-json\/wp\/v2\/product\/8089"}],"collection":[{"href":"https:\/\/www.blogseite.com\/geschenke\/wp-json\/wp\/v2\/product"}],"about":[{"href":"https:\/\/www.blogseite.com\/geschenke\/wp-json\/wp\/v2\/types\/product"}],"replies":[{"embeddable":true,"href":"https:\/\/www.blogseite.com\/geschenke\/wp-json\/wp\/v2\/comments?post=8089"}],"wp:featuredmedia":[{"embeddable":true,"href":"https:\/\/www.blogseite.com\/geschenke\/wp-json\/wp\/v2\/media\/8090"}],"wp:attachment":[{"href":"https:\/\/www.blogseite.com\/geschenke\/wp-json\/wp\/v2\/media?parent=8089"}],"wp:term":[{"taxonomy":"product_cat","embeddable":true,"href":"https:\/\/www.blogseite.com\/geschenke\/wp-json\/wp\/v2\/product_cat?post=8089"},{"taxonomy":"product_tag","embeddable":true,"href":"https:\/\/www.blogseite.com\/geschenke\/wp-json\/wp\/v2\/product_tag?post=8089"}],"curies":[{"name":"wp","href":"https:\/\/api.w.org\/{rel}","templated":true}]}}