{"id":8087,"date":"2022-08-07T11:18:00","date_gmt":"2022-08-07T09:18:00","guid":{"rendered":"https:\/\/www.blogseite.com\/geschenke\/?post_type=product&#038;p=8087"},"modified":"2022-08-07T11:19:49","modified_gmt":"2022-08-07T09:19:49","slug":"vahdam-tee-sortiment-zum-geburtstag-kaufen-%f0%9f%98%98","status":"publish","type":"product","link":"https:\/\/www.blogseite.com\/geschenke\/s\/vahdam-tee-sortiment-zum-geburtstag-kaufen-%f0%9f%98%98\/","title":{"rendered":"VAHDAM, Tee Sortiment zum Geburtstag kaufen \ud83d\ude18"},"content":{"rendered":"<ul class=\"a-unordered-list a-vertical a-spacing-mini\">\n<li><span class=\"a-list-item\">\u2615\ufe0f EIN SCH\u00d6NES GESCHENKSET \u2013 Ein exklusives Geschenk mit 24 Tees, gef\u00fcllt mit preisgekr\u00f6nten Tees und pr\u00e4sentiert in einem luxuri\u00f6sen Teeproben-Geschenkset.<\/span><\/li>\n<li><span class=\"a-list-item\">BESONDERES GESCHENK F\u00dcR DIE MUTTER Schenken Sie Ihren M\u00fcttern zum Muttertag Wellness und gute Gesundheit! Ein luxuri\u00f6ses Tee Geschenkset mit der G\u00fcte frischer Tees, die mit echten Zutaten gemischt sind! Ein Geschenk zum Muttertag, das auf subtile Weise sagt: &#8220;Ich sorge mich&#8221;.<\/span><\/li>\n<li><span class=\"a-list-item\">AUSGEW\u00c4HLTE TEEGESCHENKMARKE &#8211; Vahdam-Tees wurden von Forbes, PopSugar, GMA, O Magazine, Reader&#8217;s Digest, USA Today usw. in ihren Geschenkhandb\u00fcchern f\u00fcr die Feiertage 2019 vorgestellt. Vahdam Teas ist der Gewinner des prestigetr\u00e4chtigen SOFI-Preises 2018 und 2019. Au\u00dferdem gewann er 6 Auszeichnungen bei den Welt-Tee-Meisterschaften 2019.<\/span><\/li>\n<li><span class=\"a-list-item\">\ud83c\udfc6 EINE MARKE MIT MILLIARDEN TR\u00c4UMEN &#8211; Vahdam Teas wurde in Indien von einem 26-j\u00e4hrigen Teeunternehmer in der 4. Generation gegr\u00fcndet und ist eine preisgekr\u00f6nte, vertikal integrierte Teemarke, die die frischesten Teebl\u00e4tter der Welt in \u00fcber 85 L\u00e4nder liefert direkt aus Indiens edelsten Teeg\u00e4rten. Die Teeindustrie ist einer der gr\u00f6\u00dften Arbeitgeber f\u00fcr Handarbeit in Indien. Eine erfolgreiche Marke aus eigenem Anbau st\u00e4rkt langfristig Millionen dieser Teearbeiter.<\/span><\/li>\n<li><span class=\"a-list-item\">\ud83c\udf0e 1% f\u00fcr BILDUNG \u00fcber TEAch Me &#8211; Unser innovatives Lieferkettenmodell stellt sicher, dass Sie die frischeste Tasse Tee erhalten und unsere Landwirte einen besseren Preis f\u00fcr ihre Produkte erhalten. Zus\u00e4tzlich flie\u00dft 1% unseres Umsatzes in die Ausbildung der Kinder unserer Teebauern. Unsere Landwirte w\u00fcnschen sich wie alle anderen Elternteile, dass ihre Nachkommen ein besseres Leben haben als sie. Wir bei Vahdam Teas m\u00f6chten mit unserer sozialen Initiative, TEAch Me, einfach diesem Anspruch gere<\/span><\/li>\n<\/ul>\n","protected":false},"excerpt":{"rendered":"<p>\u2615\ufe0f EIN SCH\u00d6NES GESCHENKSET \u2013 Ein exklusives Geschenk mit 24 Tees, gef\u00fcllt mit preisgekr\u00f6nten Tees und pr\u00e4sentiert in einem luxuri\u00f6sen Teeproben-Geschenkset. BESONDERES GESCHENK F\u00dcR DIE MUTTER Schenken Sie Ihren M\u00fcttern zum Muttertag Wellness und gute Gesundheit! Ein luxuri\u00f6ses Tee Geschenkset mit der G\u00fcte frischer Tees, die mit echten Zutaten gemischt sind! Ein Geschenk zum Muttertag, [&hellip;]<\/p>\n","protected":false},"featured_media":8088,"comment_status":"open","ping_status":"closed","template":"","meta":[],"product_cat":[746,103,74,110,54,116,63,45,108,73,1118,280,426,431,293,292,300,302,70,297,299,295,294,64],"product_tag":[507,875,858],"class_list":{"0":"post-8087","1":"product","2":"type-product","3":"status-publish","4":"has-post-thumbnail","6":"product_cat--fit-fuer-den-fruehling","7":"product_cat-studenten","8":"product_cat-bester-freund","9":"product_cat-freund","10":"product_cat-vatertag","11":"product_cat-frauen","12":"product_cat-mutter","13":"product_cat-freundin","14":"product_cat-maenner","15":"product_cat-beste-freundin","16":"product_cat--freundin","17":"product_cat-geburtstagsgeschenke","18":"product_cat-nach-preis","19":"product_cat-unter-50-euro","20":"product_cat-geschenk-fuer-bruder","21":"product_cat-sohn","22":"product_cat--kollege","23":"product_cat--jungen","24":"product_cat-geschenke-fuer-jeden-anlass","25":"product_cat--maedchen","26":"product_cat--chef","27":"product_cat--tochter","28":"product_cat--schwester","29":"product_cat-vater","30":"product_tag-geschenkset","31":"product_tag-geschenkset-frauen","32":"product_tag-tee","34":"first","35":"instock","36":"shipping-taxable","37":"product-type-external"},"_links":{"self":[{"href":"https:\/\/www.blogseite.com\/geschenke\/wp-json\/wp\/v2\/product\/8087"}],"collection":[{"href":"https:\/\/www.blogseite.com\/geschenke\/wp-json\/wp\/v2\/product"}],"about":[{"href":"https:\/\/www.blogseite.com\/geschenke\/wp-json\/wp\/v2\/types\/product"}],"replies":[{"embeddable":true,"href":"https:\/\/www.blogseite.com\/geschenke\/wp-json\/wp\/v2\/comments?post=8087"}],"wp:featuredmedia":[{"embeddable":true,"href":"https:\/\/www.blogseite.com\/geschenke\/wp-json\/wp\/v2\/media\/8088"}],"wp:attachment":[{"href":"https:\/\/www.blogseite.com\/geschenke\/wp-json\/wp\/v2\/media?parent=8087"}],"wp:term":[{"taxonomy":"product_cat","embeddable":true,"href":"https:\/\/www.blogseite.com\/geschenke\/wp-json\/wp\/v2\/product_cat?post=8087"},{"taxonomy":"product_tag","embeddable":true,"href":"https:\/\/www.blogseite.com\/geschenke\/wp-json\/wp\/v2\/product_tag?post=8087"}],"curies":[{"name":"wp","href":"https:\/\/api.w.org\/{rel}","templated":true}]}}